{"id":6981,"date":"2026-04-02T15:33:16","date_gmt":"2026-04-02T13:33:16","guid":{"rendered":"https:\/\/europnet.eu\/?post_type=product&#038;p=6981"},"modified":"2026-04-02T15:30:10","modified_gmt":"2026-04-02T13:30:10","slug":"battenfeld-hm-6500-5400","status":"publish","type":"product","link":"https:\/\/europnet.eu\/uk\/produkt\/battenfeld-hm-6500-5400\/","title":{"rendered":"Battenfeld HM 6500\/5400"},"content":{"rendered":"<p>&#8211; 2x hydraulischer Kern<br \/>\n&#8211; Maschinenk\u00fchler mit erh\u00f6hter K\u00fchlleistung<br \/>\n&#8211; 2x Pneumatikventil<br \/>\n&#8211; Verl\u00e4ngerter Auswerferweg<\/p>\n","protected":false},"excerpt":{"rendered":"<p>&#8211; 2x hydraulischer Kern &#8211; Maschinenk\u00fchler mit erh\u00f6hter K\u00fchlleistung &#8211; 2x Pneumatikventil &#8211; Verl\u00e4ngerter Auswerferweg<\/p>\n","protected":false},"featured_media":4581,"comment_status":"open","ping_status":"closed","template":"","meta":{"_acf_changed":false},"product_cat":[36],"product_tag":[],"class_list":{"0":"post-6981","1":"product","2":"type-product","3":"status-publish","4":"has-post-thumbnail","6":"product_cat-spritzgiessmaschinen","8":"first","9":"instock","10":"taxable","11":"shipping-taxable","12":"product-type-simple"},"acf":{"injection_unit":"...\/5400","screw_diameter":"100","injection_pressure":"1612","injection_volume":"3338","shot_capacity":"","hydraulic_drive_power":"","cylinder_heating_capacity":"","ld_ratio":"","clamping_unit":"6500\/...","clamping_force":650,"plate_size":"1400 x 1400","distance_tie_bars":"1000 x 1000","ejection_force":"","mould_height":"500...1200","opening_stroke":"1700","max_plate_spacing":"2200","ejector_stroke":"300","total_power_consumption":"","oil_filling":"","electronical_connection":"","weight":"30.000\/10.000","machine_dimensions":"","construction_year":"2002","control":"Unilog B4","marketing_status":"available"},"yoast_head":"<!-- This site is optimized with the Yoast SEO Premium plugin v23.6 (Yoast SEO v23.6) - https:\/\/yoast.com\/wordpress\/plugins\/seo\/ -->\n<title>Battenfeld HM 6500\/5400 - Europnet<\/title>\n<meta name=\"robots\" content=\"index, follow, max-snippet:-1, max-image-preview:large, max-video-preview:-1\" \/>\n<link rel=\"canonical\" href=\"https:\/\/europnet.eu\/uk\/produkt\/battenfeld-hm-6500-5400\/\" \/>\n<meta property=\"og:locale\" content=\"uk_UA\" \/>\n<meta property=\"og:type\" content=\"article\" \/>\n<meta property=\"og:title\" content=\"Battenfeld HM 6500\/5400\" \/>\n<meta property=\"og:description\" content=\"&#8211; 2x hydraulischer Kern &#8211; Maschinenk\u00fchler mit erh\u00f6hter K\u00fchlleistung &#8211; 2x Pneumatikventil &#8211; Verl\u00e4ngerter Auswerferweg\" \/>\n<meta property=\"og:url\" content=\"https:\/\/europnet.eu\/uk\/produkt\/battenfeld-hm-6500-5400\/\" \/>\n<meta property=\"og:site_name\" content=\"Europnet\" \/>\n<meta property=\"article:publisher\" content=\"https:\/\/www.facebook.com\/europnet.imm\" \/>\n<meta property=\"article:modified_time\" content=\"2026-04-02T13:30:10+00:00\" \/>\n<meta property=\"og:image\" content=\"https:\/\/europnet.eu\/wp-content\/uploads\/2025\/08\/klein.png\" \/>\n\t<meta property=\"og:image:width\" content=\"900\" \/>\n\t<meta property=\"og:image:height\" content=\"558\" \/>\n\t<meta property=\"og:image:type\" content=\"image\/png\" \/>\n<meta name=\"twitter:card\" content=\"summary_large_image\" \/>\n<meta name=\"twitter:label1\" content=\"\u041f\u0440\u0438\u0431\u043b. \u0447\u0430\u0441 \u0447\u0438\u0442\u0430\u043d\u043d\u044f\" \/>\n\t<meta name=\"twitter:data1\" content=\"1 \u0445\u0432\u0438\u043b\u0438\u043d\u0430\" \/>\n<script type=\"application\/ld+json\" class=\"yoast-schema-graph\">{\"@context\":\"https:\/\/schema.org\",\"@graph\":[{\"@type\":\"WebPage\",\"@id\":\"https:\/\/europnet.eu\/uk\/produkt\/battenfeld-hm-6500-5400\/\",\"url\":\"https:\/\/europnet.eu\/uk\/produkt\/battenfeld-hm-6500-5400\/\",\"name\":\"Battenfeld HM 6500\/5400 - Europnet\",\"isPartOf\":{\"@id\":\"https:\/\/europnet.eu\/uk\/#website\"},\"primaryImageOfPage\":{\"@id\":\"https:\/\/europnet.eu\/uk\/produkt\/battenfeld-hm-6500-5400\/#primaryimage\"},\"image\":{\"@id\":\"https:\/\/europnet.eu\/uk\/produkt\/battenfeld-hm-6500-5400\/#primaryimage\"},\"thumbnailUrl\":\"https:\/\/europnet.eu\/wp-content\/uploads\/2025\/08\/klein.png\",\"datePublished\":\"2026-04-02T13:33:16+00:00\",\"dateModified\":\"2026-04-02T13:30:10+00:00\",\"breadcrumb\":{\"@id\":\"https:\/\/europnet.eu\/uk\/produkt\/battenfeld-hm-6500-5400\/#breadcrumb\"},\"inLanguage\":\"uk\",\"potentialAction\":[{\"@type\":\"ReadAction\",\"target\":[\"https:\/\/europnet.eu\/uk\/produkt\/battenfeld-hm-6500-5400\/\"]}]},{\"@type\":\"ImageObject\",\"inLanguage\":\"uk\",\"@id\":\"https:\/\/europnet.eu\/uk\/produkt\/battenfeld-hm-6500-5400\/#primaryimage\",\"url\":\"https:\/\/europnet.eu\/wp-content\/uploads\/2025\/08\/klein.png\",\"contentUrl\":\"https:\/\/europnet.eu\/wp-content\/uploads\/2025\/08\/klein.png\",\"width\":900,\"height\":558,\"caption\":\"Battenfeld HM 6500\/5400 von Europnet\"},{\"@type\":\"BreadcrumbList\",\"@id\":\"https:\/\/europnet.eu\/uk\/produkt\/battenfeld-hm-6500-5400\/#breadcrumb\",\"itemListElement\":[{\"@type\":\"ListItem\",\"position\":1,\"name\":\"Home\",\"item\":\"https:\/\/europnet.eu\/uk\/\"},{\"@type\":\"ListItem\",\"position\":2,\"name\":\"Shop\",\"item\":\"https:\/\/europnet.eu\/uk\/shop\/\"},{\"@type\":\"ListItem\",\"position\":3,\"name\":\"Battenfeld HM 6500\/5400\"}]},{\"@type\":\"WebSite\",\"@id\":\"https:\/\/europnet.eu\/uk\/#website\",\"url\":\"https:\/\/europnet.eu\/uk\/\",\"name\":\"Europnet\",\"description\":\"\",\"publisher\":{\"@id\":\"https:\/\/europnet.eu\/uk\/#organization\"},\"potentialAction\":[{\"@type\":\"SearchAction\",\"target\":{\"@type\":\"EntryPoint\",\"urlTemplate\":\"https:\/\/europnet.eu\/uk\/?s={search_term_string}\"},\"query-input\":{\"@type\":\"PropertyValueSpecification\",\"valueRequired\":true,\"valueName\":\"search_term_string\"}}],\"inLanguage\":\"uk\"},{\"@type\":\"Organization\",\"@id\":\"https:\/\/europnet.eu\/uk\/#organization\",\"name\":\"Europnet\",\"url\":\"https:\/\/europnet.eu\/uk\/\",\"logo\":{\"@type\":\"ImageObject\",\"inLanguage\":\"uk\",\"@id\":\"https:\/\/europnet.eu\/uk\/#\/schema\/logo\/image\/\",\"url\":\"https:\/\/europnet.eu\/wp-content\/uploads\/2024\/01\/logo.webp\",\"contentUrl\":\"https:\/\/europnet.eu\/wp-content\/uploads\/2024\/01\/logo.webp\",\"width\":1600,\"height\":294,\"caption\":\"Europnet\"},\"image\":{\"@id\":\"https:\/\/europnet.eu\/uk\/#\/schema\/logo\/image\/\"},\"sameAs\":[\"https:\/\/www.facebook.com\/europnet.imm\",\"https:\/\/www.instagram.com\/europnet.imm\/\"]}]}<\/script>\n<!-- \/ Yoast SEO Premium plugin. -->","yoast_head_json":{"title":"Battenfeld HM 6500\/5400 - Europnet","robots":{"index":"index","follow":"follow","max-snippet":"max-snippet:-1","max-image-preview":"max-image-preview:large","max-video-preview":"max-video-preview:-1"},"canonical":"https:\/\/europnet.eu\/uk\/produkt\/battenfeld-hm-6500-5400\/","og_locale":"uk_UA","og_type":"article","og_title":"Battenfeld HM 6500\/5400","og_description":"&#8211; 2x hydraulischer Kern &#8211; Maschinenk\u00fchler mit erh\u00f6hter K\u00fchlleistung &#8211; 2x Pneumatikventil &#8211; Verl\u00e4ngerter Auswerferweg","og_url":"https:\/\/europnet.eu\/uk\/produkt\/battenfeld-hm-6500-5400\/","og_site_name":"Europnet","article_publisher":"https:\/\/www.facebook.com\/europnet.imm","article_modified_time":"2026-04-02T13:30:10+00:00","og_image":[{"width":900,"height":558,"url":"https:\/\/europnet.eu\/wp-content\/uploads\/2025\/08\/klein.png","type":"image\/png"}],"twitter_card":"summary_large_image","twitter_misc":{"\u041f\u0440\u0438\u0431\u043b. \u0447\u0430\u0441 \u0447\u0438\u0442\u0430\u043d\u043d\u044f":"1 \u0445\u0432\u0438\u043b\u0438\u043d\u0430"},"schema":{"@context":"https:\/\/schema.org","@graph":[{"@type":"WebPage","@id":"https:\/\/europnet.eu\/uk\/produkt\/battenfeld-hm-6500-5400\/","url":"https:\/\/europnet.eu\/uk\/produkt\/battenfeld-hm-6500-5400\/","name":"Battenfeld HM 6500\/5400 - Europnet","isPartOf":{"@id":"https:\/\/europnet.eu\/uk\/#website"},"primaryImageOfPage":{"@id":"https:\/\/europnet.eu\/uk\/produkt\/battenfeld-hm-6500-5400\/#primaryimage"},"image":{"@id":"https:\/\/europnet.eu\/uk\/produkt\/battenfeld-hm-6500-5400\/#primaryimage"},"thumbnailUrl":"https:\/\/europnet.eu\/wp-content\/uploads\/2025\/08\/klein.png","datePublished":"2026-04-02T13:33:16+00:00","dateModified":"2026-04-02T13:30:10+00:00","breadcrumb":{"@id":"https:\/\/europnet.eu\/uk\/produkt\/battenfeld-hm-6500-5400\/#breadcrumb"},"inLanguage":"uk","potentialAction":[{"@type":"ReadAction","target":["https:\/\/europnet.eu\/uk\/produkt\/battenfeld-hm-6500-5400\/"]}]},{"@type":"ImageObject","inLanguage":"uk","@id":"https:\/\/europnet.eu\/uk\/produkt\/battenfeld-hm-6500-5400\/#primaryimage","url":"https:\/\/europnet.eu\/wp-content\/uploads\/2025\/08\/klein.png","contentUrl":"https:\/\/europnet.eu\/wp-content\/uploads\/2025\/08\/klein.png","width":900,"height":558,"caption":"Battenfeld HM 6500\/5400 von Europnet"},{"@type":"BreadcrumbList","@id":"https:\/\/europnet.eu\/uk\/produkt\/battenfeld-hm-6500-5400\/#breadcrumb","itemListElement":[{"@type":"ListItem","position":1,"name":"Home","item":"https:\/\/europnet.eu\/uk\/"},{"@type":"ListItem","position":2,"name":"Shop","item":"https:\/\/europnet.eu\/uk\/shop\/"},{"@type":"ListItem","position":3,"name":"Battenfeld HM 6500\/5400"}]},{"@type":"WebSite","@id":"https:\/\/europnet.eu\/uk\/#website","url":"https:\/\/europnet.eu\/uk\/","name":"Europnet","description":"","publisher":{"@id":"https:\/\/europnet.eu\/uk\/#organization"},"potentialAction":[{"@type":"SearchAction","target":{"@type":"EntryPoint","urlTemplate":"https:\/\/europnet.eu\/uk\/?s={search_term_string}"},"query-input":{"@type":"PropertyValueSpecification","valueRequired":true,"valueName":"search_term_string"}}],"inLanguage":"uk"},{"@type":"Organization","@id":"https:\/\/europnet.eu\/uk\/#organization","name":"Europnet","url":"https:\/\/europnet.eu\/uk\/","logo":{"@type":"ImageObject","inLanguage":"uk","@id":"https:\/\/europnet.eu\/uk\/#\/schema\/logo\/image\/","url":"https:\/\/europnet.eu\/wp-content\/uploads\/2024\/01\/logo.webp","contentUrl":"https:\/\/europnet.eu\/wp-content\/uploads\/2024\/01\/logo.webp","width":1600,"height":294,"caption":"Europnet"},"image":{"@id":"https:\/\/europnet.eu\/uk\/#\/schema\/logo\/image\/"},"sameAs":["https:\/\/www.facebook.com\/europnet.imm","https:\/\/www.instagram.com\/europnet.imm\/"]}]}},"_links":{"self":[{"href":"https:\/\/europnet.eu\/uk\/wp-json\/wp\/v2\/product\/6981","targetHints":{"allow":["GET"]}}],"collection":[{"href":"https:\/\/europnet.eu\/uk\/wp-json\/wp\/v2\/product"}],"about":[{"href":"https:\/\/europnet.eu\/uk\/wp-json\/wp\/v2\/types\/product"}],"replies":[{"embeddable":true,"href":"https:\/\/europnet.eu\/uk\/wp-json\/wp\/v2\/comments?post=6981"}],"wp:featuredmedia":[{"embeddable":true,"href":"https:\/\/europnet.eu\/uk\/wp-json\/wp\/v2\/media\/4581"}],"wp:attachment":[{"href":"https:\/\/europnet.eu\/uk\/wp-json\/wp\/v2\/media?parent=6981"}],"wp:term":[{"taxonomy":"product_cat","embeddable":true,"href":"https:\/\/europnet.eu\/uk\/wp-json\/wp\/v2\/product_cat?post=6981"},{"taxonomy":"product_tag","embeddable":true,"href":"https:\/\/europnet.eu\/uk\/wp-json\/wp\/v2\/product_tag?post=6981"}],"curies":[{"name":"wp","href":"https:\/\/api.w.org\/{rel}","templated":true}]}}