{"id":6920,"date":"2026-03-10T11:57:03","date_gmt":"2026-03-10T10:57:03","guid":{"rendered":"https:\/\/europnet.eu\/?post_type=product&#038;p=6920"},"modified":"2026-03-10T11:57:04","modified_gmt":"2026-03-10T10:57:04","slug":"haitian-jupiter-iii-6500-4630","status":"publish","type":"product","link":"https:\/\/europnet.eu\/uk\/produkt\/haitian-jupiter-iii-6500-4630\/","title":{"rendered":"Haitian Jupiter III-6500\/4630"},"content":{"rendered":"<p data-start=\"0\" data-end=\"18\"><strong data-start=\"0\" data-end=\"18\">Schlie\u00dfeinheit<\/strong><\/p>\n<p data-start=\"20\" data-end=\"857\">Zwei-Platten-Technologie \u2013 hydraulische Schlie\u00dfkraft<br data-start=\"72\" data-end=\"75\" \/>Schnelle Werkzeugbewegung durch zwei diagonale Zylinder<br data-start=\"130\" data-end=\"133\" \/>Werkzeugschutzfunktion<br data-start=\"155\" data-end=\"158\" \/>Linearf\u00fchrung f\u00fcr BWAP (MAIII PLUS, MA-F)<br data-start=\"199\" data-end=\"202\" \/>Satz Spr\u00fchd\u00fcsen<br data-start=\"217\" data-end=\"220\" \/>Schlie\u00dfen und \u00d6ffnen der Form (max. 5-stufig, min. 3-stufig)<br data-start=\"280\" data-end=\"283\" \/>Werkzeugh\u00f6henbegrenzung \u00fcber Grenzwertgeber<br data-start=\"326\" data-end=\"329\" \/>Aufspannplatten nach Euromap-Standard<br data-start=\"366\" data-end=\"369\" \/>R\u00fcckstellfunktion f\u00fcr Auswerfer<br data-start=\"400\" data-end=\"403\" \/>Anzeige der Auswerferposition<br data-start=\"432\" data-end=\"435\" \/>Einstellbare Auswerfer-Nullstellung<br data-start=\"470\" data-end=\"473\" \/>Auswerferverz\u00f6gerung<br data-start=\"493\" data-end=\"496\" \/>Auswerferdeaktivierung<br data-start=\"518\" data-end=\"521\" \/>2-stufiger Auswerfer<br data-start=\"541\" data-end=\"544\" \/>Auswerferhaltefunktion vorw\u00e4rts<br data-start=\"575\" data-end=\"578\" \/>2-stufige Geschwindigkeits- und Druckeinstellung des Auswerfers (vorw\u00e4rts und r\u00fcckw\u00e4rts)<br data-start=\"666\" data-end=\"669\" \/>Schnellkupplung f\u00fcr Auswerfer im europ\u00e4ischen Design<br data-start=\"721\" data-end=\"724\" \/>Roboter-Schnittstelle gem\u00e4\u00df Euromap 18<br data-start=\"762\" data-end=\"765\" \/>Zentralschmierung<br data-start=\"782\" data-end=\"785\" \/>Fotosensor f\u00fcr Teileauswurfschacht (bis 1900 kN)<br data-start=\"833\" data-end=\"836\" \/>K\u00fchlwasserverteiler<\/p>\n<hr data-start=\"859\" data-end=\"862\" \/>\n<p data-start=\"864\" data-end=\"881\"><strong data-start=\"864\" data-end=\"881\">Spritzeinheit<\/strong><\/p>\n<p data-start=\"883\" data-end=\"1720\">Standardd\u00fcse im Lieferumfang enthalten<br data-start=\"921\" data-end=\"924\" \/>D\u00fcsenschutzvorrichtung<br data-start=\"946\" data-end=\"949\" \/>6-stufig einstellbare Einspritzgeschwindigkeit (min. 1 Stufe, max. 6 Stufen)<br data-start=\"1025\" data-end=\"1028\" \/>6-stufiger Nachdruck<br data-start=\"1048\" data-end=\"1051\" \/>5-stufige Schneckendrehzahl<br data-start=\"1078\" data-end=\"1081\" \/>5-stufiger Staudruck<br data-start=\"1101\" data-end=\"1104\" \/>Genauigkeit der Schneckenpositionsanzeige: 0,1 mm<br data-start=\"1153\" data-end=\"1156\" \/>Genauigkeit der Schneckengeschwindigkeitsanzeige: 1 mm\/s<br data-start=\"1212\" data-end=\"1215\" \/>Genauigkeit der Einspritzdruckanzeige: 1 bar<br data-start=\"1259\" data-end=\"1262\" \/>Genauigkeit der Zeitmessung: 0,1 s<br data-start=\"1296\" data-end=\"1299\" \/>Einspritzverz\u00f6gerung<br data-start=\"1319\" data-end=\"1322\" \/>Dosierverz\u00f6gerung<br data-start=\"1339\" data-end=\"1342\" \/>Automatische Zylindersp\u00fclung<br data-start=\"1370\" data-end=\"1373\" \/>Zylindertemperaturregelung (PID \/ proportional \/ aus)<br data-start=\"1426\" data-end=\"1429\" \/>Keramische Heizb\u00e4nder mit K-Typ Thermof\u00fchler<br data-start=\"1473\" data-end=\"1476\" \/>Zylindertemperaturregelung<br data-start=\"1502\" data-end=\"1505\" \/>Startverz\u00f6gerung bis zum Erreichen der Zylindertemperatur<br data-start=\"1562\" data-end=\"1565\" \/>Selbstjustierende Regelung der Zylindertemperatur<br data-start=\"1614\" data-end=\"1617\" \/>Programmierbarer Nachdruck<br data-start=\"1643\" data-end=\"1646\" \/>Einstellbare D\u00fcsenandruckkraft<br data-start=\"1676\" data-end=\"1679\" \/>Einstellbare D\u00fcsenposition zur Formlage<\/p>\n<hr data-start=\"1722\" data-end=\"1725\" \/>\n<p data-start=\"1727\" data-end=\"1767\"><strong data-start=\"1727\" data-end=\"1767\">Elektronische Steuerung und Software<\/strong><\/p>\n<p data-start=\"1769\" data-end=\"2212\" data-is-last-node=\"\" data-is-only-node=\"\">USB-Schnittstelle f\u00fcr Datenaustausch<br data-start=\"1805\" data-end=\"1808\" \/>CF-Karte f\u00fcr mehr als 100 Werkzeugdatens\u00e4tze<br data-start=\"1852\" data-end=\"1855\" \/>Anzeige von Ein- und Ausg\u00e4ngen auf dem Bildschirm<br data-start=\"1904\" data-end=\"1907\" \/>Service-Alarm<br data-start=\"1920\" data-end=\"1923\" \/>Schutzfunktion \u00fcber Hauptschalter<br data-start=\"1956\" data-end=\"1959\" \/>Alle elektrischen Komponenten gem\u00e4\u00df CE<br data-start=\"1997\" data-end=\"2000\" \/>Dreiphasiger Anschluss (3 \u00d7 400 V \/ 16 A)<br data-start=\"2041\" data-end=\"2044\" \/>Not-Aus-Schalter<br data-start=\"2060\" data-end=\"2063\" \/>Nebenstromfilter von 3R<br data-start=\"2086\" data-end=\"2089\" \/>Hydraulische Komponenten von Rexroth oder Vickers<br data-start=\"2138\" data-end=\"2141\" \/>Hydraulisches Sicherheitsventil<br data-start=\"2172\" data-end=\"2175\" \/>Sicherheitsnorm EN 201<br data-start=\"2197\" data-end=\"2200\" \/>CE-Erkl\u00e4rung<\/p>\n","protected":false},"excerpt":{"rendered":"<p>Schlie\u00dfeinheit Zwei-Platten-Technologie \u2013 hydraulische Schlie\u00dfkraftSchnelle Werkzeugbewegung durch zwei diagonale ZylinderWerkzeugschutzfunktionLinearf\u00fchrung f\u00fcr BWAP (MAIII PLUS, MA-F)Satz Spr\u00fchd\u00fcsenSchlie\u00dfen und \u00d6ffnen der Form (max. 5-stufig, min. 3-stufig)Werkzeugh\u00f6henbegrenzung \u00fcber GrenzwertgeberAufspannplatten nach Euromap-StandardR\u00fcckstellfunktion f\u00fcr AuswerferAnzeige der AuswerferpositionEinstellbare Auswerfer-NullstellungAuswerferverz\u00f6gerungAuswerferdeaktivierung2-stufiger AuswerferAuswerferhaltefunktion vorw\u00e4rts2-stufige Geschwindigkeits- und Druckeinstellung des Auswerfers (vorw\u00e4rts und r\u00fcckw\u00e4rts)Schnellkupplung f\u00fcr Auswerfer im europ\u00e4ischen DesignRoboter-Schnittstelle gem\u00e4\u00df Euromap 18ZentralschmierungFotosensor f\u00fcr Teileauswurfschacht (bis 1900 [&hellip;]<\/p>\n","protected":false},"featured_media":0,"comment_status":"open","ping_status":"closed","template":"","meta":{"_acf_changed":false},"product_cat":[36],"product_tag":[],"class_list":{"0":"post-6920","1":"product","2":"type-product","3":"status-publish","5":"product_cat-spritzgiessmaschinen","7":"first","8":"instock","9":"taxable","10":"shipping-taxable","11":"product-type-simple"},"acf":{"injection_unit":"...\/4630","screw_diameter":"80","injection_pressure":"2090","injection_volume":"2212","shot_capacity":"","hydraulic_drive_power":"113","cylinder_heating_capacity":"","ld_ratio":"22","clamping_unit":"6500\/...","clamping_force":650,"plate_size":"","distance_tie_bars":"1040 x 910","ejection_force":"110","mould_height":"400","opening_stroke":"950","max_plate_spacing":"1350","ejector_stroke":"250","total_power_consumption":"","oil_filling":"","electronical_connection":"","weight":"27000","machine_dimensions":"","construction_year":"2024","control":"KEBA 2985","marketing_status":"available"},"yoast_head":"<!-- This site is optimized with the Yoast SEO Premium plugin v23.6 (Yoast SEO v23.6) - https:\/\/yoast.com\/wordpress\/plugins\/seo\/ -->\n<title>Haitian Jupiter III-6500\/4630 - Europnet<\/title>\n<meta name=\"robots\" content=\"index, follow, max-snippet:-1, max-image-preview:large, max-video-preview:-1\" \/>\n<link rel=\"canonical\" href=\"https:\/\/europnet.eu\/uk\/produkt\/haitian-jupiter-iii-6500-4630\/\" \/>\n<meta property=\"og:locale\" content=\"uk_UA\" \/>\n<meta property=\"og:type\" content=\"article\" \/>\n<meta property=\"og:title\" content=\"Haitian Jupiter III-6500\/4630\" \/>\n<meta property=\"og:description\" content=\"Schlie\u00dfeinheit Zwei-Platten-Technologie \u2013 hydraulische Schlie\u00dfkraftSchnelle Werkzeugbewegung durch zwei diagonale ZylinderWerkzeugschutzfunktionLinearf\u00fchrung f\u00fcr BWAP (MAIII PLUS, MA-F)Satz Spr\u00fchd\u00fcsenSchlie\u00dfen und \u00d6ffnen der Form (max. 5-stufig, min. 3-stufig)Werkzeugh\u00f6henbegrenzung \u00fcber GrenzwertgeberAufspannplatten nach Euromap-StandardR\u00fcckstellfunktion f\u00fcr AuswerferAnzeige der AuswerferpositionEinstellbare Auswerfer-NullstellungAuswerferverz\u00f6gerungAuswerferdeaktivierung2-stufiger AuswerferAuswerferhaltefunktion vorw\u00e4rts2-stufige Geschwindigkeits- und Druckeinstellung des Auswerfers (vorw\u00e4rts und r\u00fcckw\u00e4rts)Schnellkupplung f\u00fcr Auswerfer im europ\u00e4ischen DesignRoboter-Schnittstelle gem\u00e4\u00df Euromap 18ZentralschmierungFotosensor f\u00fcr Teileauswurfschacht (bis 1900 [&hellip;]\" \/>\n<meta property=\"og:url\" content=\"https:\/\/europnet.eu\/uk\/produkt\/haitian-jupiter-iii-6500-4630\/\" \/>\n<meta property=\"og:site_name\" content=\"Europnet\" \/>\n<meta property=\"article:publisher\" content=\"https:\/\/www.facebook.com\/europnet.imm\" \/>\n<meta property=\"article:modified_time\" content=\"2026-03-10T10:57:04+00:00\" \/>\n<meta name=\"twitter:card\" content=\"summary_large_image\" \/>\n<meta name=\"twitter:label1\" content=\"\u041f\u0440\u0438\u0431\u043b. \u0447\u0430\u0441 \u0447\u0438\u0442\u0430\u043d\u043d\u044f\" \/>\n\t<meta name=\"twitter:data1\" content=\"2 \u0445\u0432\u0438\u043b\u0438\u043d\u0438\" \/>\n<script type=\"application\/ld+json\" class=\"yoast-schema-graph\">{\"@context\":\"https:\/\/schema.org\",\"@graph\":[{\"@type\":\"WebPage\",\"@id\":\"https:\/\/europnet.eu\/uk\/produkt\/haitian-jupiter-iii-6500-4630\/\",\"url\":\"https:\/\/europnet.eu\/uk\/produkt\/haitian-jupiter-iii-6500-4630\/\",\"name\":\"Haitian Jupiter III-6500\/4630 - Europnet\",\"isPartOf\":{\"@id\":\"https:\/\/europnet.eu\/uk\/#website\"},\"datePublished\":\"2026-03-10T10:57:03+00:00\",\"dateModified\":\"2026-03-10T10:57:04+00:00\",\"breadcrumb\":{\"@id\":\"https:\/\/europnet.eu\/uk\/produkt\/haitian-jupiter-iii-6500-4630\/#breadcrumb\"},\"inLanguage\":\"uk\",\"potentialAction\":[{\"@type\":\"ReadAction\",\"target\":[\"https:\/\/europnet.eu\/uk\/produkt\/haitian-jupiter-iii-6500-4630\/\"]}]},{\"@type\":\"BreadcrumbList\",\"@id\":\"https:\/\/europnet.eu\/uk\/produkt\/haitian-jupiter-iii-6500-4630\/#breadcrumb\",\"itemListElement\":[{\"@type\":\"ListItem\",\"position\":1,\"name\":\"Home\",\"item\":\"https:\/\/europnet.eu\/uk\/\"},{\"@type\":\"ListItem\",\"position\":2,\"name\":\"Shop\",\"item\":\"https:\/\/europnet.eu\/uk\/shop\/\"},{\"@type\":\"ListItem\",\"position\":3,\"name\":\"Haitian Jupiter III-6500\/4630\"}]},{\"@type\":\"WebSite\",\"@id\":\"https:\/\/europnet.eu\/uk\/#website\",\"url\":\"https:\/\/europnet.eu\/uk\/\",\"name\":\"Europnet\",\"description\":\"\",\"publisher\":{\"@id\":\"https:\/\/europnet.eu\/uk\/#organization\"},\"potentialAction\":[{\"@type\":\"SearchAction\",\"target\":{\"@type\":\"EntryPoint\",\"urlTemplate\":\"https:\/\/europnet.eu\/uk\/?s={search_term_string}\"},\"query-input\":{\"@type\":\"PropertyValueSpecification\",\"valueRequired\":true,\"valueName\":\"search_term_string\"}}],\"inLanguage\":\"uk\"},{\"@type\":\"Organization\",\"@id\":\"https:\/\/europnet.eu\/uk\/#organization\",\"name\":\"Europnet\",\"url\":\"https:\/\/europnet.eu\/uk\/\",\"logo\":{\"@type\":\"ImageObject\",\"inLanguage\":\"uk\",\"@id\":\"https:\/\/europnet.eu\/uk\/#\/schema\/logo\/image\/\",\"url\":\"https:\/\/europnet.eu\/wp-content\/uploads\/2024\/01\/logo.webp\",\"contentUrl\":\"https:\/\/europnet.eu\/wp-content\/uploads\/2024\/01\/logo.webp\",\"width\":1600,\"height\":294,\"caption\":\"Europnet\"},\"image\":{\"@id\":\"https:\/\/europnet.eu\/uk\/#\/schema\/logo\/image\/\"},\"sameAs\":[\"https:\/\/www.facebook.com\/europnet.imm\",\"https:\/\/www.instagram.com\/europnet.imm\/\"]}]}<\/script>\n<!-- \/ Yoast SEO Premium plugin. -->","yoast_head_json":{"title":"Haitian Jupiter III-6500\/4630 - Europnet","robots":{"index":"index","follow":"follow","max-snippet":"max-snippet:-1","max-image-preview":"max-image-preview:large","max-video-preview":"max-video-preview:-1"},"canonical":"https:\/\/europnet.eu\/uk\/produkt\/haitian-jupiter-iii-6500-4630\/","og_locale":"uk_UA","og_type":"article","og_title":"Haitian Jupiter III-6500\/4630","og_description":"Schlie\u00dfeinheit Zwei-Platten-Technologie \u2013 hydraulische Schlie\u00dfkraftSchnelle Werkzeugbewegung durch zwei diagonale ZylinderWerkzeugschutzfunktionLinearf\u00fchrung f\u00fcr BWAP (MAIII PLUS, MA-F)Satz Spr\u00fchd\u00fcsenSchlie\u00dfen und \u00d6ffnen der Form (max. 5-stufig, min. 3-stufig)Werkzeugh\u00f6henbegrenzung \u00fcber GrenzwertgeberAufspannplatten nach Euromap-StandardR\u00fcckstellfunktion f\u00fcr AuswerferAnzeige der AuswerferpositionEinstellbare Auswerfer-NullstellungAuswerferverz\u00f6gerungAuswerferdeaktivierung2-stufiger AuswerferAuswerferhaltefunktion vorw\u00e4rts2-stufige Geschwindigkeits- und Druckeinstellung des Auswerfers (vorw\u00e4rts und r\u00fcckw\u00e4rts)Schnellkupplung f\u00fcr Auswerfer im europ\u00e4ischen DesignRoboter-Schnittstelle gem\u00e4\u00df Euromap 18ZentralschmierungFotosensor f\u00fcr Teileauswurfschacht (bis 1900 [&hellip;]","og_url":"https:\/\/europnet.eu\/uk\/produkt\/haitian-jupiter-iii-6500-4630\/","og_site_name":"Europnet","article_publisher":"https:\/\/www.facebook.com\/europnet.imm","article_modified_time":"2026-03-10T10:57:04+00:00","twitter_card":"summary_large_image","twitter_misc":{"\u041f\u0440\u0438\u0431\u043b. \u0447\u0430\u0441 \u0447\u0438\u0442\u0430\u043d\u043d\u044f":"2 \u0445\u0432\u0438\u043b\u0438\u043d\u0438"},"schema":{"@context":"https:\/\/schema.org","@graph":[{"@type":"WebPage","@id":"https:\/\/europnet.eu\/uk\/produkt\/haitian-jupiter-iii-6500-4630\/","url":"https:\/\/europnet.eu\/uk\/produkt\/haitian-jupiter-iii-6500-4630\/","name":"Haitian Jupiter III-6500\/4630 - Europnet","isPartOf":{"@id":"https:\/\/europnet.eu\/uk\/#website"},"datePublished":"2026-03-10T10:57:03+00:00","dateModified":"2026-03-10T10:57:04+00:00","breadcrumb":{"@id":"https:\/\/europnet.eu\/uk\/produkt\/haitian-jupiter-iii-6500-4630\/#breadcrumb"},"inLanguage":"uk","potentialAction":[{"@type":"ReadAction","target":["https:\/\/europnet.eu\/uk\/produkt\/haitian-jupiter-iii-6500-4630\/"]}]},{"@type":"BreadcrumbList","@id":"https:\/\/europnet.eu\/uk\/produkt\/haitian-jupiter-iii-6500-4630\/#breadcrumb","itemListElement":[{"@type":"ListItem","position":1,"name":"Home","item":"https:\/\/europnet.eu\/uk\/"},{"@type":"ListItem","position":2,"name":"Shop","item":"https:\/\/europnet.eu\/uk\/shop\/"},{"@type":"ListItem","position":3,"name":"Haitian Jupiter III-6500\/4630"}]},{"@type":"WebSite","@id":"https:\/\/europnet.eu\/uk\/#website","url":"https:\/\/europnet.eu\/uk\/","name":"Europnet","description":"","publisher":{"@id":"https:\/\/europnet.eu\/uk\/#organization"},"potentialAction":[{"@type":"SearchAction","target":{"@type":"EntryPoint","urlTemplate":"https:\/\/europnet.eu\/uk\/?s={search_term_string}"},"query-input":{"@type":"PropertyValueSpecification","valueRequired":true,"valueName":"search_term_string"}}],"inLanguage":"uk"},{"@type":"Organization","@id":"https:\/\/europnet.eu\/uk\/#organization","name":"Europnet","url":"https:\/\/europnet.eu\/uk\/","logo":{"@type":"ImageObject","inLanguage":"uk","@id":"https:\/\/europnet.eu\/uk\/#\/schema\/logo\/image\/","url":"https:\/\/europnet.eu\/wp-content\/uploads\/2024\/01\/logo.webp","contentUrl":"https:\/\/europnet.eu\/wp-content\/uploads\/2024\/01\/logo.webp","width":1600,"height":294,"caption":"Europnet"},"image":{"@id":"https:\/\/europnet.eu\/uk\/#\/schema\/logo\/image\/"},"sameAs":["https:\/\/www.facebook.com\/europnet.imm","https:\/\/www.instagram.com\/europnet.imm\/"]}]}},"_links":{"self":[{"href":"https:\/\/europnet.eu\/uk\/wp-json\/wp\/v2\/product\/6920","targetHints":{"allow":["GET"]}}],"collection":[{"href":"https:\/\/europnet.eu\/uk\/wp-json\/wp\/v2\/product"}],"about":[{"href":"https:\/\/europnet.eu\/uk\/wp-json\/wp\/v2\/types\/product"}],"replies":[{"embeddable":true,"href":"https:\/\/europnet.eu\/uk\/wp-json\/wp\/v2\/comments?post=6920"}],"wp:attachment":[{"href":"https:\/\/europnet.eu\/uk\/wp-json\/wp\/v2\/media?parent=6920"}],"wp:term":[{"taxonomy":"product_cat","embeddable":true,"href":"https:\/\/europnet.eu\/uk\/wp-json\/wp\/v2\/product_cat?post=6920"},{"taxonomy":"product_tag","embeddable":true,"href":"https:\/\/europnet.eu\/uk\/wp-json\/wp\/v2\/product_tag?post=6920"}],"curies":[{"name":"wp","href":"https:\/\/api.w.org\/{rel}","templated":true}]}}