{"id":6885,"date":"2025-12-15T12:09:16","date_gmt":"2025-12-15T11:09:16","guid":{"rendered":"https:\/\/europnet.eu\/?post_type=product&#038;p=6885"},"modified":"2026-01-08T13:17:46","modified_gmt":"2026-01-08T12:17:46","slug":"krauss-maffei-km-130-1000-cx","status":"publish","type":"product","link":"https:\/\/europnet.eu\/uk\/produkt\/krauss-maffei-km-130-1000-cx\/","title":{"rendered":"Krauss Maffei KM 130 &#8211; 1000 CX"},"content":{"rendered":"","protected":false},"excerpt":{"rendered":"","protected":false},"featured_media":6854,"comment_status":"open","ping_status":"closed","template":"","meta":{"_acf_changed":false},"product_cat":[36],"product_tag":[],"class_list":{"0":"post-6885","1":"product","2":"type-product","3":"status-publish","4":"has-post-thumbnail","6":"product_cat-spritzgiessmaschinen","8":"first","9":"instock","10":"taxable","11":"shipping-taxable","12":"product-type-simple"},"acf":{"injection_unit":"1000","screw_diameter":"55","injection_pressure":"1904","injection_volume":"523","shot_capacity":"475,9","hydraulic_drive_power":"","cylinder_heating_capacity":"","ld_ratio":"","clamping_unit":"","clamping_force":130,"plate_size":"745 x 745","distance_tie_bars":"470 x 470 ","ejection_force":"22,6","mould_height":"300","opening_stroke":"600","max_plate_spacing":"900","ejector_stroke":"","total_power_consumption":"","oil_filling":"489","electronical_connection":"","weight":"8000","machine_dimensions":"","construction_year":"2008","control":"MC5","marketing_status":"available"},"yoast_head":"<!-- This site is optimized with the Yoast SEO Premium plugin v23.6 (Yoast SEO v23.6) - https:\/\/yoast.com\/wordpress\/plugins\/seo\/ -->\n<title>Krauss Maffei KM 130 - 1000 CX - Europnet<\/title>\n<meta name=\"description\" content=\"Krauss Maffei KM 130\/1000 CX bei Europnet verf\u00fcgbar! Spritzgie\u00dfmaschine mit 130t Schlie\u00dfkraft &amp; 476g Spritzgewicht. Details hier.\" \/>\n<meta name=\"robots\" content=\"index, follow, max-snippet:-1, max-image-preview:large, max-video-preview:-1\" \/>\n<link rel=\"canonical\" href=\"https:\/\/europnet.eu\/uk\/produkt\/krauss-maffei-km-130-1000-cx\/\" \/>\n<meta property=\"og:locale\" content=\"uk_UA\" \/>\n<meta property=\"og:type\" content=\"article\" \/>\n<meta property=\"og:title\" content=\"Krauss Maffei KM 130 - 1000 CX\" \/>\n<meta property=\"og:description\" content=\"Krauss Maffei KM 130\/1000 CX bei Europnet verf\u00fcgbar! Spritzgie\u00dfmaschine mit 130t Schlie\u00dfkraft &amp; 476g Spritzgewicht. Details hier.\" \/>\n<meta property=\"og:url\" content=\"https:\/\/europnet.eu\/uk\/produkt\/krauss-maffei-km-130-1000-cx\/\" \/>\n<meta property=\"og:site_name\" content=\"Europnet\" \/>\n<meta property=\"article:publisher\" content=\"https:\/\/www.facebook.com\/europnet.imm\" \/>\n<meta property=\"article:modified_time\" content=\"2026-01-08T12:17:46+00:00\" \/>\n<meta property=\"og:image\" content=\"https:\/\/europnet.eu\/wp-content\/uploads\/2025\/11\/Krauss-Maffei-130_1000_-CX-scaled.jpg\" \/>\n\t<meta property=\"og:image:width\" content=\"2560\" \/>\n\t<meta property=\"og:image:height\" content=\"2560\" \/>\n\t<meta property=\"og:image:type\" content=\"image\/jpeg\" \/>\n<meta name=\"twitter:card\" content=\"summary_large_image\" \/>\n<meta name=\"twitter:label1\" content=\"\u041f\u0440\u0438\u0431\u043b. \u0447\u0430\u0441 \u0447\u0438\u0442\u0430\u043d\u043d\u044f\" \/>\n\t<meta name=\"twitter:data1\" content=\"1 \u0445\u0432\u0438\u043b\u0438\u043d\u0430\" \/>\n<script type=\"application\/ld+json\" class=\"yoast-schema-graph\">{\"@context\":\"https:\/\/schema.org\",\"@graph\":[{\"@type\":\"WebPage\",\"@id\":\"https:\/\/europnet.eu\/uk\/produkt\/krauss-maffei-km-130-1000-cx\/\",\"url\":\"https:\/\/europnet.eu\/uk\/produkt\/krauss-maffei-km-130-1000-cx\/\",\"name\":\"Krauss Maffei KM 130 - 1000 CX - Europnet\",\"isPartOf\":{\"@id\":\"https:\/\/europnet.eu\/uk\/#website\"},\"primaryImageOfPage\":{\"@id\":\"https:\/\/europnet.eu\/uk\/produkt\/krauss-maffei-km-130-1000-cx\/#primaryimage\"},\"image\":{\"@id\":\"https:\/\/europnet.eu\/uk\/produkt\/krauss-maffei-km-130-1000-cx\/#primaryimage\"},\"thumbnailUrl\":\"https:\/\/europnet.eu\/wp-content\/uploads\/2025\/11\/Krauss-Maffei-130_1000_-CX-scaled.jpg\",\"datePublished\":\"2025-12-15T11:09:16+00:00\",\"dateModified\":\"2026-01-08T12:17:46+00:00\",\"description\":\"Krauss Maffei KM 130\/1000 CX bei Europnet verf\u00fcgbar! Spritzgie\u00dfmaschine mit 130t Schlie\u00dfkraft & 476g Spritzgewicht. Details hier.\",\"breadcrumb\":{\"@id\":\"https:\/\/europnet.eu\/uk\/produkt\/krauss-maffei-km-130-1000-cx\/#breadcrumb\"},\"inLanguage\":\"uk\",\"potentialAction\":[{\"@type\":\"ReadAction\",\"target\":[\"https:\/\/europnet.eu\/uk\/produkt\/krauss-maffei-km-130-1000-cx\/\"]}]},{\"@type\":\"ImageObject\",\"inLanguage\":\"uk\",\"@id\":\"https:\/\/europnet.eu\/uk\/produkt\/krauss-maffei-km-130-1000-cx\/#primaryimage\",\"url\":\"https:\/\/europnet.eu\/wp-content\/uploads\/2025\/11\/Krauss-Maffei-130_1000_-CX-scaled.jpg\",\"contentUrl\":\"https:\/\/europnet.eu\/wp-content\/uploads\/2025\/11\/Krauss-Maffei-130_1000_-CX-scaled.jpg\",\"width\":2560,\"height\":2560,\"caption\":\"Krauss Maffei KM 130\/1000 CX bei Europnet\"},{\"@type\":\"BreadcrumbList\",\"@id\":\"https:\/\/europnet.eu\/uk\/produkt\/krauss-maffei-km-130-1000-cx\/#breadcrumb\",\"itemListElement\":[{\"@type\":\"ListItem\",\"position\":1,\"name\":\"Home\",\"item\":\"https:\/\/europnet.eu\/uk\/\"},{\"@type\":\"ListItem\",\"position\":2,\"name\":\"Shop\",\"item\":\"https:\/\/europnet.eu\/uk\/shop\/\"},{\"@type\":\"ListItem\",\"position\":3,\"name\":\"Krauss Maffei KM 130 &#8211; 1000 CX\"}]},{\"@type\":\"WebSite\",\"@id\":\"https:\/\/europnet.eu\/uk\/#website\",\"url\":\"https:\/\/europnet.eu\/uk\/\",\"name\":\"Europnet\",\"description\":\"\",\"publisher\":{\"@id\":\"https:\/\/europnet.eu\/uk\/#organization\"},\"potentialAction\":[{\"@type\":\"SearchAction\",\"target\":{\"@type\":\"EntryPoint\",\"urlTemplate\":\"https:\/\/europnet.eu\/uk\/?s={search_term_string}\"},\"query-input\":{\"@type\":\"PropertyValueSpecification\",\"valueRequired\":true,\"valueName\":\"search_term_string\"}}],\"inLanguage\":\"uk\"},{\"@type\":\"Organization\",\"@id\":\"https:\/\/europnet.eu\/uk\/#organization\",\"name\":\"Europnet\",\"url\":\"https:\/\/europnet.eu\/uk\/\",\"logo\":{\"@type\":\"ImageObject\",\"inLanguage\":\"uk\",\"@id\":\"https:\/\/europnet.eu\/uk\/#\/schema\/logo\/image\/\",\"url\":\"https:\/\/europnet.eu\/wp-content\/uploads\/2024\/01\/logo.webp\",\"contentUrl\":\"https:\/\/europnet.eu\/wp-content\/uploads\/2024\/01\/logo.webp\",\"width\":1600,\"height\":294,\"caption\":\"Europnet\"},\"image\":{\"@id\":\"https:\/\/europnet.eu\/uk\/#\/schema\/logo\/image\/\"},\"sameAs\":[\"https:\/\/www.facebook.com\/europnet.imm\",\"https:\/\/www.instagram.com\/europnet.imm\/\"]}]}<\/script>\n<!-- \/ Yoast SEO Premium plugin. -->","yoast_head_json":{"title":"Krauss Maffei KM 130 - 1000 CX - Europnet","description":"Krauss Maffei KM 130\/1000 CX bei Europnet verf\u00fcgbar! Spritzgie\u00dfmaschine mit 130t Schlie\u00dfkraft & 476g Spritzgewicht. Details hier.","robots":{"index":"index","follow":"follow","max-snippet":"max-snippet:-1","max-image-preview":"max-image-preview:large","max-video-preview":"max-video-preview:-1"},"canonical":"https:\/\/europnet.eu\/uk\/produkt\/krauss-maffei-km-130-1000-cx\/","og_locale":"uk_UA","og_type":"article","og_title":"Krauss Maffei KM 130 - 1000 CX","og_description":"Krauss Maffei KM 130\/1000 CX bei Europnet verf\u00fcgbar! Spritzgie\u00dfmaschine mit 130t Schlie\u00dfkraft & 476g Spritzgewicht. Details hier.","og_url":"https:\/\/europnet.eu\/uk\/produkt\/krauss-maffei-km-130-1000-cx\/","og_site_name":"Europnet","article_publisher":"https:\/\/www.facebook.com\/europnet.imm","article_modified_time":"2026-01-08T12:17:46+00:00","og_image":[{"width":2560,"height":2560,"url":"https:\/\/europnet.eu\/wp-content\/uploads\/2025\/11\/Krauss-Maffei-130_1000_-CX-scaled.jpg","type":"image\/jpeg"}],"twitter_card":"summary_large_image","twitter_misc":{"\u041f\u0440\u0438\u0431\u043b. \u0447\u0430\u0441 \u0447\u0438\u0442\u0430\u043d\u043d\u044f":"1 \u0445\u0432\u0438\u043b\u0438\u043d\u0430"},"schema":{"@context":"https:\/\/schema.org","@graph":[{"@type":"WebPage","@id":"https:\/\/europnet.eu\/uk\/produkt\/krauss-maffei-km-130-1000-cx\/","url":"https:\/\/europnet.eu\/uk\/produkt\/krauss-maffei-km-130-1000-cx\/","name":"Krauss Maffei KM 130 - 1000 CX - Europnet","isPartOf":{"@id":"https:\/\/europnet.eu\/uk\/#website"},"primaryImageOfPage":{"@id":"https:\/\/europnet.eu\/uk\/produkt\/krauss-maffei-km-130-1000-cx\/#primaryimage"},"image":{"@id":"https:\/\/europnet.eu\/uk\/produkt\/krauss-maffei-km-130-1000-cx\/#primaryimage"},"thumbnailUrl":"https:\/\/europnet.eu\/wp-content\/uploads\/2025\/11\/Krauss-Maffei-130_1000_-CX-scaled.jpg","datePublished":"2025-12-15T11:09:16+00:00","dateModified":"2026-01-08T12:17:46+00:00","description":"Krauss Maffei KM 130\/1000 CX bei Europnet verf\u00fcgbar! Spritzgie\u00dfmaschine mit 130t Schlie\u00dfkraft & 476g Spritzgewicht. Details hier.","breadcrumb":{"@id":"https:\/\/europnet.eu\/uk\/produkt\/krauss-maffei-km-130-1000-cx\/#breadcrumb"},"inLanguage":"uk","potentialAction":[{"@type":"ReadAction","target":["https:\/\/europnet.eu\/uk\/produkt\/krauss-maffei-km-130-1000-cx\/"]}]},{"@type":"ImageObject","inLanguage":"uk","@id":"https:\/\/europnet.eu\/uk\/produkt\/krauss-maffei-km-130-1000-cx\/#primaryimage","url":"https:\/\/europnet.eu\/wp-content\/uploads\/2025\/11\/Krauss-Maffei-130_1000_-CX-scaled.jpg","contentUrl":"https:\/\/europnet.eu\/wp-content\/uploads\/2025\/11\/Krauss-Maffei-130_1000_-CX-scaled.jpg","width":2560,"height":2560,"caption":"Krauss Maffei KM 130\/1000 CX bei Europnet"},{"@type":"BreadcrumbList","@id":"https:\/\/europnet.eu\/uk\/produkt\/krauss-maffei-km-130-1000-cx\/#breadcrumb","itemListElement":[{"@type":"ListItem","position":1,"name":"Home","item":"https:\/\/europnet.eu\/uk\/"},{"@type":"ListItem","position":2,"name":"Shop","item":"https:\/\/europnet.eu\/uk\/shop\/"},{"@type":"ListItem","position":3,"name":"Krauss Maffei KM 130 &#8211; 1000 CX"}]},{"@type":"WebSite","@id":"https:\/\/europnet.eu\/uk\/#website","url":"https:\/\/europnet.eu\/uk\/","name":"Europnet","description":"","publisher":{"@id":"https:\/\/europnet.eu\/uk\/#organization"},"potentialAction":[{"@type":"SearchAction","target":{"@type":"EntryPoint","urlTemplate":"https:\/\/europnet.eu\/uk\/?s={search_term_string}"},"query-input":{"@type":"PropertyValueSpecification","valueRequired":true,"valueName":"search_term_string"}}],"inLanguage":"uk"},{"@type":"Organization","@id":"https:\/\/europnet.eu\/uk\/#organization","name":"Europnet","url":"https:\/\/europnet.eu\/uk\/","logo":{"@type":"ImageObject","inLanguage":"uk","@id":"https:\/\/europnet.eu\/uk\/#\/schema\/logo\/image\/","url":"https:\/\/europnet.eu\/wp-content\/uploads\/2024\/01\/logo.webp","contentUrl":"https:\/\/europnet.eu\/wp-content\/uploads\/2024\/01\/logo.webp","width":1600,"height":294,"caption":"Europnet"},"image":{"@id":"https:\/\/europnet.eu\/uk\/#\/schema\/logo\/image\/"},"sameAs":["https:\/\/www.facebook.com\/europnet.imm","https:\/\/www.instagram.com\/europnet.imm\/"]}]}},"_links":{"self":[{"href":"https:\/\/europnet.eu\/uk\/wp-json\/wp\/v2\/product\/6885","targetHints":{"allow":["GET"]}}],"collection":[{"href":"https:\/\/europnet.eu\/uk\/wp-json\/wp\/v2\/product"}],"about":[{"href":"https:\/\/europnet.eu\/uk\/wp-json\/wp\/v2\/types\/product"}],"replies":[{"embeddable":true,"href":"https:\/\/europnet.eu\/uk\/wp-json\/wp\/v2\/comments?post=6885"}],"wp:featuredmedia":[{"embeddable":true,"href":"https:\/\/europnet.eu\/uk\/wp-json\/wp\/v2\/media\/6854"}],"wp:attachment":[{"href":"https:\/\/europnet.eu\/uk\/wp-json\/wp\/v2\/media?parent=6885"}],"wp:term":[{"taxonomy":"product_cat","embeddable":true,"href":"https:\/\/europnet.eu\/uk\/wp-json\/wp\/v2\/product_cat?post=6885"},{"taxonomy":"product_tag","embeddable":true,"href":"https:\/\/europnet.eu\/uk\/wp-json\/wp\/v2\/product_tag?post=6885"}],"curies":[{"name":"wp","href":"https:\/\/api.w.org\/{rel}","templated":true}]}}