{"id":6882,"date":"2025-12-15T12:00:03","date_gmt":"2025-12-15T11:00:03","guid":{"rendered":"https:\/\/europnet.eu\/?post_type=product&#038;p=6882"},"modified":"2026-03-10T13:25:09","modified_gmt":"2026-03-10T12:25:09","slug":"krauss-maffei-175-1000-c2","status":"publish","type":"product","link":"https:\/\/europnet.eu\/uk\/produkt\/krauss-maffei-175-1000-c2\/","title":{"rendered":"Krauss Maffei 175-1000 C2"},"content":{"rendered":"","protected":false},"excerpt":{"rendered":"","protected":false},"featured_media":0,"comment_status":"open","ping_status":"closed","template":"","meta":{"_acf_changed":false},"product_cat":[36],"product_tag":[],"class_list":{"0":"post-6882","1":"product","2":"type-product","3":"status-publish","5":"product_cat-spritzgiessmaschinen","7":"first","8":"instock","9":"taxable","10":"shipping-taxable","11":"product-type-simple"},"acf":{"injection_unit":"...\/1000","screw_diameter":"50","injection_pressure":"2304","injection_volume":"432","shot_capacity":"393","hydraulic_drive_power":"","cylinder_heating_capacity":"","ld_ratio":"22","clamping_unit":"175\/...","clamping_force":175,"plate_size":"915 x 910","distance_tie_bars":"560 x 560","ejection_force":"","mould_height":"350","opening_stroke":"700","max_plate_spacing":"1050","ejector_stroke":"200","total_power_consumption":"","oil_filling":"","electronical_connection":"","weight":"9000","machine_dimensions":"5,2 x 1,75 x 2,2","construction_year":"2005","control":"MC4","marketing_status":"available"},"yoast_head":"<!-- This site is optimized with the Yoast SEO Premium plugin v23.6 (Yoast SEO v23.6) - https:\/\/yoast.com\/wordpress\/plugins\/seo\/ -->\n<title>Krauss Maffei 175-1000 C2 - Europnet<\/title>\n<meta name=\"description\" content=\"Krauss Maffei 175-1000 C2 bei Europnet verf\u00fcgbar! Spritzgie\u00dfmaschine mit 175t Schlie\u00dfkraft &amp; 393g Spritzgewicht. Details hier.\" \/>\n<meta name=\"robots\" content=\"index, follow, max-snippet:-1, max-image-preview:large, max-video-preview:-1\" \/>\n<link rel=\"canonical\" href=\"https:\/\/europnet.eu\/uk\/produkt\/krauss-maffei-175-1000-c2\/\" \/>\n<meta property=\"og:locale\" content=\"uk_UA\" \/>\n<meta property=\"og:type\" content=\"article\" \/>\n<meta property=\"og:title\" content=\"Krauss Maffei 175-1000 C2\" \/>\n<meta property=\"og:description\" content=\"Krauss Maffei 175-1000 C2 bei Europnet verf\u00fcgbar! Spritzgie\u00dfmaschine mit 175t Schlie\u00dfkraft &amp; 393g Spritzgewicht. Details hier.\" \/>\n<meta property=\"og:url\" content=\"https:\/\/europnet.eu\/uk\/produkt\/krauss-maffei-175-1000-c2\/\" \/>\n<meta property=\"og:site_name\" content=\"Europnet\" \/>\n<meta property=\"article:publisher\" content=\"https:\/\/www.facebook.com\/europnet.imm\" \/>\n<meta property=\"article:modified_time\" content=\"2026-03-10T12:25:09+00:00\" \/>\n<meta name=\"twitter:card\" content=\"summary_large_image\" \/>\n<meta name=\"twitter:label1\" content=\"\u041f\u0440\u0438\u0431\u043b. \u0447\u0430\u0441 \u0447\u0438\u0442\u0430\u043d\u043d\u044f\" \/>\n\t<meta name=\"twitter:data1\" content=\"1 \u0445\u0432\u0438\u043b\u0438\u043d\u0430\" \/>\n<script type=\"application\/ld+json\" class=\"yoast-schema-graph\">{\"@context\":\"https:\/\/schema.org\",\"@graph\":[{\"@type\":\"WebPage\",\"@id\":\"https:\/\/europnet.eu\/uk\/produkt\/krauss-maffei-175-1000-c2\/\",\"url\":\"https:\/\/europnet.eu\/uk\/produkt\/krauss-maffei-175-1000-c2\/\",\"name\":\"Krauss Maffei 175-1000 C2 - Europnet\",\"isPartOf\":{\"@id\":\"https:\/\/europnet.eu\/uk\/#website\"},\"datePublished\":\"2025-12-15T11:00:03+00:00\",\"dateModified\":\"2026-03-10T12:25:09+00:00\",\"description\":\"Krauss Maffei 175-1000 C2 bei Europnet verf\u00fcgbar! Spritzgie\u00dfmaschine mit 175t Schlie\u00dfkraft & 393g Spritzgewicht. Details hier.\",\"breadcrumb\":{\"@id\":\"https:\/\/europnet.eu\/uk\/produkt\/krauss-maffei-175-1000-c2\/#breadcrumb\"},\"inLanguage\":\"uk\",\"potentialAction\":[{\"@type\":\"ReadAction\",\"target\":[\"https:\/\/europnet.eu\/uk\/produkt\/krauss-maffei-175-1000-c2\/\"]}]},{\"@type\":\"BreadcrumbList\",\"@id\":\"https:\/\/europnet.eu\/uk\/produkt\/krauss-maffei-175-1000-c2\/#breadcrumb\",\"itemListElement\":[{\"@type\":\"ListItem\",\"position\":1,\"name\":\"Home\",\"item\":\"https:\/\/europnet.eu\/uk\/\"},{\"@type\":\"ListItem\",\"position\":2,\"name\":\"Shop\",\"item\":\"https:\/\/europnet.eu\/uk\/shop\/\"},{\"@type\":\"ListItem\",\"position\":3,\"name\":\"Krauss Maffei 175-1000 C2\"}]},{\"@type\":\"WebSite\",\"@id\":\"https:\/\/europnet.eu\/uk\/#website\",\"url\":\"https:\/\/europnet.eu\/uk\/\",\"name\":\"Europnet\",\"description\":\"\",\"publisher\":{\"@id\":\"https:\/\/europnet.eu\/uk\/#organization\"},\"potentialAction\":[{\"@type\":\"SearchAction\",\"target\":{\"@type\":\"EntryPoint\",\"urlTemplate\":\"https:\/\/europnet.eu\/uk\/?s={search_term_string}\"},\"query-input\":{\"@type\":\"PropertyValueSpecification\",\"valueRequired\":true,\"valueName\":\"search_term_string\"}}],\"inLanguage\":\"uk\"},{\"@type\":\"Organization\",\"@id\":\"https:\/\/europnet.eu\/uk\/#organization\",\"name\":\"Europnet\",\"url\":\"https:\/\/europnet.eu\/uk\/\",\"logo\":{\"@type\":\"ImageObject\",\"inLanguage\":\"uk\",\"@id\":\"https:\/\/europnet.eu\/uk\/#\/schema\/logo\/image\/\",\"url\":\"https:\/\/europnet.eu\/wp-content\/uploads\/2024\/01\/logo.webp\",\"contentUrl\":\"https:\/\/europnet.eu\/wp-content\/uploads\/2024\/01\/logo.webp\",\"width\":1600,\"height\":294,\"caption\":\"Europnet\"},\"image\":{\"@id\":\"https:\/\/europnet.eu\/uk\/#\/schema\/logo\/image\/\"},\"sameAs\":[\"https:\/\/www.facebook.com\/europnet.imm\",\"https:\/\/www.instagram.com\/europnet.imm\/\"]}]}<\/script>\n<!-- \/ Yoast SEO Premium plugin. -->","yoast_head_json":{"title":"Krauss Maffei 175-1000 C2 - Europnet","description":"Krauss Maffei 175-1000 C2 bei Europnet verf\u00fcgbar! Spritzgie\u00dfmaschine mit 175t Schlie\u00dfkraft & 393g Spritzgewicht. Details hier.","robots":{"index":"index","follow":"follow","max-snippet":"max-snippet:-1","max-image-preview":"max-image-preview:large","max-video-preview":"max-video-preview:-1"},"canonical":"https:\/\/europnet.eu\/uk\/produkt\/krauss-maffei-175-1000-c2\/","og_locale":"uk_UA","og_type":"article","og_title":"Krauss Maffei 175-1000 C2","og_description":"Krauss Maffei 175-1000 C2 bei Europnet verf\u00fcgbar! Spritzgie\u00dfmaschine mit 175t Schlie\u00dfkraft & 393g Spritzgewicht. Details hier.","og_url":"https:\/\/europnet.eu\/uk\/produkt\/krauss-maffei-175-1000-c2\/","og_site_name":"Europnet","article_publisher":"https:\/\/www.facebook.com\/europnet.imm","article_modified_time":"2026-03-10T12:25:09+00:00","twitter_card":"summary_large_image","twitter_misc":{"\u041f\u0440\u0438\u0431\u043b. \u0447\u0430\u0441 \u0447\u0438\u0442\u0430\u043d\u043d\u044f":"1 \u0445\u0432\u0438\u043b\u0438\u043d\u0430"},"schema":{"@context":"https:\/\/schema.org","@graph":[{"@type":"WebPage","@id":"https:\/\/europnet.eu\/uk\/produkt\/krauss-maffei-175-1000-c2\/","url":"https:\/\/europnet.eu\/uk\/produkt\/krauss-maffei-175-1000-c2\/","name":"Krauss Maffei 175-1000 C2 - Europnet","isPartOf":{"@id":"https:\/\/europnet.eu\/uk\/#website"},"datePublished":"2025-12-15T11:00:03+00:00","dateModified":"2026-03-10T12:25:09+00:00","description":"Krauss Maffei 175-1000 C2 bei Europnet verf\u00fcgbar! Spritzgie\u00dfmaschine mit 175t Schlie\u00dfkraft & 393g Spritzgewicht. Details hier.","breadcrumb":{"@id":"https:\/\/europnet.eu\/uk\/produkt\/krauss-maffei-175-1000-c2\/#breadcrumb"},"inLanguage":"uk","potentialAction":[{"@type":"ReadAction","target":["https:\/\/europnet.eu\/uk\/produkt\/krauss-maffei-175-1000-c2\/"]}]},{"@type":"BreadcrumbList","@id":"https:\/\/europnet.eu\/uk\/produkt\/krauss-maffei-175-1000-c2\/#breadcrumb","itemListElement":[{"@type":"ListItem","position":1,"name":"Home","item":"https:\/\/europnet.eu\/uk\/"},{"@type":"ListItem","position":2,"name":"Shop","item":"https:\/\/europnet.eu\/uk\/shop\/"},{"@type":"ListItem","position":3,"name":"Krauss Maffei 175-1000 C2"}]},{"@type":"WebSite","@id":"https:\/\/europnet.eu\/uk\/#website","url":"https:\/\/europnet.eu\/uk\/","name":"Europnet","description":"","publisher":{"@id":"https:\/\/europnet.eu\/uk\/#organization"},"potentialAction":[{"@type":"SearchAction","target":{"@type":"EntryPoint","urlTemplate":"https:\/\/europnet.eu\/uk\/?s={search_term_string}"},"query-input":{"@type":"PropertyValueSpecification","valueRequired":true,"valueName":"search_term_string"}}],"inLanguage":"uk"},{"@type":"Organization","@id":"https:\/\/europnet.eu\/uk\/#organization","name":"Europnet","url":"https:\/\/europnet.eu\/uk\/","logo":{"@type":"ImageObject","inLanguage":"uk","@id":"https:\/\/europnet.eu\/uk\/#\/schema\/logo\/image\/","url":"https:\/\/europnet.eu\/wp-content\/uploads\/2024\/01\/logo.webp","contentUrl":"https:\/\/europnet.eu\/wp-content\/uploads\/2024\/01\/logo.webp","width":1600,"height":294,"caption":"Europnet"},"image":{"@id":"https:\/\/europnet.eu\/uk\/#\/schema\/logo\/image\/"},"sameAs":["https:\/\/www.facebook.com\/europnet.imm","https:\/\/www.instagram.com\/europnet.imm\/"]}]}},"_links":{"self":[{"href":"https:\/\/europnet.eu\/uk\/wp-json\/wp\/v2\/product\/6882","targetHints":{"allow":["GET"]}}],"collection":[{"href":"https:\/\/europnet.eu\/uk\/wp-json\/wp\/v2\/product"}],"about":[{"href":"https:\/\/europnet.eu\/uk\/wp-json\/wp\/v2\/types\/product"}],"replies":[{"embeddable":true,"href":"https:\/\/europnet.eu\/uk\/wp-json\/wp\/v2\/comments?post=6882"}],"wp:attachment":[{"href":"https:\/\/europnet.eu\/uk\/wp-json\/wp\/v2\/media?parent=6882"}],"wp:term":[{"taxonomy":"product_cat","embeddable":true,"href":"https:\/\/europnet.eu\/uk\/wp-json\/wp\/v2\/product_cat?post=6882"},{"taxonomy":"product_tag","embeddable":true,"href":"https:\/\/europnet.eu\/uk\/wp-json\/wp\/v2\/product_tag?post=6882"}],"curies":[{"name":"wp","href":"https:\/\/api.w.org\/{rel}","templated":true}]}}