{"id":6831,"date":"2025-11-26T14:18:58","date_gmt":"2025-11-26T13:18:58","guid":{"rendered":"https:\/\/europnet.eu\/?post_type=product&#038;p=6831"},"modified":"2026-01-08T13:21:41","modified_gmt":"2026-01-08T12:21:41","slug":"demag-ergotech-50-355-200","status":"publish","type":"product","link":"https:\/\/europnet.eu\/uk\/produkt\/demag-ergotech-50-355-200\/","title":{"rendered":"Demag Ergotech 50\/355-200"},"content":{"rendered":"","protected":false},"excerpt":{"rendered":"","protected":false},"featured_media":5200,"comment_status":"open","ping_status":"closed","template":"","meta":{"_acf_changed":false},"product_cat":[36],"product_tag":[],"class_list":{"0":"post-6831","1":"product","2":"type-product","3":"status-publish","4":"has-post-thumbnail","6":"product_cat-spritzgiessmaschinen","8":"first","9":"instock","10":"taxable","11":"shipping-taxable","12":"product-type-simple"},"acf":{"injection_unit":"...\/200","screw_diameter":"22","injection_pressure":"2800","injection_volume":"41,8","shot_capacity":"","hydraulic_drive_power":"","cylinder_heating_capacity":"","ld_ratio":"","clamping_unit":"50\/...","clamping_force":50,"plate_size":"520 x 520","distance_tie_bars":"355 x 355","ejection_force":"","mould_height":"210","opening_stroke":"400","max_plate_spacing":"610","ejector_stroke":"","total_power_consumption":"","oil_filling":"","electronical_connection":"","weight":"2700","machine_dimensions":"3,8 x 1,1 x 2,1","construction_year":"2006","control":"NC4","marketing_status":"available"},"yoast_head":"<!-- This site is optimized with the Yoast SEO Premium plugin v23.6 (Yoast SEO v23.6) - https:\/\/yoast.com\/wordpress\/plugins\/seo\/ -->\n<title>Demag Ergotech 50\/355-200 - Europnet<\/title>\n<meta name=\"description\" content=\"Demag Ergotech 50-355\/200 bei Europnet verf\u00fcgbar! Spritzgie\u00dfmaschine mit 50t Schlie\u00dfkraft &amp; 54g Spritzgewicht. Details hier.\" \/>\n<meta name=\"robots\" content=\"index, follow, max-snippet:-1, max-image-preview:large, max-video-preview:-1\" \/>\n<link rel=\"canonical\" href=\"https:\/\/europnet.eu\/uk\/produkt\/demag-ergotech-50-355-200\/\" \/>\n<meta property=\"og:locale\" content=\"uk_UA\" \/>\n<meta property=\"og:type\" content=\"article\" \/>\n<meta property=\"og:title\" content=\"Demag Ergotech 50\/355-200\" \/>\n<meta property=\"og:description\" content=\"Demag Ergotech 50-355\/200 bei Europnet verf\u00fcgbar! Spritzgie\u00dfmaschine mit 50t Schlie\u00dfkraft &amp; 54g Spritzgewicht. Details hier.\" \/>\n<meta property=\"og:url\" content=\"https:\/\/europnet.eu\/uk\/produkt\/demag-ergotech-50-355-200\/\" \/>\n<meta property=\"og:site_name\" content=\"Europnet\" \/>\n<meta property=\"article:publisher\" content=\"https:\/\/www.facebook.com\/europnet.imm\" \/>\n<meta property=\"article:modified_time\" content=\"2026-01-08T12:21:41+00:00\" \/>\n<meta property=\"og:image\" content=\"https:\/\/europnet.eu\/wp-content\/uploads\/2025\/10\/Demag-50_355-200_r.2006_photo-1.jpeg\" \/>\n\t<meta property=\"og:image:width\" content=\"2048\" \/>\n\t<meta property=\"og:image:height\" content=\"2048\" \/>\n\t<meta property=\"og:image:type\" content=\"image\/jpeg\" \/>\n<meta name=\"twitter:card\" content=\"summary_large_image\" \/>\n<meta name=\"twitter:label1\" content=\"\u041f\u0440\u0438\u0431\u043b. \u0447\u0430\u0441 \u0447\u0438\u0442\u0430\u043d\u043d\u044f\" \/>\n\t<meta name=\"twitter:data1\" content=\"1 \u0445\u0432\u0438\u043b\u0438\u043d\u0430\" \/>\n<script type=\"application\/ld+json\" class=\"yoast-schema-graph\">{\"@context\":\"https:\/\/schema.org\",\"@graph\":[{\"@type\":\"WebPage\",\"@id\":\"https:\/\/europnet.eu\/uk\/produkt\/demag-ergotech-50-355-200\/\",\"url\":\"https:\/\/europnet.eu\/uk\/produkt\/demag-ergotech-50-355-200\/\",\"name\":\"Demag Ergotech 50\/355-200 - Europnet\",\"isPartOf\":{\"@id\":\"https:\/\/europnet.eu\/uk\/#website\"},\"primaryImageOfPage\":{\"@id\":\"https:\/\/europnet.eu\/uk\/produkt\/demag-ergotech-50-355-200\/#primaryimage\"},\"image\":{\"@id\":\"https:\/\/europnet.eu\/uk\/produkt\/demag-ergotech-50-355-200\/#primaryimage\"},\"thumbnailUrl\":\"https:\/\/europnet.eu\/wp-content\/uploads\/2025\/10\/Demag-50_355-200_r.2006_photo-1.jpeg\",\"datePublished\":\"2025-11-26T13:18:58+00:00\",\"dateModified\":\"2026-01-08T12:21:41+00:00\",\"description\":\"Demag Ergotech 50-355\/200 bei Europnet verf\u00fcgbar! Spritzgie\u00dfmaschine mit 50t Schlie\u00dfkraft & 54g Spritzgewicht. Details hier.\",\"breadcrumb\":{\"@id\":\"https:\/\/europnet.eu\/uk\/produkt\/demag-ergotech-50-355-200\/#breadcrumb\"},\"inLanguage\":\"uk\",\"potentialAction\":[{\"@type\":\"ReadAction\",\"target\":[\"https:\/\/europnet.eu\/uk\/produkt\/demag-ergotech-50-355-200\/\"]}]},{\"@type\":\"ImageObject\",\"inLanguage\":\"uk\",\"@id\":\"https:\/\/europnet.eu\/uk\/produkt\/demag-ergotech-50-355-200\/#primaryimage\",\"url\":\"https:\/\/europnet.eu\/wp-content\/uploads\/2025\/10\/Demag-50_355-200_r.2006_photo-1.jpeg\",\"contentUrl\":\"https:\/\/europnet.eu\/wp-content\/uploads\/2025\/10\/Demag-50_355-200_r.2006_photo-1.jpeg\",\"width\":2048,\"height\":2048,\"caption\":\"Demag Ergotech 50-355\/200 bei Europnet\"},{\"@type\":\"BreadcrumbList\",\"@id\":\"https:\/\/europnet.eu\/uk\/produkt\/demag-ergotech-50-355-200\/#breadcrumb\",\"itemListElement\":[{\"@type\":\"ListItem\",\"position\":1,\"name\":\"Home\",\"item\":\"https:\/\/europnet.eu\/uk\/\"},{\"@type\":\"ListItem\",\"position\":2,\"name\":\"Shop\",\"item\":\"https:\/\/europnet.eu\/uk\/shop\/\"},{\"@type\":\"ListItem\",\"position\":3,\"name\":\"Demag Ergotech 50\/355-200\"}]},{\"@type\":\"WebSite\",\"@id\":\"https:\/\/europnet.eu\/uk\/#website\",\"url\":\"https:\/\/europnet.eu\/uk\/\",\"name\":\"Europnet\",\"description\":\"\",\"publisher\":{\"@id\":\"https:\/\/europnet.eu\/uk\/#organization\"},\"potentialAction\":[{\"@type\":\"SearchAction\",\"target\":{\"@type\":\"EntryPoint\",\"urlTemplate\":\"https:\/\/europnet.eu\/uk\/?s={search_term_string}\"},\"query-input\":{\"@type\":\"PropertyValueSpecification\",\"valueRequired\":true,\"valueName\":\"search_term_string\"}}],\"inLanguage\":\"uk\"},{\"@type\":\"Organization\",\"@id\":\"https:\/\/europnet.eu\/uk\/#organization\",\"name\":\"Europnet\",\"url\":\"https:\/\/europnet.eu\/uk\/\",\"logo\":{\"@type\":\"ImageObject\",\"inLanguage\":\"uk\",\"@id\":\"https:\/\/europnet.eu\/uk\/#\/schema\/logo\/image\/\",\"url\":\"https:\/\/europnet.eu\/wp-content\/uploads\/2024\/01\/logo.webp\",\"contentUrl\":\"https:\/\/europnet.eu\/wp-content\/uploads\/2024\/01\/logo.webp\",\"width\":1600,\"height\":294,\"caption\":\"Europnet\"},\"image\":{\"@id\":\"https:\/\/europnet.eu\/uk\/#\/schema\/logo\/image\/\"},\"sameAs\":[\"https:\/\/www.facebook.com\/europnet.imm\",\"https:\/\/www.instagram.com\/europnet.imm\/\"]}]}<\/script>\n<!-- \/ Yoast SEO Premium plugin. -->","yoast_head_json":{"title":"Demag Ergotech 50\/355-200 - Europnet","description":"Demag Ergotech 50-355\/200 bei Europnet verf\u00fcgbar! Spritzgie\u00dfmaschine mit 50t Schlie\u00dfkraft & 54g Spritzgewicht. Details hier.","robots":{"index":"index","follow":"follow","max-snippet":"max-snippet:-1","max-image-preview":"max-image-preview:large","max-video-preview":"max-video-preview:-1"},"canonical":"https:\/\/europnet.eu\/uk\/produkt\/demag-ergotech-50-355-200\/","og_locale":"uk_UA","og_type":"article","og_title":"Demag Ergotech 50\/355-200","og_description":"Demag Ergotech 50-355\/200 bei Europnet verf\u00fcgbar! Spritzgie\u00dfmaschine mit 50t Schlie\u00dfkraft & 54g Spritzgewicht. Details hier.","og_url":"https:\/\/europnet.eu\/uk\/produkt\/demag-ergotech-50-355-200\/","og_site_name":"Europnet","article_publisher":"https:\/\/www.facebook.com\/europnet.imm","article_modified_time":"2026-01-08T12:21:41+00:00","og_image":[{"width":2048,"height":2048,"url":"https:\/\/europnet.eu\/wp-content\/uploads\/2025\/10\/Demag-50_355-200_r.2006_photo-1.jpeg","type":"image\/jpeg"}],"twitter_card":"summary_large_image","twitter_misc":{"\u041f\u0440\u0438\u0431\u043b. \u0447\u0430\u0441 \u0447\u0438\u0442\u0430\u043d\u043d\u044f":"1 \u0445\u0432\u0438\u043b\u0438\u043d\u0430"},"schema":{"@context":"https:\/\/schema.org","@graph":[{"@type":"WebPage","@id":"https:\/\/europnet.eu\/uk\/produkt\/demag-ergotech-50-355-200\/","url":"https:\/\/europnet.eu\/uk\/produkt\/demag-ergotech-50-355-200\/","name":"Demag Ergotech 50\/355-200 - Europnet","isPartOf":{"@id":"https:\/\/europnet.eu\/uk\/#website"},"primaryImageOfPage":{"@id":"https:\/\/europnet.eu\/uk\/produkt\/demag-ergotech-50-355-200\/#primaryimage"},"image":{"@id":"https:\/\/europnet.eu\/uk\/produkt\/demag-ergotech-50-355-200\/#primaryimage"},"thumbnailUrl":"https:\/\/europnet.eu\/wp-content\/uploads\/2025\/10\/Demag-50_355-200_r.2006_photo-1.jpeg","datePublished":"2025-11-26T13:18:58+00:00","dateModified":"2026-01-08T12:21:41+00:00","description":"Demag Ergotech 50-355\/200 bei Europnet verf\u00fcgbar! Spritzgie\u00dfmaschine mit 50t Schlie\u00dfkraft & 54g Spritzgewicht. Details hier.","breadcrumb":{"@id":"https:\/\/europnet.eu\/uk\/produkt\/demag-ergotech-50-355-200\/#breadcrumb"},"inLanguage":"uk","potentialAction":[{"@type":"ReadAction","target":["https:\/\/europnet.eu\/uk\/produkt\/demag-ergotech-50-355-200\/"]}]},{"@type":"ImageObject","inLanguage":"uk","@id":"https:\/\/europnet.eu\/uk\/produkt\/demag-ergotech-50-355-200\/#primaryimage","url":"https:\/\/europnet.eu\/wp-content\/uploads\/2025\/10\/Demag-50_355-200_r.2006_photo-1.jpeg","contentUrl":"https:\/\/europnet.eu\/wp-content\/uploads\/2025\/10\/Demag-50_355-200_r.2006_photo-1.jpeg","width":2048,"height":2048,"caption":"Demag Ergotech 50-355\/200 bei Europnet"},{"@type":"BreadcrumbList","@id":"https:\/\/europnet.eu\/uk\/produkt\/demag-ergotech-50-355-200\/#breadcrumb","itemListElement":[{"@type":"ListItem","position":1,"name":"Home","item":"https:\/\/europnet.eu\/uk\/"},{"@type":"ListItem","position":2,"name":"Shop","item":"https:\/\/europnet.eu\/uk\/shop\/"},{"@type":"ListItem","position":3,"name":"Demag Ergotech 50\/355-200"}]},{"@type":"WebSite","@id":"https:\/\/europnet.eu\/uk\/#website","url":"https:\/\/europnet.eu\/uk\/","name":"Europnet","description":"","publisher":{"@id":"https:\/\/europnet.eu\/uk\/#organization"},"potentialAction":[{"@type":"SearchAction","target":{"@type":"EntryPoint","urlTemplate":"https:\/\/europnet.eu\/uk\/?s={search_term_string}"},"query-input":{"@type":"PropertyValueSpecification","valueRequired":true,"valueName":"search_term_string"}}],"inLanguage":"uk"},{"@type":"Organization","@id":"https:\/\/europnet.eu\/uk\/#organization","name":"Europnet","url":"https:\/\/europnet.eu\/uk\/","logo":{"@type":"ImageObject","inLanguage":"uk","@id":"https:\/\/europnet.eu\/uk\/#\/schema\/logo\/image\/","url":"https:\/\/europnet.eu\/wp-content\/uploads\/2024\/01\/logo.webp","contentUrl":"https:\/\/europnet.eu\/wp-content\/uploads\/2024\/01\/logo.webp","width":1600,"height":294,"caption":"Europnet"},"image":{"@id":"https:\/\/europnet.eu\/uk\/#\/schema\/logo\/image\/"},"sameAs":["https:\/\/www.facebook.com\/europnet.imm","https:\/\/www.instagram.com\/europnet.imm\/"]}]}},"_links":{"self":[{"href":"https:\/\/europnet.eu\/uk\/wp-json\/wp\/v2\/product\/6831","targetHints":{"allow":["GET"]}}],"collection":[{"href":"https:\/\/europnet.eu\/uk\/wp-json\/wp\/v2\/product"}],"about":[{"href":"https:\/\/europnet.eu\/uk\/wp-json\/wp\/v2\/types\/product"}],"replies":[{"embeddable":true,"href":"https:\/\/europnet.eu\/uk\/wp-json\/wp\/v2\/comments?post=6831"}],"wp:featuredmedia":[{"embeddable":true,"href":"https:\/\/europnet.eu\/uk\/wp-json\/wp\/v2\/media\/5200"}],"wp:attachment":[{"href":"https:\/\/europnet.eu\/uk\/wp-json\/wp\/v2\/media?parent=6831"}],"wp:term":[{"taxonomy":"product_cat","embeddable":true,"href":"https:\/\/europnet.eu\/uk\/wp-json\/wp\/v2\/product_cat?post=6831"},{"taxonomy":"product_tag","embeddable":true,"href":"https:\/\/europnet.eu\/uk\/wp-json\/wp\/v2\/product_tag?post=6831"}],"curies":[{"name":"wp","href":"https:\/\/api.w.org\/{rel}","templated":true}]}}