{"id":4947,"date":"2025-10-20T15:47:59","date_gmt":"2025-10-20T13:47:59","guid":{"rendered":"https:\/\/europnet.eu\/?post_type=product&#038;p=4947"},"modified":"2026-01-08T13:30:22","modified_gmt":"2026-01-08T12:30:22","slug":"demag-systec-210-580-840-servo-2","status":"publish","type":"product","link":"https:\/\/europnet.eu\/uk\/produkt\/demag-systec-210-580-840-servo-2\/","title":{"rendered":"Demag Systec 210\/580-840 (Servo)"},"content":{"rendered":"<p>Ausstattung:<\/p>\n<ul>\n<li>Pumpenantriebsleistung: 26,0 kW<\/li>\n<li>Servomotorantrieb<\/li>\n<li>Bimetall, verschlei\u00dffeste Schnecke<\/li>\n<li>Flexibler Bewegungsablauf der Schlie\u00dfeinheit, M\u00f6glichkeit mehrfacher Bewegungen von Auswerfer und Kernen<\/li>\n<li>Auswerfer mit Positionsregelung, unabh\u00e4ngig programmierbar, synchron zur Formbewegung<\/li>\n<li>Einspritzen mit Regelpumpe (p+v-gesteuert, Closed Loop)<\/li>\n<li>Druckr\u00fcckf\u00fchrungssystem (RSP), 3-teilig<\/li>\n<li>Verst\u00e4rktes \u00d6lk\u00fchlsystem (Zufuhr bis 35 \u00b0C)<\/li>\n<\/ul>\n","protected":false},"excerpt":{"rendered":"<p>Ausstattung: Pumpenantriebsleistung: 26,0 kW Servomotorantrieb Bimetall, verschlei\u00dffeste Schnecke Flexibler Bewegungsablauf der Schlie\u00dfeinheit, M\u00f6glichkeit mehrfacher Bewegungen von Auswerfer und Kernen Auswerfer mit Positionsregelung, unabh\u00e4ngig programmierbar, synchron zur Formbewegung Einspritzen mit Regelpumpe (p+v-gesteuert, Closed Loop) Druckr\u00fcckf\u00fchrungssystem (RSP), 3-teilig Verst\u00e4rktes \u00d6lk\u00fchlsystem (Zufuhr bis 35 \u00b0C)<\/p>\n","protected":false},"featured_media":4632,"comment_status":"open","ping_status":"closed","template":"","meta":{"_acf_changed":false},"product_cat":[36],"product_tag":[],"class_list":{"0":"post-4947","1":"product","2":"type-product","3":"status-publish","4":"has-post-thumbnail","6":"product_cat-spritzgiessmaschinen","8":"first","9":"instock","10":"taxable","11":"shipping-taxable","12":"product-type-simple"},"acf":{"injection_unit":"...\/840","screw_diameter":"60","injection_pressure":"1352","injection_volume":"636","shot_capacity":"579","hydraulic_drive_power":"","cylinder_heating_capacity":"","ld_ratio":"20","clamping_unit":"210\/...","clamping_force":210,"plate_size":"860 x 860 ","distance_tie_bars":"580 x 580","ejection_force":"","mould_height":"","opening_stroke":"790","max_plate_spacing":"","ejector_stroke":"180","total_power_consumption":"","oil_filling":"","electronical_connection":"","weight":"","machine_dimensions":"","construction_year":"2019","control":"MC5","marketing_status":"available"},"yoast_head":"<!-- This site is optimized with the Yoast SEO Premium plugin v23.6 (Yoast SEO v23.6) - https:\/\/yoast.com\/wordpress\/plugins\/seo\/ -->\n<title>Demag Systec 210\/580-840 (Servo) - Europnet<\/title>\n<meta name=\"description\" content=\"Demag Systec 210\/580-840 Servo bei Europnet verf\u00fcgbar! Spritzgie\u00dfmaschine mit 210t Schlie\u00dfkraft &amp; 323g Spritzgewicht. Details hier.\" \/>\n<meta name=\"robots\" content=\"index, follow, max-snippet:-1, max-image-preview:large, max-video-preview:-1\" \/>\n<link rel=\"canonical\" href=\"https:\/\/europnet.eu\/uk\/produkt\/demag-systec-210-580-840-servo-2\/\" \/>\n<meta property=\"og:locale\" content=\"uk_UA\" \/>\n<meta property=\"og:type\" content=\"article\" \/>\n<meta property=\"og:title\" content=\"Demag Systec 210\/580-840 (Servo)\" \/>\n<meta property=\"og:description\" content=\"Demag Systec 210\/580-840 Servo bei Europnet verf\u00fcgbar! Spritzgie\u00dfmaschine mit 210t Schlie\u00dfkraft &amp; 323g Spritzgewicht. Details hier.\" \/>\n<meta property=\"og:url\" content=\"https:\/\/europnet.eu\/uk\/produkt\/demag-systec-210-580-840-servo-2\/\" \/>\n<meta property=\"og:site_name\" content=\"Europnet\" \/>\n<meta property=\"article:publisher\" content=\"https:\/\/www.facebook.com\/europnet.imm\" \/>\n<meta property=\"article:modified_time\" content=\"2026-01-08T12:30:22+00:00\" \/>\n<meta property=\"og:image\" content=\"https:\/\/europnet.eu\/wp-content\/uploads\/2025\/08\/Demag-Systec-210_580-840.png\" \/>\n\t<meta property=\"og:image:width\" content=\"410\" \/>\n\t<meta property=\"og:image:height\" content=\"317\" \/>\n\t<meta property=\"og:image:type\" content=\"image\/png\" \/>\n<meta name=\"twitter:card\" content=\"summary_large_image\" \/>\n<meta name=\"twitter:label1\" content=\"\u041f\u0440\u0438\u0431\u043b. \u0447\u0430\u0441 \u0447\u0438\u0442\u0430\u043d\u043d\u044f\" \/>\n\t<meta name=\"twitter:data1\" content=\"1 \u0445\u0432\u0438\u043b\u0438\u043d\u0430\" \/>\n<script type=\"application\/ld+json\" class=\"yoast-schema-graph\">{\"@context\":\"https:\/\/schema.org\",\"@graph\":[{\"@type\":\"WebPage\",\"@id\":\"https:\/\/europnet.eu\/uk\/produkt\/demag-systec-210-580-840-servo-2\/\",\"url\":\"https:\/\/europnet.eu\/uk\/produkt\/demag-systec-210-580-840-servo-2\/\",\"name\":\"Demag Systec 210\/580-840 (Servo) - Europnet\",\"isPartOf\":{\"@id\":\"https:\/\/europnet.eu\/uk\/#website\"},\"primaryImageOfPage\":{\"@id\":\"https:\/\/europnet.eu\/uk\/produkt\/demag-systec-210-580-840-servo-2\/#primaryimage\"},\"image\":{\"@id\":\"https:\/\/europnet.eu\/uk\/produkt\/demag-systec-210-580-840-servo-2\/#primaryimage\"},\"thumbnailUrl\":\"https:\/\/europnet.eu\/wp-content\/uploads\/2025\/08\/Demag-Systec-210_580-840.png\",\"datePublished\":\"2025-10-20T13:47:59+00:00\",\"dateModified\":\"2026-01-08T12:30:22+00:00\",\"description\":\"Demag Systec 210\/580-840 Servo bei Europnet verf\u00fcgbar! Spritzgie\u00dfmaschine mit 210t Schlie\u00dfkraft & 323g Spritzgewicht. Details hier.\",\"breadcrumb\":{\"@id\":\"https:\/\/europnet.eu\/uk\/produkt\/demag-systec-210-580-840-servo-2\/#breadcrumb\"},\"inLanguage\":\"uk\",\"potentialAction\":[{\"@type\":\"ReadAction\",\"target\":[\"https:\/\/europnet.eu\/uk\/produkt\/demag-systec-210-580-840-servo-2\/\"]}]},{\"@type\":\"ImageObject\",\"inLanguage\":\"uk\",\"@id\":\"https:\/\/europnet.eu\/uk\/produkt\/demag-systec-210-580-840-servo-2\/#primaryimage\",\"url\":\"https:\/\/europnet.eu\/wp-content\/uploads\/2025\/08\/Demag-Systec-210_580-840.png\",\"contentUrl\":\"https:\/\/europnet.eu\/wp-content\/uploads\/2025\/08\/Demag-Systec-210_580-840.png\",\"width\":410,\"height\":317,\"caption\":\"Demag Systec 210\/580-840 (Servo)\"},{\"@type\":\"BreadcrumbList\",\"@id\":\"https:\/\/europnet.eu\/uk\/produkt\/demag-systec-210-580-840-servo-2\/#breadcrumb\",\"itemListElement\":[{\"@type\":\"ListItem\",\"position\":1,\"name\":\"Home\",\"item\":\"https:\/\/europnet.eu\/uk\/\"},{\"@type\":\"ListItem\",\"position\":2,\"name\":\"Shop\",\"item\":\"https:\/\/europnet.eu\/uk\/shop\/\"},{\"@type\":\"ListItem\",\"position\":3,\"name\":\"Demag Systec 210\/580-840 (Servo)\"}]},{\"@type\":\"WebSite\",\"@id\":\"https:\/\/europnet.eu\/uk\/#website\",\"url\":\"https:\/\/europnet.eu\/uk\/\",\"name\":\"Europnet\",\"description\":\"\",\"publisher\":{\"@id\":\"https:\/\/europnet.eu\/uk\/#organization\"},\"potentialAction\":[{\"@type\":\"SearchAction\",\"target\":{\"@type\":\"EntryPoint\",\"urlTemplate\":\"https:\/\/europnet.eu\/uk\/?s={search_term_string}\"},\"query-input\":{\"@type\":\"PropertyValueSpecification\",\"valueRequired\":true,\"valueName\":\"search_term_string\"}}],\"inLanguage\":\"uk\"},{\"@type\":\"Organization\",\"@id\":\"https:\/\/europnet.eu\/uk\/#organization\",\"name\":\"Europnet\",\"url\":\"https:\/\/europnet.eu\/uk\/\",\"logo\":{\"@type\":\"ImageObject\",\"inLanguage\":\"uk\",\"@id\":\"https:\/\/europnet.eu\/uk\/#\/schema\/logo\/image\/\",\"url\":\"https:\/\/europnet.eu\/wp-content\/uploads\/2024\/01\/logo.webp\",\"contentUrl\":\"https:\/\/europnet.eu\/wp-content\/uploads\/2024\/01\/logo.webp\",\"width\":1600,\"height\":294,\"caption\":\"Europnet\"},\"image\":{\"@id\":\"https:\/\/europnet.eu\/uk\/#\/schema\/logo\/image\/\"},\"sameAs\":[\"https:\/\/www.facebook.com\/europnet.imm\",\"https:\/\/www.instagram.com\/europnet.imm\/\"]}]}<\/script>\n<!-- \/ Yoast SEO Premium plugin. -->","yoast_head_json":{"title":"Demag Systec 210\/580-840 (Servo) - Europnet","description":"Demag Systec 210\/580-840 Servo bei Europnet verf\u00fcgbar! Spritzgie\u00dfmaschine mit 210t Schlie\u00dfkraft & 323g Spritzgewicht. Details hier.","robots":{"index":"index","follow":"follow","max-snippet":"max-snippet:-1","max-image-preview":"max-image-preview:large","max-video-preview":"max-video-preview:-1"},"canonical":"https:\/\/europnet.eu\/uk\/produkt\/demag-systec-210-580-840-servo-2\/","og_locale":"uk_UA","og_type":"article","og_title":"Demag Systec 210\/580-840 (Servo)","og_description":"Demag Systec 210\/580-840 Servo bei Europnet verf\u00fcgbar! Spritzgie\u00dfmaschine mit 210t Schlie\u00dfkraft & 323g Spritzgewicht. Details hier.","og_url":"https:\/\/europnet.eu\/uk\/produkt\/demag-systec-210-580-840-servo-2\/","og_site_name":"Europnet","article_publisher":"https:\/\/www.facebook.com\/europnet.imm","article_modified_time":"2026-01-08T12:30:22+00:00","og_image":[{"width":410,"height":317,"url":"https:\/\/europnet.eu\/wp-content\/uploads\/2025\/08\/Demag-Systec-210_580-840.png","type":"image\/png"}],"twitter_card":"summary_large_image","twitter_misc":{"\u041f\u0440\u0438\u0431\u043b. \u0447\u0430\u0441 \u0447\u0438\u0442\u0430\u043d\u043d\u044f":"1 \u0445\u0432\u0438\u043b\u0438\u043d\u0430"},"schema":{"@context":"https:\/\/schema.org","@graph":[{"@type":"WebPage","@id":"https:\/\/europnet.eu\/uk\/produkt\/demag-systec-210-580-840-servo-2\/","url":"https:\/\/europnet.eu\/uk\/produkt\/demag-systec-210-580-840-servo-2\/","name":"Demag Systec 210\/580-840 (Servo) - Europnet","isPartOf":{"@id":"https:\/\/europnet.eu\/uk\/#website"},"primaryImageOfPage":{"@id":"https:\/\/europnet.eu\/uk\/produkt\/demag-systec-210-580-840-servo-2\/#primaryimage"},"image":{"@id":"https:\/\/europnet.eu\/uk\/produkt\/demag-systec-210-580-840-servo-2\/#primaryimage"},"thumbnailUrl":"https:\/\/europnet.eu\/wp-content\/uploads\/2025\/08\/Demag-Systec-210_580-840.png","datePublished":"2025-10-20T13:47:59+00:00","dateModified":"2026-01-08T12:30:22+00:00","description":"Demag Systec 210\/580-840 Servo bei Europnet verf\u00fcgbar! Spritzgie\u00dfmaschine mit 210t Schlie\u00dfkraft & 323g Spritzgewicht. Details hier.","breadcrumb":{"@id":"https:\/\/europnet.eu\/uk\/produkt\/demag-systec-210-580-840-servo-2\/#breadcrumb"},"inLanguage":"uk","potentialAction":[{"@type":"ReadAction","target":["https:\/\/europnet.eu\/uk\/produkt\/demag-systec-210-580-840-servo-2\/"]}]},{"@type":"ImageObject","inLanguage":"uk","@id":"https:\/\/europnet.eu\/uk\/produkt\/demag-systec-210-580-840-servo-2\/#primaryimage","url":"https:\/\/europnet.eu\/wp-content\/uploads\/2025\/08\/Demag-Systec-210_580-840.png","contentUrl":"https:\/\/europnet.eu\/wp-content\/uploads\/2025\/08\/Demag-Systec-210_580-840.png","width":410,"height":317,"caption":"Demag Systec 210\/580-840 (Servo)"},{"@type":"BreadcrumbList","@id":"https:\/\/europnet.eu\/uk\/produkt\/demag-systec-210-580-840-servo-2\/#breadcrumb","itemListElement":[{"@type":"ListItem","position":1,"name":"Home","item":"https:\/\/europnet.eu\/uk\/"},{"@type":"ListItem","position":2,"name":"Shop","item":"https:\/\/europnet.eu\/uk\/shop\/"},{"@type":"ListItem","position":3,"name":"Demag Systec 210\/580-840 (Servo)"}]},{"@type":"WebSite","@id":"https:\/\/europnet.eu\/uk\/#website","url":"https:\/\/europnet.eu\/uk\/","name":"Europnet","description":"","publisher":{"@id":"https:\/\/europnet.eu\/uk\/#organization"},"potentialAction":[{"@type":"SearchAction","target":{"@type":"EntryPoint","urlTemplate":"https:\/\/europnet.eu\/uk\/?s={search_term_string}"},"query-input":{"@type":"PropertyValueSpecification","valueRequired":true,"valueName":"search_term_string"}}],"inLanguage":"uk"},{"@type":"Organization","@id":"https:\/\/europnet.eu\/uk\/#organization","name":"Europnet","url":"https:\/\/europnet.eu\/uk\/","logo":{"@type":"ImageObject","inLanguage":"uk","@id":"https:\/\/europnet.eu\/uk\/#\/schema\/logo\/image\/","url":"https:\/\/europnet.eu\/wp-content\/uploads\/2024\/01\/logo.webp","contentUrl":"https:\/\/europnet.eu\/wp-content\/uploads\/2024\/01\/logo.webp","width":1600,"height":294,"caption":"Europnet"},"image":{"@id":"https:\/\/europnet.eu\/uk\/#\/schema\/logo\/image\/"},"sameAs":["https:\/\/www.facebook.com\/europnet.imm","https:\/\/www.instagram.com\/europnet.imm\/"]}]}},"_links":{"self":[{"href":"https:\/\/europnet.eu\/uk\/wp-json\/wp\/v2\/product\/4947","targetHints":{"allow":["GET"]}}],"collection":[{"href":"https:\/\/europnet.eu\/uk\/wp-json\/wp\/v2\/product"}],"about":[{"href":"https:\/\/europnet.eu\/uk\/wp-json\/wp\/v2\/types\/product"}],"replies":[{"embeddable":true,"href":"https:\/\/europnet.eu\/uk\/wp-json\/wp\/v2\/comments?post=4947"}],"wp:featuredmedia":[{"embeddable":true,"href":"https:\/\/europnet.eu\/uk\/wp-json\/wp\/v2\/media\/4632"}],"wp:attachment":[{"href":"https:\/\/europnet.eu\/uk\/wp-json\/wp\/v2\/media?parent=4947"}],"wp:term":[{"taxonomy":"product_cat","embeddable":true,"href":"https:\/\/europnet.eu\/uk\/wp-json\/wp\/v2\/product_cat?post=4947"},{"taxonomy":"product_tag","embeddable":true,"href":"https:\/\/europnet.eu\/uk\/wp-json\/wp\/v2\/product_tag?post=4947"}],"curies":[{"name":"wp","href":"https:\/\/api.w.org\/{rel}","templated":true}]}}