{"id":4424,"date":"2025-06-25T09:59:55","date_gmt":"2025-06-25T07:59:55","guid":{"rendered":"https:\/\/europnet.eu\/produkt\/arburg-allrounder-320c-500-250\/"},"modified":"2026-01-08T13:25:14","modified_gmt":"2026-01-08T12:25:14","slug":"arburg-allrounder-320c-500-250","status":"publish","type":"product","link":"https:\/\/europnet.eu\/uk\/produkt\/arburg-allrounder-320c-500-250\/","title":{"rendered":"Arburg Allrounder 320C 500-250"},"content":{"rendered":"<p>Ausstattung:<\/p>\n<p>2 x Hydraulikkern<\/p>\n","protected":false},"excerpt":{"rendered":"<p>Ausstattung: 2 x Hydraulikkern<\/p>\n","protected":false},"featured_media":4437,"comment_status":"open","ping_status":"closed","template":"","meta":{"_acf_changed":false},"product_cat":[36],"product_tag":[],"class_list":{"0":"post-4424","1":"product","2":"type-product","3":"status-publish","4":"has-post-thumbnail","6":"product_cat-spritzgiessmaschinen","8":"first","9":"instock","10":"taxable","11":"shipping-taxable","12":"product-type-simple"},"acf":{"injection_unit":"250","screw_diameter":"40","injection_pressure":"1390","injection_volume":"188","shot_capacity":"172","hydraulic_drive_power":"","cylinder_heating_capacity":"","ld_ratio":"17,5","clamping_unit":"500","clamping_force":50,"plate_size":"446 x 446","distance_tie_bars":"320 x 320","ejection_force":"30","mould_height":"200","opening_stroke":"350","max_plate_spacing":"550","ejector_stroke":"125","total_power_consumption":"","oil_filling":"160","electronical_connection":"","weight":"","machine_dimensions":"","construction_year":"10\/2000","control":"Selogica","marketing_status":"sold"},"yoast_head":"<!-- This site is optimized with the Yoast SEO Premium plugin v23.6 (Yoast SEO v23.6) - https:\/\/yoast.com\/wordpress\/plugins\/seo\/ -->\n<title>Arburg Allrounder 320C 500-250 - Europnet<\/title>\n<meta name=\"description\" content=\"Arburg Allrounder 320C 500-250 bei Europnet verf\u00fcgbar! Spritzgie\u00dfmaschine mit 50t Schlie\u00dfkraft &amp; 172g Spritzgewicht. Details hier.\" \/>\n<meta name=\"robots\" content=\"index, follow, max-snippet:-1, max-image-preview:large, max-video-preview:-1\" \/>\n<link rel=\"canonical\" href=\"https:\/\/europnet.eu\/uk\/produkt\/arburg-allrounder-320c-500-250\/\" \/>\n<meta property=\"og:locale\" content=\"uk_UA\" \/>\n<meta property=\"og:type\" content=\"article\" \/>\n<meta property=\"og:title\" content=\"Arburg Allrounder 320C 500-250\" \/>\n<meta property=\"og:description\" content=\"Arburg Allrounder 320C 500-250 bei Europnet verf\u00fcgbar! Spritzgie\u00dfmaschine mit 50t Schlie\u00dfkraft &amp; 172g Spritzgewicht. Details hier.\" \/>\n<meta property=\"og:url\" content=\"https:\/\/europnet.eu\/uk\/produkt\/arburg-allrounder-320c-500-250\/\" \/>\n<meta property=\"og:site_name\" content=\"Europnet\" \/>\n<meta property=\"article:publisher\" content=\"https:\/\/www.facebook.com\/europnet.imm\" \/>\n<meta property=\"article:modified_time\" content=\"2026-01-08T12:25:14+00:00\" \/>\n<meta property=\"og:image\" content=\"https:\/\/europnet.eu\/wp-content\/uploads\/2025\/06\/Arburg-320C-500-250_-2000r_photo-5-rotated-e1751026794906.jpg\" \/>\n\t<meta property=\"og:image:width\" content=\"2016\" \/>\n\t<meta property=\"og:image:height\" content=\"1512\" \/>\n\t<meta property=\"og:image:type\" content=\"image\/jpeg\" \/>\n<meta name=\"twitter:card\" content=\"summary_large_image\" \/>\n<meta name=\"twitter:label1\" content=\"\u041f\u0440\u0438\u0431\u043b. \u0447\u0430\u0441 \u0447\u0438\u0442\u0430\u043d\u043d\u044f\" \/>\n\t<meta name=\"twitter:data1\" content=\"1 \u0445\u0432\u0438\u043b\u0438\u043d\u0430\" \/>\n<script type=\"application\/ld+json\" class=\"yoast-schema-graph\">{\"@context\":\"https:\/\/schema.org\",\"@graph\":[{\"@type\":\"WebPage\",\"@id\":\"https:\/\/europnet.eu\/uk\/produkt\/arburg-allrounder-320c-500-250\/\",\"url\":\"https:\/\/europnet.eu\/uk\/produkt\/arburg-allrounder-320c-500-250\/\",\"name\":\"Arburg Allrounder 320C 500-250 - Europnet\",\"isPartOf\":{\"@id\":\"https:\/\/europnet.eu\/uk\/#website\"},\"primaryImageOfPage\":{\"@id\":\"https:\/\/europnet.eu\/uk\/produkt\/arburg-allrounder-320c-500-250\/#primaryimage\"},\"image\":{\"@id\":\"https:\/\/europnet.eu\/uk\/produkt\/arburg-allrounder-320c-500-250\/#primaryimage\"},\"thumbnailUrl\":\"https:\/\/europnet.eu\/wp-content\/uploads\/2025\/06\/Arburg-320C-500-250_-2000r_photo-5-rotated-e1751026794906.jpg\",\"datePublished\":\"2025-06-25T07:59:55+00:00\",\"dateModified\":\"2026-01-08T12:25:14+00:00\",\"description\":\"Arburg Allrounder 320C 500-250 bei Europnet verf\u00fcgbar! Spritzgie\u00dfmaschine mit 50t Schlie\u00dfkraft & 172g Spritzgewicht. Details hier.\",\"breadcrumb\":{\"@id\":\"https:\/\/europnet.eu\/uk\/produkt\/arburg-allrounder-320c-500-250\/#breadcrumb\"},\"inLanguage\":\"uk\",\"potentialAction\":[{\"@type\":\"ReadAction\",\"target\":[\"https:\/\/europnet.eu\/uk\/produkt\/arburg-allrounder-320c-500-250\/\"]}]},{\"@type\":\"ImageObject\",\"inLanguage\":\"uk\",\"@id\":\"https:\/\/europnet.eu\/uk\/produkt\/arburg-allrounder-320c-500-250\/#primaryimage\",\"url\":\"https:\/\/europnet.eu\/wp-content\/uploads\/2025\/06\/Arburg-320C-500-250_-2000r_photo-5-rotated-e1751026794906.jpg\",\"contentUrl\":\"https:\/\/europnet.eu\/wp-content\/uploads\/2025\/06\/Arburg-320C-500-250_-2000r_photo-5-rotated-e1751026794906.jpg\",\"width\":2016,\"height\":1512,\"caption\":\"Arburg Allrounder 320C 500-250 von Europnet\"},{\"@type\":\"BreadcrumbList\",\"@id\":\"https:\/\/europnet.eu\/uk\/produkt\/arburg-allrounder-320c-500-250\/#breadcrumb\",\"itemListElement\":[{\"@type\":\"ListItem\",\"position\":1,\"name\":\"Home\",\"item\":\"https:\/\/europnet.eu\/uk\/\"},{\"@type\":\"ListItem\",\"position\":2,\"name\":\"Shop\",\"item\":\"https:\/\/europnet.eu\/uk\/shop\/\"},{\"@type\":\"ListItem\",\"position\":3,\"name\":\"Arburg Allrounder 320C 500-250\"}]},{\"@type\":\"WebSite\",\"@id\":\"https:\/\/europnet.eu\/uk\/#website\",\"url\":\"https:\/\/europnet.eu\/uk\/\",\"name\":\"Europnet\",\"description\":\"\",\"publisher\":{\"@id\":\"https:\/\/europnet.eu\/uk\/#organization\"},\"potentialAction\":[{\"@type\":\"SearchAction\",\"target\":{\"@type\":\"EntryPoint\",\"urlTemplate\":\"https:\/\/europnet.eu\/uk\/?s={search_term_string}\"},\"query-input\":{\"@type\":\"PropertyValueSpecification\",\"valueRequired\":true,\"valueName\":\"search_term_string\"}}],\"inLanguage\":\"uk\"},{\"@type\":\"Organization\",\"@id\":\"https:\/\/europnet.eu\/uk\/#organization\",\"name\":\"Europnet\",\"url\":\"https:\/\/europnet.eu\/uk\/\",\"logo\":{\"@type\":\"ImageObject\",\"inLanguage\":\"uk\",\"@id\":\"https:\/\/europnet.eu\/uk\/#\/schema\/logo\/image\/\",\"url\":\"https:\/\/europnet.eu\/wp-content\/uploads\/2024\/01\/logo.webp\",\"contentUrl\":\"https:\/\/europnet.eu\/wp-content\/uploads\/2024\/01\/logo.webp\",\"width\":1600,\"height\":294,\"caption\":\"Europnet\"},\"image\":{\"@id\":\"https:\/\/europnet.eu\/uk\/#\/schema\/logo\/image\/\"},\"sameAs\":[\"https:\/\/www.facebook.com\/europnet.imm\",\"https:\/\/www.instagram.com\/europnet.imm\/\"]}]}<\/script>\n<!-- \/ Yoast SEO Premium plugin. -->","yoast_head_json":{"title":"Arburg Allrounder 320C 500-250 - Europnet","description":"Arburg Allrounder 320C 500-250 bei Europnet verf\u00fcgbar! Spritzgie\u00dfmaschine mit 50t Schlie\u00dfkraft & 172g Spritzgewicht. Details hier.","robots":{"index":"index","follow":"follow","max-snippet":"max-snippet:-1","max-image-preview":"max-image-preview:large","max-video-preview":"max-video-preview:-1"},"canonical":"https:\/\/europnet.eu\/uk\/produkt\/arburg-allrounder-320c-500-250\/","og_locale":"uk_UA","og_type":"article","og_title":"Arburg Allrounder 320C 500-250","og_description":"Arburg Allrounder 320C 500-250 bei Europnet verf\u00fcgbar! Spritzgie\u00dfmaschine mit 50t Schlie\u00dfkraft & 172g Spritzgewicht. Details hier.","og_url":"https:\/\/europnet.eu\/uk\/produkt\/arburg-allrounder-320c-500-250\/","og_site_name":"Europnet","article_publisher":"https:\/\/www.facebook.com\/europnet.imm","article_modified_time":"2026-01-08T12:25:14+00:00","og_image":[{"width":2016,"height":1512,"url":"https:\/\/europnet.eu\/wp-content\/uploads\/2025\/06\/Arburg-320C-500-250_-2000r_photo-5-rotated-e1751026794906.jpg","type":"image\/jpeg"}],"twitter_card":"summary_large_image","twitter_misc":{"\u041f\u0440\u0438\u0431\u043b. \u0447\u0430\u0441 \u0447\u0438\u0442\u0430\u043d\u043d\u044f":"1 \u0445\u0432\u0438\u043b\u0438\u043d\u0430"},"schema":{"@context":"https:\/\/schema.org","@graph":[{"@type":"WebPage","@id":"https:\/\/europnet.eu\/uk\/produkt\/arburg-allrounder-320c-500-250\/","url":"https:\/\/europnet.eu\/uk\/produkt\/arburg-allrounder-320c-500-250\/","name":"Arburg Allrounder 320C 500-250 - Europnet","isPartOf":{"@id":"https:\/\/europnet.eu\/uk\/#website"},"primaryImageOfPage":{"@id":"https:\/\/europnet.eu\/uk\/produkt\/arburg-allrounder-320c-500-250\/#primaryimage"},"image":{"@id":"https:\/\/europnet.eu\/uk\/produkt\/arburg-allrounder-320c-500-250\/#primaryimage"},"thumbnailUrl":"https:\/\/europnet.eu\/wp-content\/uploads\/2025\/06\/Arburg-320C-500-250_-2000r_photo-5-rotated-e1751026794906.jpg","datePublished":"2025-06-25T07:59:55+00:00","dateModified":"2026-01-08T12:25:14+00:00","description":"Arburg Allrounder 320C 500-250 bei Europnet verf\u00fcgbar! Spritzgie\u00dfmaschine mit 50t Schlie\u00dfkraft & 172g Spritzgewicht. Details hier.","breadcrumb":{"@id":"https:\/\/europnet.eu\/uk\/produkt\/arburg-allrounder-320c-500-250\/#breadcrumb"},"inLanguage":"uk","potentialAction":[{"@type":"ReadAction","target":["https:\/\/europnet.eu\/uk\/produkt\/arburg-allrounder-320c-500-250\/"]}]},{"@type":"ImageObject","inLanguage":"uk","@id":"https:\/\/europnet.eu\/uk\/produkt\/arburg-allrounder-320c-500-250\/#primaryimage","url":"https:\/\/europnet.eu\/wp-content\/uploads\/2025\/06\/Arburg-320C-500-250_-2000r_photo-5-rotated-e1751026794906.jpg","contentUrl":"https:\/\/europnet.eu\/wp-content\/uploads\/2025\/06\/Arburg-320C-500-250_-2000r_photo-5-rotated-e1751026794906.jpg","width":2016,"height":1512,"caption":"Arburg Allrounder 320C 500-250 von Europnet"},{"@type":"BreadcrumbList","@id":"https:\/\/europnet.eu\/uk\/produkt\/arburg-allrounder-320c-500-250\/#breadcrumb","itemListElement":[{"@type":"ListItem","position":1,"name":"Home","item":"https:\/\/europnet.eu\/uk\/"},{"@type":"ListItem","position":2,"name":"Shop","item":"https:\/\/europnet.eu\/uk\/shop\/"},{"@type":"ListItem","position":3,"name":"Arburg Allrounder 320C 500-250"}]},{"@type":"WebSite","@id":"https:\/\/europnet.eu\/uk\/#website","url":"https:\/\/europnet.eu\/uk\/","name":"Europnet","description":"","publisher":{"@id":"https:\/\/europnet.eu\/uk\/#organization"},"potentialAction":[{"@type":"SearchAction","target":{"@type":"EntryPoint","urlTemplate":"https:\/\/europnet.eu\/uk\/?s={search_term_string}"},"query-input":{"@type":"PropertyValueSpecification","valueRequired":true,"valueName":"search_term_string"}}],"inLanguage":"uk"},{"@type":"Organization","@id":"https:\/\/europnet.eu\/uk\/#organization","name":"Europnet","url":"https:\/\/europnet.eu\/uk\/","logo":{"@type":"ImageObject","inLanguage":"uk","@id":"https:\/\/europnet.eu\/uk\/#\/schema\/logo\/image\/","url":"https:\/\/europnet.eu\/wp-content\/uploads\/2024\/01\/logo.webp","contentUrl":"https:\/\/europnet.eu\/wp-content\/uploads\/2024\/01\/logo.webp","width":1600,"height":294,"caption":"Europnet"},"image":{"@id":"https:\/\/europnet.eu\/uk\/#\/schema\/logo\/image\/"},"sameAs":["https:\/\/www.facebook.com\/europnet.imm","https:\/\/www.instagram.com\/europnet.imm\/"]}]}},"_links":{"self":[{"href":"https:\/\/europnet.eu\/uk\/wp-json\/wp\/v2\/product\/4424","targetHints":{"allow":["GET"]}}],"collection":[{"href":"https:\/\/europnet.eu\/uk\/wp-json\/wp\/v2\/product"}],"about":[{"href":"https:\/\/europnet.eu\/uk\/wp-json\/wp\/v2\/types\/product"}],"replies":[{"embeddable":true,"href":"https:\/\/europnet.eu\/uk\/wp-json\/wp\/v2\/comments?post=4424"}],"wp:featuredmedia":[{"embeddable":true,"href":"https:\/\/europnet.eu\/uk\/wp-json\/wp\/v2\/media\/4437"}],"wp:attachment":[{"href":"https:\/\/europnet.eu\/uk\/wp-json\/wp\/v2\/media?parent=4424"}],"wp:term":[{"taxonomy":"product_cat","embeddable":true,"href":"https:\/\/europnet.eu\/uk\/wp-json\/wp\/v2\/product_cat?post=4424"},{"taxonomy":"product_tag","embeddable":true,"href":"https:\/\/europnet.eu\/uk\/wp-json\/wp\/v2\/product_tag?post=4424"}],"curies":[{"name":"wp","href":"https:\/\/api.w.org\/{rel}","templated":true}]}}