{"id":6919,"date":"2026-03-10T11:50:23","date_gmt":"2026-03-10T10:50:23","guid":{"rendered":"https:\/\/europnet.eu\/?post_type=product&#038;p=6919"},"modified":"2026-03-16T14:34:04","modified_gmt":"2026-03-16T13:34:04","slug":"haitian-jupiter-iii-6500-4630","status":"publish","type":"product","link":"https:\/\/europnet.eu\/pl\/produkt\/haitian-jupiter-iii-6500-4630\/","title":{"rendered":"Haitian Jupiter III-6500\/4630"},"content":{"rendered":"<p><strong>Jednostka zamykania<\/strong><\/p>\n<p>Technologia dw\u00f3ch p\u0142yt \u2013 hydrauliczna si\u0142a zamykania<\/p>\n<p>Ruch zamykania formy przez dwa diagonalne cylindry<\/p>\n<p>Funkcja ochrony formy<\/p>\n<p>Prowadzenie liniowe dla BWAP (MAIII PLUS, MA-F)<\/p>\n<p>Zestaw dysz natryskowych<\/p>\n<p>Zamkni\u0119cie i otwarcie formy (maks. 5-stopniowe, min. 3-stopniowe)<\/p>\n<p>Ograniczenie wysoko\u015bci formy przez czujnik kra\u0144cowy<\/p>\n<p>P\u0142yty mocuj\u0105ce zgodne ze standardem Euromap<\/p>\n<p>Funkcja cofania wypychacza<\/p>\n<p>Wska\u017anik pozycji wypychacza<\/p>\n<p>Regulowane ustawienie zerowe wypychacza<\/p>\n<p>Op\u00f3\u017anienie wypychacza<\/p>\n<p>Dezaktywacja wypychacza<\/p>\n<p>2 stopnie pracy wypychacza<\/p>\n<p>Funkcja podtrzymania wypychacza do przodu<\/p>\n<p>2-stopniowa regulacja pr\u0119dko\u015bci i ci\u015bnienia wypychacza (do przodu i do ty\u0142u)<\/p>\n<p>Szybkoz\u0142\u0105cze wypychacza w standardzie europejskim<\/p>\n<p>Interfejs robota zgodny z Euromap 18<\/p>\n<p>Centralne smarowanie<\/p>\n<p>Czujnik fotoelektryczny dla zsypu detali (do 1900 kN)<\/p>\n<p>Rozdzielacz wody ch\u0142odz\u0105cej<\/p>\n<p><strong>Jednostka wtryskowa<\/strong><\/p>\n<p>Standardowa dysza w zestawie<\/p>\n<p>Zabezpieczenie dyszy<\/p>\n<p>6-stopniowa regulacja pr\u0119dko\u015bci wtrysku (min. 1 stopie\u0144, max. 6 stopni)<\/p>\n<p>6-stopniowe ci\u015bnienie docisku (nacisku)<\/p>\n<p>5-stopniowa pr\u0119dko\u015b\u0107 obrotowa \u015blimaka<\/p>\n<p>5-stopniowe przeciwci\u015bnienie<\/p>\n<p>Dok\u0142adno\u015b\u0107 wskazania pozycji \u015blimaka: 0,1 mm<\/p>\n<p>Dok\u0142adno\u015b\u0107 wskazania pr\u0119dko\u015bci \u015blimaka: 1 mm\/s<\/p>\n<p>Dok\u0142adno\u015b\u0107 wskazania ci\u015bnienia wtrysku: 1 bar<\/p>\n<p>Dok\u0142adno\u015b\u0107 pomiaru czasu: 0,1 s<\/p>\n<p>Op\u00f3\u017anienie wtrysku<\/p>\n<p>Op\u00f3\u017anienie dozowania<\/p>\n<p>Automatyczne p\u0142ukanie cylindra<\/p>\n<p>Regulacja temperatury cylindra (PID \/ proporcjonalna \/ wy\u0142\u0105czona)<\/p>\n<p>Ceramiczne opaski grzewcze z czujnikiem temperatury typu K<\/p>\n<p>Regulacja temperatury cylindra<\/p>\n<p>Op\u00f3\u017anienie startu do osi\u0105gni\u0119cia temperatury cylindra<\/p>\n<p>Samodostosowuj\u0105ca regulacja temperatury cylindra<\/p>\n<p>Programowalne ci\u015bnienie docisku<\/p>\n<p>Regulowana si\u0142a docisku dyszy<\/p>\n<p>Regulowana pozycja dyszy wzgl\u0119dem formy<\/p>\n<p>Elektroniczne sterowanie i oprogramowanie<\/p>\n<p>Interfejs USB do wymiany danych<\/p>\n<p>Karta CF dla ponad 100 zestaw\u00f3w danych form<\/p>\n<p>Wy\u015bwietlanie wej\u015b\u0107 i wyj\u015b\u0107 na ekranie<\/p>\n<p>Alarm serwisowy<\/p>\n<p>Funkcja ochrony poprzez g\u0142\u00f3wny wy\u0142\u0105cznik<\/p>\n<p>Wszystkie komponenty elektryczne zgodne z CE<\/p>\n<p>Zasilanie tr\u00f3jfazowe (3\u00d7400 V \/ 16 A)<\/p>\n<p>Wy\u0142\u0105cznik awaryjny<\/p>\n<p>Filtr pr\u0105du pomocniczego 3R<\/p>\n<p>Komponenty hydrauliczne Rexroth lub Vickers<\/p>\n<p>Zaw\u00f3r bezpiecze\u0144stwa hydrauliki<\/p>\n<p>Norma bezpiecze\u0144stwa EN 201<\/p>\n<p>Deklaracja CE<\/p>\n","protected":false},"excerpt":{"rendered":"<p>Jednostka zamykania Technologia dw\u00f3ch p\u0142yt \u2013 hydrauliczna si\u0142a zamykania Ruch zamykania formy przez dwa diagonalne cylindry Funkcja ochrony formy Prowadzenie liniowe dla BWAP (MAIII PLUS, MA-F) Zestaw dysz natryskowych Zamkni\u0119cie i otwarcie formy (maks. 5-stopniowe, min. 3-stopniowe) Ograniczenie wysoko\u015bci formy przez czujnik kra\u0144cowy P\u0142yty mocuj\u0105ce zgodne ze standardem Euromap Funkcja cofania wypychacza Wska\u017anik pozycji wypychacza [&hellip;]<\/p>\n","protected":false},"featured_media":0,"comment_status":"open","ping_status":"closed","template":"","meta":{"_acf_changed":false},"product_cat":[207],"product_tag":[],"class_list":{"0":"post-6919","1":"product","2":"type-product","3":"status-publish","5":"product_cat-oferta-wtryskarek-pl","7":"first","8":"instock","9":"taxable","10":"shipping-taxable","11":"product-type-simple"},"acf":{"injection_unit":"...\/4630","screw_diameter":"80","injection_pressure":"2090","injection_volume":"2212","shot_capacity":"","hydraulic_drive_power":"113","cylinder_heating_capacity":"","ld_ratio":"22","clamping_unit":"6500\/...","clamping_force":650,"plate_size":"","distance_tie_bars":"1040 x 910","ejection_force":"110","mould_height":"400","opening_stroke":"950","max_plate_spacing":"1350","ejector_stroke":"250","total_power_consumption":"","oil_filling":"","electronical_connection":"","weight":"27000","machine_dimensions":"","construction_year":"2024","control":"KEBA 2985","marketing_status":"available"},"yoast_head":"<!-- This site is optimized with the Yoast SEO Premium plugin v23.6 (Yoast SEO v23.6) - https:\/\/yoast.com\/wordpress\/plugins\/seo\/ -->\n<title>Haitian Jupiter III-6500\/4630 - Europnet<\/title>\n<meta name=\"robots\" content=\"index, follow, max-snippet:-1, max-image-preview:large, max-video-preview:-1\" \/>\n<link rel=\"canonical\" href=\"https:\/\/europnet.eu\/pl\/produkt\/haitian-jupiter-iii-6500-4630\/\" \/>\n<meta property=\"og:locale\" content=\"pl_PL\" \/>\n<meta property=\"og:type\" content=\"article\" \/>\n<meta property=\"og:title\" content=\"Haitian Jupiter III-6500\/4630\" \/>\n<meta property=\"og:description\" content=\"Jednostka zamykania Technologia dw\u00f3ch p\u0142yt \u2013 hydrauliczna si\u0142a zamykania Ruch zamykania formy przez dwa diagonalne cylindry Funkcja ochrony formy Prowadzenie liniowe dla BWAP (MAIII PLUS, MA-F) Zestaw dysz natryskowych Zamkni\u0119cie i otwarcie formy (maks. 5-stopniowe, min. 3-stopniowe) Ograniczenie wysoko\u015bci formy przez czujnik kra\u0144cowy P\u0142yty mocuj\u0105ce zgodne ze standardem Euromap Funkcja cofania wypychacza Wska\u017anik pozycji wypychacza [&hellip;]\" \/>\n<meta property=\"og:url\" content=\"https:\/\/europnet.eu\/pl\/produkt\/haitian-jupiter-iii-6500-4630\/\" \/>\n<meta property=\"og:site_name\" content=\"Europnet\" \/>\n<meta property=\"article:publisher\" content=\"https:\/\/www.facebook.com\/europnet.imm\" \/>\n<meta property=\"article:modified_time\" content=\"2026-03-16T13:34:04+00:00\" \/>\n<meta name=\"twitter:card\" content=\"summary_large_image\" \/>\n<meta name=\"twitter:label1\" content=\"Szacowany czas czytania\" \/>\n\t<meta name=\"twitter:data1\" content=\"2 minuty\" \/>\n<script type=\"application\/ld+json\" class=\"yoast-schema-graph\">{\"@context\":\"https:\/\/schema.org\",\"@graph\":[{\"@type\":\"WebPage\",\"@id\":\"https:\/\/europnet.eu\/pl\/produkt\/haitian-jupiter-iii-6500-4630\/\",\"url\":\"https:\/\/europnet.eu\/pl\/produkt\/haitian-jupiter-iii-6500-4630\/\",\"name\":\"Haitian Jupiter III-6500\/4630 - Europnet\",\"isPartOf\":{\"@id\":\"https:\/\/europnet.eu\/pl\/#website\"},\"datePublished\":\"2026-03-10T10:50:23+00:00\",\"dateModified\":\"2026-03-16T13:34:04+00:00\",\"breadcrumb\":{\"@id\":\"https:\/\/europnet.eu\/pl\/produkt\/haitian-jupiter-iii-6500-4630\/#breadcrumb\"},\"inLanguage\":\"pl-PL\",\"potentialAction\":[{\"@type\":\"ReadAction\",\"target\":[\"https:\/\/europnet.eu\/pl\/produkt\/haitian-jupiter-iii-6500-4630\/\"]}]},{\"@type\":\"BreadcrumbList\",\"@id\":\"https:\/\/europnet.eu\/pl\/produkt\/haitian-jupiter-iii-6500-4630\/#breadcrumb\",\"itemListElement\":[{\"@type\":\"ListItem\",\"position\":1,\"name\":\"Strona g\u0142\u00f3wna\",\"item\":\"https:\/\/europnet.eu\/pl\/\"},{\"@type\":\"ListItem\",\"position\":2,\"name\":\"Shop\",\"item\":\"https:\/\/europnet.eu\/pl\/shop\/\"},{\"@type\":\"ListItem\",\"position\":3,\"name\":\"Haitian Jupiter III-6500\/4630\"}]},{\"@type\":\"WebSite\",\"@id\":\"https:\/\/europnet.eu\/pl\/#website\",\"url\":\"https:\/\/europnet.eu\/pl\/\",\"name\":\"Europnet\",\"description\":\"\",\"publisher\":{\"@id\":\"https:\/\/europnet.eu\/pl\/#organization\"},\"potentialAction\":[{\"@type\":\"SearchAction\",\"target\":{\"@type\":\"EntryPoint\",\"urlTemplate\":\"https:\/\/europnet.eu\/pl\/?s={search_term_string}\"},\"query-input\":{\"@type\":\"PropertyValueSpecification\",\"valueRequired\":true,\"valueName\":\"search_term_string\"}}],\"inLanguage\":\"pl-PL\"},{\"@type\":\"Organization\",\"@id\":\"https:\/\/europnet.eu\/pl\/#organization\",\"name\":\"Europnet\",\"url\":\"https:\/\/europnet.eu\/pl\/\",\"logo\":{\"@type\":\"ImageObject\",\"inLanguage\":\"pl-PL\",\"@id\":\"https:\/\/europnet.eu\/pl\/#\/schema\/logo\/image\/\",\"url\":\"https:\/\/europnet.eu\/wp-content\/uploads\/2024\/01\/logo.webp\",\"contentUrl\":\"https:\/\/europnet.eu\/wp-content\/uploads\/2024\/01\/logo.webp\",\"width\":1600,\"height\":294,\"caption\":\"Europnet\"},\"image\":{\"@id\":\"https:\/\/europnet.eu\/pl\/#\/schema\/logo\/image\/\"},\"sameAs\":[\"https:\/\/www.facebook.com\/europnet.imm\",\"https:\/\/www.instagram.com\/europnet.imm\/\"]}]}<\/script>\n<!-- \/ Yoast SEO Premium plugin. -->","yoast_head_json":{"title":"Haitian Jupiter III-6500\/4630 - Europnet","robots":{"index":"index","follow":"follow","max-snippet":"max-snippet:-1","max-image-preview":"max-image-preview:large","max-video-preview":"max-video-preview:-1"},"canonical":"https:\/\/europnet.eu\/pl\/produkt\/haitian-jupiter-iii-6500-4630\/","og_locale":"pl_PL","og_type":"article","og_title":"Haitian Jupiter III-6500\/4630","og_description":"Jednostka zamykania Technologia dw\u00f3ch p\u0142yt \u2013 hydrauliczna si\u0142a zamykania Ruch zamykania formy przez dwa diagonalne cylindry Funkcja ochrony formy Prowadzenie liniowe dla BWAP (MAIII PLUS, MA-F) Zestaw dysz natryskowych Zamkni\u0119cie i otwarcie formy (maks. 5-stopniowe, min. 3-stopniowe) Ograniczenie wysoko\u015bci formy przez czujnik kra\u0144cowy P\u0142yty mocuj\u0105ce zgodne ze standardem Euromap Funkcja cofania wypychacza Wska\u017anik pozycji wypychacza [&hellip;]","og_url":"https:\/\/europnet.eu\/pl\/produkt\/haitian-jupiter-iii-6500-4630\/","og_site_name":"Europnet","article_publisher":"https:\/\/www.facebook.com\/europnet.imm","article_modified_time":"2026-03-16T13:34:04+00:00","twitter_card":"summary_large_image","twitter_misc":{"Szacowany czas czytania":"2 minuty"},"schema":{"@context":"https:\/\/schema.org","@graph":[{"@type":"WebPage","@id":"https:\/\/europnet.eu\/pl\/produkt\/haitian-jupiter-iii-6500-4630\/","url":"https:\/\/europnet.eu\/pl\/produkt\/haitian-jupiter-iii-6500-4630\/","name":"Haitian Jupiter III-6500\/4630 - Europnet","isPartOf":{"@id":"https:\/\/europnet.eu\/pl\/#website"},"datePublished":"2026-03-10T10:50:23+00:00","dateModified":"2026-03-16T13:34:04+00:00","breadcrumb":{"@id":"https:\/\/europnet.eu\/pl\/produkt\/haitian-jupiter-iii-6500-4630\/#breadcrumb"},"inLanguage":"pl-PL","potentialAction":[{"@type":"ReadAction","target":["https:\/\/europnet.eu\/pl\/produkt\/haitian-jupiter-iii-6500-4630\/"]}]},{"@type":"BreadcrumbList","@id":"https:\/\/europnet.eu\/pl\/produkt\/haitian-jupiter-iii-6500-4630\/#breadcrumb","itemListElement":[{"@type":"ListItem","position":1,"name":"Strona g\u0142\u00f3wna","item":"https:\/\/europnet.eu\/pl\/"},{"@type":"ListItem","position":2,"name":"Shop","item":"https:\/\/europnet.eu\/pl\/shop\/"},{"@type":"ListItem","position":3,"name":"Haitian Jupiter III-6500\/4630"}]},{"@type":"WebSite","@id":"https:\/\/europnet.eu\/pl\/#website","url":"https:\/\/europnet.eu\/pl\/","name":"Europnet","description":"","publisher":{"@id":"https:\/\/europnet.eu\/pl\/#organization"},"potentialAction":[{"@type":"SearchAction","target":{"@type":"EntryPoint","urlTemplate":"https:\/\/europnet.eu\/pl\/?s={search_term_string}"},"query-input":{"@type":"PropertyValueSpecification","valueRequired":true,"valueName":"search_term_string"}}],"inLanguage":"pl-PL"},{"@type":"Organization","@id":"https:\/\/europnet.eu\/pl\/#organization","name":"Europnet","url":"https:\/\/europnet.eu\/pl\/","logo":{"@type":"ImageObject","inLanguage":"pl-PL","@id":"https:\/\/europnet.eu\/pl\/#\/schema\/logo\/image\/","url":"https:\/\/europnet.eu\/wp-content\/uploads\/2024\/01\/logo.webp","contentUrl":"https:\/\/europnet.eu\/wp-content\/uploads\/2024\/01\/logo.webp","width":1600,"height":294,"caption":"Europnet"},"image":{"@id":"https:\/\/europnet.eu\/pl\/#\/schema\/logo\/image\/"},"sameAs":["https:\/\/www.facebook.com\/europnet.imm","https:\/\/www.instagram.com\/europnet.imm\/"]}]}},"_links":{"self":[{"href":"https:\/\/europnet.eu\/pl\/wp-json\/wp\/v2\/product\/6919","targetHints":{"allow":["GET"]}}],"collection":[{"href":"https:\/\/europnet.eu\/pl\/wp-json\/wp\/v2\/product"}],"about":[{"href":"https:\/\/europnet.eu\/pl\/wp-json\/wp\/v2\/types\/product"}],"replies":[{"embeddable":true,"href":"https:\/\/europnet.eu\/pl\/wp-json\/wp\/v2\/comments?post=6919"}],"wp:attachment":[{"href":"https:\/\/europnet.eu\/pl\/wp-json\/wp\/v2\/media?parent=6919"}],"wp:term":[{"taxonomy":"product_cat","embeddable":true,"href":"https:\/\/europnet.eu\/pl\/wp-json\/wp\/v2\/product_cat?post=6919"},{"taxonomy":"product_tag","embeddable":true,"href":"https:\/\/europnet.eu\/pl\/wp-json\/wp\/v2\/product_tag?post=6919"}],"curies":[{"name":"wp","href":"https:\/\/api.w.org\/{rel}","templated":true}]}}