{"id":6804,"date":"2025-11-05T12:40:45","date_gmt":"2025-11-05T11:40:45","guid":{"rendered":"https:\/\/europnet.eu\/?post_type=product&#038;p=6804"},"modified":"2026-03-05T14:13:42","modified_gmt":"2026-03-05T13:13:42","slug":"krauss-maffei-km-130-750-cx","status":"publish","type":"product","link":"https:\/\/europnet.eu\/pl\/produkt\/krauss-maffei-km-130-750-cx\/","title":{"rendered":"Krauss Maffei KM 130\/750 CX"},"content":{"rendered":"<p>Wyposa\u017cenie:<\/p>\n<ul>\n<li>rdze\u0144 hydrauliczny<\/li>\n<li>zaw\u00f3r pneumatyczny<\/li>\n<li>4-sekcyjne rotametry (2szt.)<\/li>\n<li>bimetaliczny uk\u0142ad wtryskowy<\/li>\n<\/ul>\n","protected":false},"excerpt":{"rendered":"<p>Wyposa\u017cenie: rdze\u0144 hydrauliczny zaw\u00f3r pneumatyczny 4-sekcyjne rotametry (2szt.) bimetaliczny uk\u0142ad wtryskowy<\/p>\n","protected":false},"featured_media":6826,"comment_status":"open","ping_status":"closed","template":"","meta":{"_acf_changed":false},"product_cat":[207],"product_tag":[],"class_list":{"0":"post-6804","1":"product","2":"type-product","3":"status-publish","4":"has-post-thumbnail","6":"product_cat-oferta-wtryskarek-pl","8":"first","9":"instock","10":"taxable","11":"shipping-taxable","12":"product-type-simple"},"acf":{"injection_unit":"...\/750","screw_diameter":"45","injection_pressure":"2336","injection_volume":"318","shot_capacity":"289,4","hydraulic_drive_power":"","cylinder_heating_capacity":"","ld_ratio":"22,4","clamping_unit":"130\/...","clamping_force":130,"plate_size":"745 x 770","distance_tie_bars":"470 x 470 ","ejection_force":"22,6","mould_height":"300","opening_stroke":"600","max_plate_spacing":"900","ejector_stroke":"150","total_power_consumption":"","oil_filling":"","electronical_connection":"","weight":"6200","machine_dimensions":"4,5 x 1,5 x 2,2","construction_year":"2011","control":"MC5 ","marketing_status":"sold"},"yoast_head":"<!-- This site is optimized with the Yoast SEO Premium plugin v23.6 (Yoast SEO v23.6) - https:\/\/yoast.com\/wordpress\/plugins\/seo\/ -->\n<title>Krauss Maffei KM 130\/750 CX - Europnet<\/title>\n<meta name=\"robots\" content=\"index, follow, max-snippet:-1, max-image-preview:large, max-video-preview:-1\" \/>\n<link rel=\"canonical\" href=\"https:\/\/europnet.eu\/pl\/produkt\/krauss-maffei-km-130-750-cx\/\" \/>\n<meta property=\"og:locale\" content=\"pl_PL\" \/>\n<meta property=\"og:type\" content=\"article\" \/>\n<meta property=\"og:title\" content=\"Krauss Maffei KM 130\/750 CX\" \/>\n<meta property=\"og:description\" content=\"Wyposa\u017cenie: rdze\u0144 hydrauliczny zaw\u00f3r pneumatyczny 4-sekcyjne rotametry (2szt.) bimetaliczny uk\u0142ad wtryskowy\" \/>\n<meta property=\"og:url\" content=\"https:\/\/europnet.eu\/pl\/produkt\/krauss-maffei-km-130-750-cx\/\" \/>\n<meta property=\"og:site_name\" content=\"Europnet\" \/>\n<meta property=\"article:publisher\" content=\"https:\/\/www.facebook.com\/europnet.imm\" \/>\n<meta property=\"article:modified_time\" content=\"2026-03-05T13:13:42+00:00\" \/>\n<meta property=\"og:image\" content=\"https:\/\/europnet.eu\/wp-content\/uploads\/2025\/11\/1-nowe-1024x1024.png\" \/>\n\t<meta property=\"og:image:width\" content=\"1024\" \/>\n\t<meta property=\"og:image:height\" content=\"1024\" \/>\n\t<meta property=\"og:image:type\" content=\"image\/png\" \/>\n<meta name=\"twitter:card\" content=\"summary_large_image\" \/>\n<meta name=\"twitter:label1\" content=\"Szacowany czas czytania\" \/>\n\t<meta name=\"twitter:data1\" content=\"1 minuta\" \/>\n<script type=\"application\/ld+json\" class=\"yoast-schema-graph\">{\"@context\":\"https:\/\/schema.org\",\"@graph\":[{\"@type\":\"WebPage\",\"@id\":\"https:\/\/europnet.eu\/pl\/produkt\/krauss-maffei-km-130-750-cx\/\",\"url\":\"https:\/\/europnet.eu\/pl\/produkt\/krauss-maffei-km-130-750-cx\/\",\"name\":\"Krauss Maffei KM 130\/750 CX - Europnet\",\"isPartOf\":{\"@id\":\"https:\/\/europnet.eu\/pl\/#website\"},\"primaryImageOfPage\":{\"@id\":\"https:\/\/europnet.eu\/pl\/produkt\/krauss-maffei-km-130-750-cx\/#primaryimage\"},\"image\":{\"@id\":\"https:\/\/europnet.eu\/pl\/produkt\/krauss-maffei-km-130-750-cx\/#primaryimage\"},\"thumbnailUrl\":\"https:\/\/europnet.eu\/wp-content\/uploads\/2025\/11\/1-nowe-scaled.png\",\"datePublished\":\"2025-11-05T11:40:45+00:00\",\"dateModified\":\"2026-03-05T13:13:42+00:00\",\"breadcrumb\":{\"@id\":\"https:\/\/europnet.eu\/pl\/produkt\/krauss-maffei-km-130-750-cx\/#breadcrumb\"},\"inLanguage\":\"pl-PL\",\"potentialAction\":[{\"@type\":\"ReadAction\",\"target\":[\"https:\/\/europnet.eu\/pl\/produkt\/krauss-maffei-km-130-750-cx\/\"]}]},{\"@type\":\"ImageObject\",\"inLanguage\":\"pl-PL\",\"@id\":\"https:\/\/europnet.eu\/pl\/produkt\/krauss-maffei-km-130-750-cx\/#primaryimage\",\"url\":\"https:\/\/europnet.eu\/wp-content\/uploads\/2025\/11\/1-nowe-scaled.png\",\"contentUrl\":\"https:\/\/europnet.eu\/wp-content\/uploads\/2025\/11\/1-nowe-scaled.png\",\"width\":2560,\"height\":2560},{\"@type\":\"BreadcrumbList\",\"@id\":\"https:\/\/europnet.eu\/pl\/produkt\/krauss-maffei-km-130-750-cx\/#breadcrumb\",\"itemListElement\":[{\"@type\":\"ListItem\",\"position\":1,\"name\":\"Strona g\u0142\u00f3wna\",\"item\":\"https:\/\/europnet.eu\/pl\/\"},{\"@type\":\"ListItem\",\"position\":2,\"name\":\"Shop\",\"item\":\"https:\/\/europnet.eu\/pl\/shop\/\"},{\"@type\":\"ListItem\",\"position\":3,\"name\":\"Krauss Maffei KM 130\/750 CX\"}]},{\"@type\":\"WebSite\",\"@id\":\"https:\/\/europnet.eu\/pl\/#website\",\"url\":\"https:\/\/europnet.eu\/pl\/\",\"name\":\"Europnet\",\"description\":\"\",\"publisher\":{\"@id\":\"https:\/\/europnet.eu\/pl\/#organization\"},\"potentialAction\":[{\"@type\":\"SearchAction\",\"target\":{\"@type\":\"EntryPoint\",\"urlTemplate\":\"https:\/\/europnet.eu\/pl\/?s={search_term_string}\"},\"query-input\":{\"@type\":\"PropertyValueSpecification\",\"valueRequired\":true,\"valueName\":\"search_term_string\"}}],\"inLanguage\":\"pl-PL\"},{\"@type\":\"Organization\",\"@id\":\"https:\/\/europnet.eu\/pl\/#organization\",\"name\":\"Europnet\",\"url\":\"https:\/\/europnet.eu\/pl\/\",\"logo\":{\"@type\":\"ImageObject\",\"inLanguage\":\"pl-PL\",\"@id\":\"https:\/\/europnet.eu\/pl\/#\/schema\/logo\/image\/\",\"url\":\"https:\/\/europnet.eu\/wp-content\/uploads\/2024\/01\/logo.webp\",\"contentUrl\":\"https:\/\/europnet.eu\/wp-content\/uploads\/2024\/01\/logo.webp\",\"width\":1600,\"height\":294,\"caption\":\"Europnet\"},\"image\":{\"@id\":\"https:\/\/europnet.eu\/pl\/#\/schema\/logo\/image\/\"},\"sameAs\":[\"https:\/\/www.facebook.com\/europnet.imm\",\"https:\/\/www.instagram.com\/europnet.imm\/\"]}]}<\/script>\n<!-- \/ Yoast SEO Premium plugin. -->","yoast_head_json":{"title":"Krauss Maffei KM 130\/750 CX - Europnet","robots":{"index":"index","follow":"follow","max-snippet":"max-snippet:-1","max-image-preview":"max-image-preview:large","max-video-preview":"max-video-preview:-1"},"canonical":"https:\/\/europnet.eu\/pl\/produkt\/krauss-maffei-km-130-750-cx\/","og_locale":"pl_PL","og_type":"article","og_title":"Krauss Maffei KM 130\/750 CX","og_description":"Wyposa\u017cenie: rdze\u0144 hydrauliczny zaw\u00f3r pneumatyczny 4-sekcyjne rotametry (2szt.) bimetaliczny uk\u0142ad wtryskowy","og_url":"https:\/\/europnet.eu\/pl\/produkt\/krauss-maffei-km-130-750-cx\/","og_site_name":"Europnet","article_publisher":"https:\/\/www.facebook.com\/europnet.imm","article_modified_time":"2026-03-05T13:13:42+00:00","og_image":[{"width":1024,"height":1024,"url":"https:\/\/europnet.eu\/wp-content\/uploads\/2025\/11\/1-nowe-1024x1024.png","type":"image\/png"}],"twitter_card":"summary_large_image","twitter_misc":{"Szacowany czas czytania":"1 minuta"},"schema":{"@context":"https:\/\/schema.org","@graph":[{"@type":"WebPage","@id":"https:\/\/europnet.eu\/pl\/produkt\/krauss-maffei-km-130-750-cx\/","url":"https:\/\/europnet.eu\/pl\/produkt\/krauss-maffei-km-130-750-cx\/","name":"Krauss Maffei KM 130\/750 CX - Europnet","isPartOf":{"@id":"https:\/\/europnet.eu\/pl\/#website"},"primaryImageOfPage":{"@id":"https:\/\/europnet.eu\/pl\/produkt\/krauss-maffei-km-130-750-cx\/#primaryimage"},"image":{"@id":"https:\/\/europnet.eu\/pl\/produkt\/krauss-maffei-km-130-750-cx\/#primaryimage"},"thumbnailUrl":"https:\/\/europnet.eu\/wp-content\/uploads\/2025\/11\/1-nowe-scaled.png","datePublished":"2025-11-05T11:40:45+00:00","dateModified":"2026-03-05T13:13:42+00:00","breadcrumb":{"@id":"https:\/\/europnet.eu\/pl\/produkt\/krauss-maffei-km-130-750-cx\/#breadcrumb"},"inLanguage":"pl-PL","potentialAction":[{"@type":"ReadAction","target":["https:\/\/europnet.eu\/pl\/produkt\/krauss-maffei-km-130-750-cx\/"]}]},{"@type":"ImageObject","inLanguage":"pl-PL","@id":"https:\/\/europnet.eu\/pl\/produkt\/krauss-maffei-km-130-750-cx\/#primaryimage","url":"https:\/\/europnet.eu\/wp-content\/uploads\/2025\/11\/1-nowe-scaled.png","contentUrl":"https:\/\/europnet.eu\/wp-content\/uploads\/2025\/11\/1-nowe-scaled.png","width":2560,"height":2560},{"@type":"BreadcrumbList","@id":"https:\/\/europnet.eu\/pl\/produkt\/krauss-maffei-km-130-750-cx\/#breadcrumb","itemListElement":[{"@type":"ListItem","position":1,"name":"Strona g\u0142\u00f3wna","item":"https:\/\/europnet.eu\/pl\/"},{"@type":"ListItem","position":2,"name":"Shop","item":"https:\/\/europnet.eu\/pl\/shop\/"},{"@type":"ListItem","position":3,"name":"Krauss Maffei KM 130\/750 CX"}]},{"@type":"WebSite","@id":"https:\/\/europnet.eu\/pl\/#website","url":"https:\/\/europnet.eu\/pl\/","name":"Europnet","description":"","publisher":{"@id":"https:\/\/europnet.eu\/pl\/#organization"},"potentialAction":[{"@type":"SearchAction","target":{"@type":"EntryPoint","urlTemplate":"https:\/\/europnet.eu\/pl\/?s={search_term_string}"},"query-input":{"@type":"PropertyValueSpecification","valueRequired":true,"valueName":"search_term_string"}}],"inLanguage":"pl-PL"},{"@type":"Organization","@id":"https:\/\/europnet.eu\/pl\/#organization","name":"Europnet","url":"https:\/\/europnet.eu\/pl\/","logo":{"@type":"ImageObject","inLanguage":"pl-PL","@id":"https:\/\/europnet.eu\/pl\/#\/schema\/logo\/image\/","url":"https:\/\/europnet.eu\/wp-content\/uploads\/2024\/01\/logo.webp","contentUrl":"https:\/\/europnet.eu\/wp-content\/uploads\/2024\/01\/logo.webp","width":1600,"height":294,"caption":"Europnet"},"image":{"@id":"https:\/\/europnet.eu\/pl\/#\/schema\/logo\/image\/"},"sameAs":["https:\/\/www.facebook.com\/europnet.imm","https:\/\/www.instagram.com\/europnet.imm\/"]}]}},"_links":{"self":[{"href":"https:\/\/europnet.eu\/pl\/wp-json\/wp\/v2\/product\/6804","targetHints":{"allow":["GET"]}}],"collection":[{"href":"https:\/\/europnet.eu\/pl\/wp-json\/wp\/v2\/product"}],"about":[{"href":"https:\/\/europnet.eu\/pl\/wp-json\/wp\/v2\/types\/product"}],"replies":[{"embeddable":true,"href":"https:\/\/europnet.eu\/pl\/wp-json\/wp\/v2\/comments?post=6804"}],"wp:featuredmedia":[{"embeddable":true,"href":"https:\/\/europnet.eu\/pl\/wp-json\/wp\/v2\/media\/6826"}],"wp:attachment":[{"href":"https:\/\/europnet.eu\/pl\/wp-json\/wp\/v2\/media?parent=6804"}],"wp:term":[{"taxonomy":"product_cat","embeddable":true,"href":"https:\/\/europnet.eu\/pl\/wp-json\/wp\/v2\/product_cat?post=6804"},{"taxonomy":"product_tag","embeddable":true,"href":"https:\/\/europnet.eu\/pl\/wp-json\/wp\/v2\/product_tag?post=6804"}],"curies":[{"name":"wp","href":"https:\/\/api.w.org\/{rel}","templated":true}]}}