{"id":4951,"date":"2025-10-20T15:47:59","date_gmt":"2025-10-20T13:47:59","guid":{"rendered":"https:\/\/europnet.eu\/?post_type=product&#038;p=4951"},"modified":"2025-10-20T15:48:47","modified_gmt":"2025-10-20T13:48:47","slug":"demag-systec-210-580-840-servo-2","status":"publish","type":"product","link":"https:\/\/europnet.eu\/pl\/produkt\/demag-systec-210-580-840-servo-2\/","title":{"rendered":"Demag Systec 210\/580-840 (Servo)"},"content":{"rendered":"<p>Wyposa\u017cenie:<\/p>\n<ul>\n<li>Moc nap\u0119du pompy: 26,0 kW<\/li>\n<li>Serwo nap\u0119d silnika<\/li>\n<li>bimetaliczny, \u015blimak odporny na zu\u017cycie (verschlei\u00dffest)<\/li>\n<li>Elastyczny przebieg ruchu zespo\u0142u zamykania, mo\u017cliwo\u015b\u0107 wielokrotnych ruch\u00f3w wyrzutnika i rdzeni<\/li>\n<li>Wyrzutnik z regulacj\u0105 po\u0142o\u017cenia, programowalny niezale\u017cnie, synchroniczny z ruchem formy<\/li>\n<li>Wtrysk z pomp\u0105 regulacyjn\u0105 (p+v sterowane closed loop)<\/li>\n<li>System zwrotu ci\u015bnienia (RSP), 3-cz\u0119\u015bciowy<\/li>\n<li>Wzmocniony uk\u0142ad ch\u0142odzenia oleju (dop\u0142yw do 35 \u00b0C)<\/li>\n<\/ul>\n","protected":false},"excerpt":{"rendered":"<p>Wyposa\u017cenie: Moc nap\u0119du pompy: 26,0 kW Serwo nap\u0119d silnika bimetaliczny, \u015blimak odporny na zu\u017cycie (verschlei\u00dffest) Elastyczny przebieg ruchu zespo\u0142u zamykania, mo\u017cliwo\u015b\u0107 wielokrotnych ruch\u00f3w wyrzutnika i rdzeni Wyrzutnik z regulacj\u0105 po\u0142o\u017cenia, programowalny niezale\u017cnie, synchroniczny z ruchem formy Wtrysk z pomp\u0105 regulacyjn\u0105 (p+v sterowane closed loop) System zwrotu ci\u015bnienia (RSP), 3-cz\u0119\u015bciowy Wzmocniony uk\u0142ad ch\u0142odzenia oleju (dop\u0142yw do [&hellip;]<\/p>\n","protected":false},"featured_media":4630,"comment_status":"open","ping_status":"closed","template":"","meta":{"_acf_changed":false},"product_cat":[207],"product_tag":[],"class_list":{"0":"post-4951","1":"product","2":"type-product","3":"status-publish","4":"has-post-thumbnail","6":"product_cat-oferta-wtryskarek-pl","8":"first","9":"instock","10":"taxable","11":"shipping-taxable","12":"product-type-simple"},"acf":{"injection_unit":"...\/840","screw_diameter":"60","injection_pressure":"1352","injection_volume":"636","shot_capacity":"579","hydraulic_drive_power":"","cylinder_heating_capacity":"","ld_ratio":"20","clamping_unit":"210\/...","clamping_force":210,"plate_size":"860 x 860 ","distance_tie_bars":"580 x 580","ejection_force":"","mould_height":"","opening_stroke":"790","max_plate_spacing":"180","ejector_stroke":"","total_power_consumption":"","oil_filling":"","electronical_connection":"","weight":"","machine_dimensions":"","construction_year":"2019","control":"MC5","marketing_status":"available"},"yoast_head":"<!-- This site is optimized with the Yoast SEO Premium plugin v23.6 (Yoast SEO v23.6) - https:\/\/yoast.com\/wordpress\/plugins\/seo\/ -->\n<title>Demag Systec 210\/580-840 (Servo) - Europnet<\/title>\n<meta name=\"robots\" content=\"index, follow, max-snippet:-1, max-image-preview:large, max-video-preview:-1\" \/>\n<link rel=\"canonical\" href=\"https:\/\/europnet.eu\/pl\/produkt\/demag-systec-210-580-840-servo-2\/\" \/>\n<meta property=\"og:locale\" content=\"pl_PL\" \/>\n<meta property=\"og:type\" content=\"article\" \/>\n<meta property=\"og:title\" content=\"Demag Systec 210\/580-840 (Servo)\" \/>\n<meta property=\"og:description\" content=\"Wyposa\u017cenie: Moc nap\u0119du pompy: 26,0 kW Serwo nap\u0119d silnika bimetaliczny, \u015blimak odporny na zu\u017cycie (verschlei\u00dffest) Elastyczny przebieg ruchu zespo\u0142u zamykania, mo\u017cliwo\u015b\u0107 wielokrotnych ruch\u00f3w wyrzutnika i rdzeni Wyrzutnik z regulacj\u0105 po\u0142o\u017cenia, programowalny niezale\u017cnie, synchroniczny z ruchem formy Wtrysk z pomp\u0105 regulacyjn\u0105 (p+v sterowane closed loop) System zwrotu ci\u015bnienia (RSP), 3-cz\u0119\u015bciowy Wzmocniony uk\u0142ad ch\u0142odzenia oleju (dop\u0142yw do [&hellip;]\" \/>\n<meta property=\"og:url\" content=\"https:\/\/europnet.eu\/pl\/produkt\/demag-systec-210-580-840-servo-2\/\" \/>\n<meta property=\"og:site_name\" content=\"Europnet\" \/>\n<meta property=\"article:publisher\" content=\"https:\/\/www.facebook.com\/europnet.imm\" \/>\n<meta property=\"article:modified_time\" content=\"2025-10-20T13:48:47+00:00\" \/>\n<meta property=\"og:image\" content=\"https:\/\/europnet.eu\/wp-content\/uploads\/2025\/08\/Demag-Systec-210_580-840.png\" \/>\n\t<meta property=\"og:image:width\" content=\"410\" \/>\n\t<meta property=\"og:image:height\" content=\"317\" \/>\n\t<meta property=\"og:image:type\" content=\"image\/png\" \/>\n<meta name=\"twitter:card\" content=\"summary_large_image\" \/>\n<meta name=\"twitter:label1\" content=\"Szacowany czas czytania\" \/>\n\t<meta name=\"twitter:data1\" content=\"1 minuta\" \/>\n<script type=\"application\/ld+json\" class=\"yoast-schema-graph\">{\"@context\":\"https:\/\/schema.org\",\"@graph\":[{\"@type\":\"WebPage\",\"@id\":\"https:\/\/europnet.eu\/pl\/produkt\/demag-systec-210-580-840-servo-2\/\",\"url\":\"https:\/\/europnet.eu\/pl\/produkt\/demag-systec-210-580-840-servo-2\/\",\"name\":\"Demag Systec 210\/580-840 (Servo) - Europnet\",\"isPartOf\":{\"@id\":\"https:\/\/europnet.eu\/pl\/#website\"},\"primaryImageOfPage\":{\"@id\":\"https:\/\/europnet.eu\/pl\/produkt\/demag-systec-210-580-840-servo-2\/#primaryimage\"},\"image\":{\"@id\":\"https:\/\/europnet.eu\/pl\/produkt\/demag-systec-210-580-840-servo-2\/#primaryimage\"},\"thumbnailUrl\":\"https:\/\/europnet.eu\/wp-content\/uploads\/2025\/08\/Demag-Systec-210_580-840.png\",\"datePublished\":\"2025-10-20T13:47:59+00:00\",\"dateModified\":\"2025-10-20T13:48:47+00:00\",\"breadcrumb\":{\"@id\":\"https:\/\/europnet.eu\/pl\/produkt\/demag-systec-210-580-840-servo-2\/#breadcrumb\"},\"inLanguage\":\"pl-PL\",\"potentialAction\":[{\"@type\":\"ReadAction\",\"target\":[\"https:\/\/europnet.eu\/pl\/produkt\/demag-systec-210-580-840-servo-2\/\"]}]},{\"@type\":\"ImageObject\",\"inLanguage\":\"pl-PL\",\"@id\":\"https:\/\/europnet.eu\/pl\/produkt\/demag-systec-210-580-840-servo-2\/#primaryimage\",\"url\":\"https:\/\/europnet.eu\/wp-content\/uploads\/2025\/08\/Demag-Systec-210_580-840.png\",\"contentUrl\":\"https:\/\/europnet.eu\/wp-content\/uploads\/2025\/08\/Demag-Systec-210_580-840.png\",\"width\":410,\"height\":317,\"caption\":\"Demag Systec 210\/580-840 (Servo)\"},{\"@type\":\"BreadcrumbList\",\"@id\":\"https:\/\/europnet.eu\/pl\/produkt\/demag-systec-210-580-840-servo-2\/#breadcrumb\",\"itemListElement\":[{\"@type\":\"ListItem\",\"position\":1,\"name\":\"Strona g\u0142\u00f3wna\",\"item\":\"https:\/\/europnet.eu\/pl\/\"},{\"@type\":\"ListItem\",\"position\":2,\"name\":\"Shop\",\"item\":\"https:\/\/europnet.eu\/pl\/shop\/\"},{\"@type\":\"ListItem\",\"position\":3,\"name\":\"Demag Systec 210\/580-840 (Servo)\"}]},{\"@type\":\"WebSite\",\"@id\":\"https:\/\/europnet.eu\/pl\/#website\",\"url\":\"https:\/\/europnet.eu\/pl\/\",\"name\":\"Europnet\",\"description\":\"\",\"publisher\":{\"@id\":\"https:\/\/europnet.eu\/pl\/#organization\"},\"potentialAction\":[{\"@type\":\"SearchAction\",\"target\":{\"@type\":\"EntryPoint\",\"urlTemplate\":\"https:\/\/europnet.eu\/pl\/?s={search_term_string}\"},\"query-input\":{\"@type\":\"PropertyValueSpecification\",\"valueRequired\":true,\"valueName\":\"search_term_string\"}}],\"inLanguage\":\"pl-PL\"},{\"@type\":\"Organization\",\"@id\":\"https:\/\/europnet.eu\/pl\/#organization\",\"name\":\"Europnet\",\"url\":\"https:\/\/europnet.eu\/pl\/\",\"logo\":{\"@type\":\"ImageObject\",\"inLanguage\":\"pl-PL\",\"@id\":\"https:\/\/europnet.eu\/pl\/#\/schema\/logo\/image\/\",\"url\":\"https:\/\/europnet.eu\/wp-content\/uploads\/2024\/01\/logo.webp\",\"contentUrl\":\"https:\/\/europnet.eu\/wp-content\/uploads\/2024\/01\/logo.webp\",\"width\":1600,\"height\":294,\"caption\":\"Europnet\"},\"image\":{\"@id\":\"https:\/\/europnet.eu\/pl\/#\/schema\/logo\/image\/\"},\"sameAs\":[\"https:\/\/www.facebook.com\/europnet.imm\",\"https:\/\/www.instagram.com\/europnet.imm\/\"]}]}<\/script>\n<!-- \/ Yoast SEO Premium plugin. -->","yoast_head_json":{"title":"Demag Systec 210\/580-840 (Servo) - Europnet","robots":{"index":"index","follow":"follow","max-snippet":"max-snippet:-1","max-image-preview":"max-image-preview:large","max-video-preview":"max-video-preview:-1"},"canonical":"https:\/\/europnet.eu\/pl\/produkt\/demag-systec-210-580-840-servo-2\/","og_locale":"pl_PL","og_type":"article","og_title":"Demag Systec 210\/580-840 (Servo)","og_description":"Wyposa\u017cenie: Moc nap\u0119du pompy: 26,0 kW Serwo nap\u0119d silnika bimetaliczny, \u015blimak odporny na zu\u017cycie (verschlei\u00dffest) Elastyczny przebieg ruchu zespo\u0142u zamykania, mo\u017cliwo\u015b\u0107 wielokrotnych ruch\u00f3w wyrzutnika i rdzeni Wyrzutnik z regulacj\u0105 po\u0142o\u017cenia, programowalny niezale\u017cnie, synchroniczny z ruchem formy Wtrysk z pomp\u0105 regulacyjn\u0105 (p+v sterowane closed loop) System zwrotu ci\u015bnienia (RSP), 3-cz\u0119\u015bciowy Wzmocniony uk\u0142ad ch\u0142odzenia oleju (dop\u0142yw do [&hellip;]","og_url":"https:\/\/europnet.eu\/pl\/produkt\/demag-systec-210-580-840-servo-2\/","og_site_name":"Europnet","article_publisher":"https:\/\/www.facebook.com\/europnet.imm","article_modified_time":"2025-10-20T13:48:47+00:00","og_image":[{"width":410,"height":317,"url":"https:\/\/europnet.eu\/wp-content\/uploads\/2025\/08\/Demag-Systec-210_580-840.png","type":"image\/png"}],"twitter_card":"summary_large_image","twitter_misc":{"Szacowany czas czytania":"1 minuta"},"schema":{"@context":"https:\/\/schema.org","@graph":[{"@type":"WebPage","@id":"https:\/\/europnet.eu\/pl\/produkt\/demag-systec-210-580-840-servo-2\/","url":"https:\/\/europnet.eu\/pl\/produkt\/demag-systec-210-580-840-servo-2\/","name":"Demag Systec 210\/580-840 (Servo) - Europnet","isPartOf":{"@id":"https:\/\/europnet.eu\/pl\/#website"},"primaryImageOfPage":{"@id":"https:\/\/europnet.eu\/pl\/produkt\/demag-systec-210-580-840-servo-2\/#primaryimage"},"image":{"@id":"https:\/\/europnet.eu\/pl\/produkt\/demag-systec-210-580-840-servo-2\/#primaryimage"},"thumbnailUrl":"https:\/\/europnet.eu\/wp-content\/uploads\/2025\/08\/Demag-Systec-210_580-840.png","datePublished":"2025-10-20T13:47:59+00:00","dateModified":"2025-10-20T13:48:47+00:00","breadcrumb":{"@id":"https:\/\/europnet.eu\/pl\/produkt\/demag-systec-210-580-840-servo-2\/#breadcrumb"},"inLanguage":"pl-PL","potentialAction":[{"@type":"ReadAction","target":["https:\/\/europnet.eu\/pl\/produkt\/demag-systec-210-580-840-servo-2\/"]}]},{"@type":"ImageObject","inLanguage":"pl-PL","@id":"https:\/\/europnet.eu\/pl\/produkt\/demag-systec-210-580-840-servo-2\/#primaryimage","url":"https:\/\/europnet.eu\/wp-content\/uploads\/2025\/08\/Demag-Systec-210_580-840.png","contentUrl":"https:\/\/europnet.eu\/wp-content\/uploads\/2025\/08\/Demag-Systec-210_580-840.png","width":410,"height":317,"caption":"Demag Systec 210\/580-840 (Servo)"},{"@type":"BreadcrumbList","@id":"https:\/\/europnet.eu\/pl\/produkt\/demag-systec-210-580-840-servo-2\/#breadcrumb","itemListElement":[{"@type":"ListItem","position":1,"name":"Strona g\u0142\u00f3wna","item":"https:\/\/europnet.eu\/pl\/"},{"@type":"ListItem","position":2,"name":"Shop","item":"https:\/\/europnet.eu\/pl\/shop\/"},{"@type":"ListItem","position":3,"name":"Demag Systec 210\/580-840 (Servo)"}]},{"@type":"WebSite","@id":"https:\/\/europnet.eu\/pl\/#website","url":"https:\/\/europnet.eu\/pl\/","name":"Europnet","description":"","publisher":{"@id":"https:\/\/europnet.eu\/pl\/#organization"},"potentialAction":[{"@type":"SearchAction","target":{"@type":"EntryPoint","urlTemplate":"https:\/\/europnet.eu\/pl\/?s={search_term_string}"},"query-input":{"@type":"PropertyValueSpecification","valueRequired":true,"valueName":"search_term_string"}}],"inLanguage":"pl-PL"},{"@type":"Organization","@id":"https:\/\/europnet.eu\/pl\/#organization","name":"Europnet","url":"https:\/\/europnet.eu\/pl\/","logo":{"@type":"ImageObject","inLanguage":"pl-PL","@id":"https:\/\/europnet.eu\/pl\/#\/schema\/logo\/image\/","url":"https:\/\/europnet.eu\/wp-content\/uploads\/2024\/01\/logo.webp","contentUrl":"https:\/\/europnet.eu\/wp-content\/uploads\/2024\/01\/logo.webp","width":1600,"height":294,"caption":"Europnet"},"image":{"@id":"https:\/\/europnet.eu\/pl\/#\/schema\/logo\/image\/"},"sameAs":["https:\/\/www.facebook.com\/europnet.imm","https:\/\/www.instagram.com\/europnet.imm\/"]}]}},"_links":{"self":[{"href":"https:\/\/europnet.eu\/pl\/wp-json\/wp\/v2\/product\/4951","targetHints":{"allow":["GET"]}}],"collection":[{"href":"https:\/\/europnet.eu\/pl\/wp-json\/wp\/v2\/product"}],"about":[{"href":"https:\/\/europnet.eu\/pl\/wp-json\/wp\/v2\/types\/product"}],"replies":[{"embeddable":true,"href":"https:\/\/europnet.eu\/pl\/wp-json\/wp\/v2\/comments?post=4951"}],"wp:featuredmedia":[{"embeddable":true,"href":"https:\/\/europnet.eu\/pl\/wp-json\/wp\/v2\/media\/4630"}],"wp:attachment":[{"href":"https:\/\/europnet.eu\/pl\/wp-json\/wp\/v2\/media?parent=4951"}],"wp:term":[{"taxonomy":"product_cat","embeddable":true,"href":"https:\/\/europnet.eu\/pl\/wp-json\/wp\/v2\/product_cat?post=4951"},{"taxonomy":"product_tag","embeddable":true,"href":"https:\/\/europnet.eu\/pl\/wp-json\/wp\/v2\/product_tag?post=4951"}],"curies":[{"name":"wp","href":"https:\/\/api.w.org\/{rel}","templated":true}]}}