{"id":4566,"date":"2025-08-08T11:01:29","date_gmt":"2025-08-08T09:01:29","guid":{"rendered":"https:\/\/europnet.eu\/?post_type=product&#038;p=4566"},"modified":"2025-10-02T09:47:43","modified_gmt":"2025-10-02T07:47:43","slug":"engel-vc-1350-200-tech","status":"publish","type":"product","link":"https:\/\/europnet.eu\/pl\/produkt\/engel-vc-1350-200-tech\/","title":{"rendered":"Engel VC 1350\/200 Tech"},"content":{"rendered":"<p>Oprzyrz\u0105dowanie:<\/p>\n<ul>\n<li>2 x rdze\u0144 hydrauliczny na p\u0142ycie ruchomej<\/li>\n<li>zaw\u00f3r pneumatyczny<\/li>\n<li>robot<\/li>\n<li>8 stref gor\u0105cych kana\u0142\u00f3w<\/li>\n<li>rotametr 8 &#8211; sekcyjny<\/li>\n<\/ul>\n","protected":false},"excerpt":{"rendered":"<p>Oprzyrz\u0105dowanie: 2 x rdze\u0144 hydrauliczny na p\u0142ycie ruchomej zaw\u00f3r pneumatyczny robot 8 stref gor\u0105cych kana\u0142\u00f3w rotametr 8 &#8211; sekcyjny<\/p>\n","protected":false},"featured_media":4540,"comment_status":"open","ping_status":"closed","template":"","meta":{"_acf_changed":false},"product_cat":[207],"product_tag":[],"class_list":{"0":"post-4566","1":"product","2":"type-product","3":"status-publish","4":"has-post-thumbnail","6":"product_cat-oferta-wtryskarek-pl","8":"first","9":"instock","10":"taxable","11":"shipping-taxable","12":"product-type-simple"},"acf":{"injection_unit":"...\/1350","screw_diameter":"55","injection_pressure":"2183","injection_volume":"618","shot_capacity":"562","hydraulic_drive_power":"","cylinder_heating_capacity":"","ld_ratio":"","clamping_unit":"200\/...","clamping_force":200,"plate_size":"860 x 570","distance_tie_bars":"","ejection_force":"80","mould_height":"400","opening_stroke":"750","max_plate_spacing":"1150","ejector_stroke":"180","total_power_consumption":"","oil_filling":"","electronical_connection":"","weight":"14200","machine_dimensions":"6,3 x 1,9 x 2,3","construction_year":"2007","control":"","marketing_status":"available"},"yoast_head":"<!-- This site is optimized with the Yoast SEO Premium plugin v23.6 (Yoast SEO v23.6) - https:\/\/yoast.com\/wordpress\/plugins\/seo\/ -->\n<title>Engel VC 1350\/200 Tech - Europnet<\/title>\n<meta name=\"robots\" content=\"index, follow, max-snippet:-1, max-image-preview:large, max-video-preview:-1\" \/>\n<link rel=\"canonical\" href=\"https:\/\/europnet.eu\/pl\/produkt\/engel-vc-1350-200-tech\/\" \/>\n<meta property=\"og:locale\" content=\"pl_PL\" \/>\n<meta property=\"og:type\" content=\"article\" \/>\n<meta property=\"og:title\" content=\"Engel VC 1350\/200 Tech\" \/>\n<meta property=\"og:description\" content=\"Oprzyrz\u0105dowanie: 2 x rdze\u0144 hydrauliczny na p\u0142ycie ruchomej zaw\u00f3r pneumatyczny robot 8 stref gor\u0105cych kana\u0142\u00f3w rotametr 8 &#8211; sekcyjny\" \/>\n<meta property=\"og:url\" content=\"https:\/\/europnet.eu\/pl\/produkt\/engel-vc-1350-200-tech\/\" \/>\n<meta property=\"og:site_name\" content=\"Europnet\" \/>\n<meta property=\"article:publisher\" content=\"https:\/\/www.facebook.com\/europnet.imm\" \/>\n<meta property=\"article:modified_time\" content=\"2025-10-02T07:47:43+00:00\" \/>\n<meta property=\"og:image\" content=\"https:\/\/europnet.eu\/wp-content\/uploads\/2025\/08\/1-poprawione-scaled.jpg\" \/>\n\t<meta property=\"og:image:width\" content=\"2560\" \/>\n\t<meta property=\"og:image:height\" content=\"2560\" \/>\n\t<meta property=\"og:image:type\" content=\"image\/jpeg\" \/>\n<meta name=\"twitter:card\" content=\"summary_large_image\" \/>\n<meta name=\"twitter:label1\" content=\"Szacowany czas czytania\" \/>\n\t<meta name=\"twitter:data1\" content=\"1 minuta\" \/>\n<script type=\"application\/ld+json\" class=\"yoast-schema-graph\">{\"@context\":\"https:\/\/schema.org\",\"@graph\":[{\"@type\":\"WebPage\",\"@id\":\"https:\/\/europnet.eu\/pl\/produkt\/engel-vc-1350-200-tech\/\",\"url\":\"https:\/\/europnet.eu\/pl\/produkt\/engel-vc-1350-200-tech\/\",\"name\":\"Engel VC 1350\/200 Tech - Europnet\",\"isPartOf\":{\"@id\":\"https:\/\/europnet.eu\/pl\/#website\"},\"primaryImageOfPage\":{\"@id\":\"https:\/\/europnet.eu\/pl\/produkt\/engel-vc-1350-200-tech\/#primaryimage\"},\"image\":{\"@id\":\"https:\/\/europnet.eu\/pl\/produkt\/engel-vc-1350-200-tech\/#primaryimage\"},\"thumbnailUrl\":\"https:\/\/europnet.eu\/wp-content\/uploads\/2025\/08\/1-poprawione-scaled.jpg\",\"datePublished\":\"2025-08-08T09:01:29+00:00\",\"dateModified\":\"2025-10-02T07:47:43+00:00\",\"breadcrumb\":{\"@id\":\"https:\/\/europnet.eu\/pl\/produkt\/engel-vc-1350-200-tech\/#breadcrumb\"},\"inLanguage\":\"pl-PL\",\"potentialAction\":[{\"@type\":\"ReadAction\",\"target\":[\"https:\/\/europnet.eu\/pl\/produkt\/engel-vc-1350-200-tech\/\"]}]},{\"@type\":\"ImageObject\",\"inLanguage\":\"pl-PL\",\"@id\":\"https:\/\/europnet.eu\/pl\/produkt\/engel-vc-1350-200-tech\/#primaryimage\",\"url\":\"https:\/\/europnet.eu\/wp-content\/uploads\/2025\/08\/1-poprawione-scaled.jpg\",\"contentUrl\":\"https:\/\/europnet.eu\/wp-content\/uploads\/2025\/08\/1-poprawione-scaled.jpg\",\"width\":2560,\"height\":2560,\"caption\":\"Engel VC 1350\/200 Tech bei Europnet\"},{\"@type\":\"BreadcrumbList\",\"@id\":\"https:\/\/europnet.eu\/pl\/produkt\/engel-vc-1350-200-tech\/#breadcrumb\",\"itemListElement\":[{\"@type\":\"ListItem\",\"position\":1,\"name\":\"Strona g\u0142\u00f3wna\",\"item\":\"https:\/\/europnet.eu\/pl\/\"},{\"@type\":\"ListItem\",\"position\":2,\"name\":\"Shop\",\"item\":\"https:\/\/europnet.eu\/pl\/shop\/\"},{\"@type\":\"ListItem\",\"position\":3,\"name\":\"Engel VC 1350\/200 Tech\"}]},{\"@type\":\"WebSite\",\"@id\":\"https:\/\/europnet.eu\/pl\/#website\",\"url\":\"https:\/\/europnet.eu\/pl\/\",\"name\":\"Europnet\",\"description\":\"\",\"publisher\":{\"@id\":\"https:\/\/europnet.eu\/pl\/#organization\"},\"potentialAction\":[{\"@type\":\"SearchAction\",\"target\":{\"@type\":\"EntryPoint\",\"urlTemplate\":\"https:\/\/europnet.eu\/pl\/?s={search_term_string}\"},\"query-input\":{\"@type\":\"PropertyValueSpecification\",\"valueRequired\":true,\"valueName\":\"search_term_string\"}}],\"inLanguage\":\"pl-PL\"},{\"@type\":\"Organization\",\"@id\":\"https:\/\/europnet.eu\/pl\/#organization\",\"name\":\"Europnet\",\"url\":\"https:\/\/europnet.eu\/pl\/\",\"logo\":{\"@type\":\"ImageObject\",\"inLanguage\":\"pl-PL\",\"@id\":\"https:\/\/europnet.eu\/pl\/#\/schema\/logo\/image\/\",\"url\":\"https:\/\/europnet.eu\/wp-content\/uploads\/2024\/01\/logo.webp\",\"contentUrl\":\"https:\/\/europnet.eu\/wp-content\/uploads\/2024\/01\/logo.webp\",\"width\":1600,\"height\":294,\"caption\":\"Europnet\"},\"image\":{\"@id\":\"https:\/\/europnet.eu\/pl\/#\/schema\/logo\/image\/\"},\"sameAs\":[\"https:\/\/www.facebook.com\/europnet.imm\",\"https:\/\/www.instagram.com\/europnet.imm\/\"]}]}<\/script>\n<!-- \/ Yoast SEO Premium plugin. -->","yoast_head_json":{"title":"Engel VC 1350\/200 Tech - Europnet","robots":{"index":"index","follow":"follow","max-snippet":"max-snippet:-1","max-image-preview":"max-image-preview:large","max-video-preview":"max-video-preview:-1"},"canonical":"https:\/\/europnet.eu\/pl\/produkt\/engel-vc-1350-200-tech\/","og_locale":"pl_PL","og_type":"article","og_title":"Engel VC 1350\/200 Tech","og_description":"Oprzyrz\u0105dowanie: 2 x rdze\u0144 hydrauliczny na p\u0142ycie ruchomej zaw\u00f3r pneumatyczny robot 8 stref gor\u0105cych kana\u0142\u00f3w rotametr 8 &#8211; sekcyjny","og_url":"https:\/\/europnet.eu\/pl\/produkt\/engel-vc-1350-200-tech\/","og_site_name":"Europnet","article_publisher":"https:\/\/www.facebook.com\/europnet.imm","article_modified_time":"2025-10-02T07:47:43+00:00","og_image":[{"width":2560,"height":2560,"url":"https:\/\/europnet.eu\/wp-content\/uploads\/2025\/08\/1-poprawione-scaled.jpg","type":"image\/jpeg"}],"twitter_card":"summary_large_image","twitter_misc":{"Szacowany czas czytania":"1 minuta"},"schema":{"@context":"https:\/\/schema.org","@graph":[{"@type":"WebPage","@id":"https:\/\/europnet.eu\/pl\/produkt\/engel-vc-1350-200-tech\/","url":"https:\/\/europnet.eu\/pl\/produkt\/engel-vc-1350-200-tech\/","name":"Engel VC 1350\/200 Tech - Europnet","isPartOf":{"@id":"https:\/\/europnet.eu\/pl\/#website"},"primaryImageOfPage":{"@id":"https:\/\/europnet.eu\/pl\/produkt\/engel-vc-1350-200-tech\/#primaryimage"},"image":{"@id":"https:\/\/europnet.eu\/pl\/produkt\/engel-vc-1350-200-tech\/#primaryimage"},"thumbnailUrl":"https:\/\/europnet.eu\/wp-content\/uploads\/2025\/08\/1-poprawione-scaled.jpg","datePublished":"2025-08-08T09:01:29+00:00","dateModified":"2025-10-02T07:47:43+00:00","breadcrumb":{"@id":"https:\/\/europnet.eu\/pl\/produkt\/engel-vc-1350-200-tech\/#breadcrumb"},"inLanguage":"pl-PL","potentialAction":[{"@type":"ReadAction","target":["https:\/\/europnet.eu\/pl\/produkt\/engel-vc-1350-200-tech\/"]}]},{"@type":"ImageObject","inLanguage":"pl-PL","@id":"https:\/\/europnet.eu\/pl\/produkt\/engel-vc-1350-200-tech\/#primaryimage","url":"https:\/\/europnet.eu\/wp-content\/uploads\/2025\/08\/1-poprawione-scaled.jpg","contentUrl":"https:\/\/europnet.eu\/wp-content\/uploads\/2025\/08\/1-poprawione-scaled.jpg","width":2560,"height":2560,"caption":"Engel VC 1350\/200 Tech bei Europnet"},{"@type":"BreadcrumbList","@id":"https:\/\/europnet.eu\/pl\/produkt\/engel-vc-1350-200-tech\/#breadcrumb","itemListElement":[{"@type":"ListItem","position":1,"name":"Strona g\u0142\u00f3wna","item":"https:\/\/europnet.eu\/pl\/"},{"@type":"ListItem","position":2,"name":"Shop","item":"https:\/\/europnet.eu\/pl\/shop\/"},{"@type":"ListItem","position":3,"name":"Engel VC 1350\/200 Tech"}]},{"@type":"WebSite","@id":"https:\/\/europnet.eu\/pl\/#website","url":"https:\/\/europnet.eu\/pl\/","name":"Europnet","description":"","publisher":{"@id":"https:\/\/europnet.eu\/pl\/#organization"},"potentialAction":[{"@type":"SearchAction","target":{"@type":"EntryPoint","urlTemplate":"https:\/\/europnet.eu\/pl\/?s={search_term_string}"},"query-input":{"@type":"PropertyValueSpecification","valueRequired":true,"valueName":"search_term_string"}}],"inLanguage":"pl-PL"},{"@type":"Organization","@id":"https:\/\/europnet.eu\/pl\/#organization","name":"Europnet","url":"https:\/\/europnet.eu\/pl\/","logo":{"@type":"ImageObject","inLanguage":"pl-PL","@id":"https:\/\/europnet.eu\/pl\/#\/schema\/logo\/image\/","url":"https:\/\/europnet.eu\/wp-content\/uploads\/2024\/01\/logo.webp","contentUrl":"https:\/\/europnet.eu\/wp-content\/uploads\/2024\/01\/logo.webp","width":1600,"height":294,"caption":"Europnet"},"image":{"@id":"https:\/\/europnet.eu\/pl\/#\/schema\/logo\/image\/"},"sameAs":["https:\/\/www.facebook.com\/europnet.imm","https:\/\/www.instagram.com\/europnet.imm\/"]}]}},"_links":{"self":[{"href":"https:\/\/europnet.eu\/pl\/wp-json\/wp\/v2\/product\/4566","targetHints":{"allow":["GET"]}}],"collection":[{"href":"https:\/\/europnet.eu\/pl\/wp-json\/wp\/v2\/product"}],"about":[{"href":"https:\/\/europnet.eu\/pl\/wp-json\/wp\/v2\/types\/product"}],"replies":[{"embeddable":true,"href":"https:\/\/europnet.eu\/pl\/wp-json\/wp\/v2\/comments?post=4566"}],"wp:featuredmedia":[{"embeddable":true,"href":"https:\/\/europnet.eu\/pl\/wp-json\/wp\/v2\/media\/4540"}],"wp:attachment":[{"href":"https:\/\/europnet.eu\/pl\/wp-json\/wp\/v2\/media?parent=4566"}],"wp:term":[{"taxonomy":"product_cat","embeddable":true,"href":"https:\/\/europnet.eu\/pl\/wp-json\/wp\/v2\/product_cat?post=4566"},{"taxonomy":"product_tag","embeddable":true,"href":"https:\/\/europnet.eu\/pl\/wp-json\/wp\/v2\/product_tag?post=4566"}],"curies":[{"name":"wp","href":"https:\/\/api.w.org\/{rel}","templated":true}]}}