{"id":447,"date":"2024-01-05T14:02:16","date_gmt":"2024-01-05T13:02:16","guid":{"rendered":"https:\/\/europnet.fd-websolutions.dev\/ankauf\/formular-step-2\/"},"modified":"2024-06-11T09:48:26","modified_gmt":"2024-06-11T07:48:26","slug":"formular-step-2","status":"publish","type":"page","link":"https:\/\/europnet.eu\/pl\/skup-wtryskarek\/formular-step-2\/","title":{"rendered":"Formular Step 2"},"content":{"rendered":"<div class=\"outer-wrapper \" style=\"background-color: rgba(238,238,238,1);\" id=\"\">\n\n\t<div class=\"wrapper container\" style=\"padding:    ;\">\n\n\t\t\n<div class=\"container p-0\">\n\n\t<div class=\"row\">\n\n\t\t<div class=\"col-lg-12\">\n\n\t\t\t<div class=\"textwrap\" style=\"column-count: 1\">\n\n\t\t\t\t<h1><span style=\"color: #4869af;\">Zakup u\u017cywanych wtryskarek<br \/>\n&#8211; Jeste\u015bmy niezawodnym partnerem<\/span><\/h1>\n<p>Szukasz profesjonalnego i godnego zaufania partnera do sprzeda\u017cy u\u017cywanej wtryskarki? W takim razie trafi\u0142e\u015b we w\u0142a\u015bciwe miejsce! Mamy wieloletnie do\u015bwiadczenie w zakupie u\u017cywanych wtryskarek i oferujemy nieskomplikowan\u0105, szybk\u0105 i uczciw\u0105 obs\u0142ug\u0119.<\/p>\n<p>Jako eksperci w tej dziedzinie dok\u0142adnie wiemy, co jest wa\u017cne przy ocenie wtryskarki. Naszym celem jest zaoferowanie najlepszej mo\u017cliwej ceny za maszyn\u0119, aby stworzy\u0107 sytuacj\u0119 korzystn\u0105 dla obu stron.<\/p>\n<p>Aby uczyni\u0107 proces zakupu tak przyjemnym i \u0142atwym, jak to tylko mo\u017cliwe, mamy do dyspozycji dwie do\u015bwiadczone osoby kontaktowe. S\u0105 oni zawsze gotowi do pomocy w przypadku jakichkolwiek pyta\u0144 dotycz\u0105cych sprzeda\u017cy u\u017cywanej wtryskarki i przeprowadzenia klienta przez ca\u0142y proces.<\/p>\n<p>&nbsp;<\/p>\n\n\t\t\t<\/div>\n\n\t\t<\/div>\n\n\t<\/div>\n\n<\/div>\n\n\t<\/div>\n\n<\/div><div class=\"outer-wrapper \" style=\"background-color: rgba(0,0,0,0);\" id=\"\">\n\n\t<div class=\"wrapper container\" style=\"padding:    ;\">\n\n\t\t\n<div class=\"teammember horizontal team_small \">\n\n\t<div class=\"row \">\n\n\t\t\n\t\t\t\t<div class=\"teammember-single\">\n\n\t\t\t\t\t<div class=\"teammember-single-inner\">\n\n\t\t\t\t\t\t<div class=\"teammember-image\">\n\t\t\t\t\t\t\t<img decoding=\"async\" src=\"https:\/\/europnet.eu\/wp-content\/uploads\/2024\/01\/Dawid-Ciarkowski-600x600-1.jpg\" alt=\"\">\n\t\t\t\t\t\t<\/div>\n\n\t\t\t\t\t\t<strong class=\"teammember-name\">Dawid Ciarkowski<\/strong>\n\n\t\t\t\t\t\t<span class=\"teammember-position\">Head of Sales<\/span>\n\n\t\t\t\t\t\t<div class=\"teammember-description\">\n\t\t\t\t\t\t\tPolish, English\t\t\t\t\t\t<\/div>\n\n\t\t\t\t\t\t<div class=\"teammember-contact\">\n\n\t\t\t\t\t\t\t\n\t\t\t\t\t\t\t\t<span class=\"teammember-phone\"><i class=\"fas fa-phone-alt\"><\/i> <a href=\"tel:+48 717 351 768\">+48 717 351 768<\/a><\/span>\n\n\t\t\t\t\t\t\t\n\t\t\t\t\t\t\t\n\t\t\t\t\t\t\t\t<span class=\"teammember-mail\"><i class=\"fas fa-envelope\"><\/i> <a href=\"mailto:d.ciarkowski@europnet.eu\">d.ciarkowski@europnet.eu<\/a><\/span>\n\n\t\t\t\t\t\t\t\n\t\t\t\t\t\t<\/div>\n\n\t\t\t\t\t\t\t\t\t\t\t\t\n\n\t\t\t\t\t<\/div>\n\n\t\t\t\t<\/div>\n\n\t\t\t\n\t\t\t\t<div class=\"teammember-single\">\n\n\t\t\t\t\t<div class=\"teammember-single-inner\">\n\n\t\t\t\t\t\t<div class=\"teammember-image\">\n\t\t\t\t\t\t\t<img decoding=\"async\" src=\"https:\/\/europnet.eu\/wp-content\/uploads\/2024\/01\/Michal-Czeczajluk-600x600-1.jpg\" alt=\"\">\n\t\t\t\t\t\t<\/div>\n\n\t\t\t\t\t\t<strong class=\"teammember-name\">Micha\u0142 Czeczajluk<\/strong>\n\n\t\t\t\t\t\t<span class=\"teammember-position\">Sales Specialist\/ Technician Engineer<\/span>\n\n\t\t\t\t\t\t<div class=\"teammember-description\">\n\t\t\t\t\t\t\tPolish, English, German\t\t\t\t\t\t<\/div>\n\n\t\t\t\t\t\t<div class=\"teammember-contact\">\n\n\t\t\t\t\t\t\t\n\t\t\t\t\t\t\t\t<span class=\"teammember-phone\"><i class=\"fas fa-phone-alt\"><\/i> <a href=\"tel:+48 717 351 726\">+48 717 351 726<\/a><\/span>\n\n\t\t\t\t\t\t\t\n\t\t\t\t\t\t\t\n\t\t\t\t\t\t\t\t<span class=\"teammember-mail\"><i class=\"fas fa-envelope\"><\/i> <a href=\"mailto:m.czeczajluk@europnet.eu\">m.czeczajluk@europnet.eu<\/a><\/span>\n\n\t\t\t\t\t\t\t\n\t\t\t\t\t\t<\/div>\n\n\t\t\t\t\t\t\t\t\t\t\t\t\n\n\t\t\t\t\t<\/div>\n\n\t\t\t\t<\/div>\n\n\t\t\t\n\t<\/div>\n\n<\/div>\n\n\t<\/div>\n\n<\/div><div class=\"outer-wrapper \" style=\"background-color: rgba(238,238,238,1);\" id=\"\">\n\n\t<div class=\"wrapper container\" style=\"padding:    ;\">\n\n\t\t\n<div class=\"row\">\n\n\t<div class=\"col-lg-12\">\n\n\t\t<p class=\"wpcf7-contact-form-not-found\"><strong>B\u0142\u0105d:<\/strong> Brak formularza kontaktowego.<\/p>\n\t<\/div>\n\n<\/div>\n\n\t<\/div>\n\n<\/div>","protected":false},"excerpt":{"rendered":"","protected":false},"author":1,"featured_media":0,"parent":440,"menu_order":0,"comment_status":"closed","ping_status":"closed","template":"","meta":{"_acf_changed":false,"footnotes":""},"class_list":["post-447","page","type-page","status-publish","hentry"],"acf":[],"yoast_head":"<!-- This site is optimized with the Yoast SEO Premium plugin v23.6 (Yoast SEO v23.6) - https:\/\/yoast.com\/wordpress\/plugins\/seo\/ -->\n<title>Formular Step 2 - Europnet<\/title>\n<meta name=\"robots\" content=\"index, follow, max-snippet:-1, max-image-preview:large, max-video-preview:-1\" \/>\n<link rel=\"canonical\" href=\"https:\/\/europnet.eu\/pl\/skup-wtryskarek\/formular-step-2\/\" \/>\n<meta property=\"og:locale\" content=\"pl_PL\" \/>\n<meta property=\"og:type\" content=\"article\" \/>\n<meta property=\"og:title\" content=\"Formular Step 2\" \/>\n<meta property=\"og:url\" content=\"https:\/\/europnet.eu\/pl\/skup-wtryskarek\/formular-step-2\/\" \/>\n<meta property=\"og:site_name\" content=\"Europnet\" \/>\n<meta property=\"article:publisher\" content=\"https:\/\/www.facebook.com\/europnet.imm\" \/>\n<meta property=\"article:modified_time\" content=\"2024-06-11T07:48:26+00:00\" \/>\n<meta name=\"twitter:card\" content=\"summary_large_image\" \/>\n<meta name=\"twitter:label1\" content=\"Szacowany czas czytania\" \/>\n\t<meta name=\"twitter:data1\" content=\"3 minuty\" \/>\n<script type=\"application\/ld+json\" class=\"yoast-schema-graph\">{\"@context\":\"https:\/\/schema.org\",\"@graph\":[{\"@type\":\"WebPage\",\"@id\":\"https:\/\/europnet.eu\/pl\/skup-wtryskarek\/formular-step-2\/\",\"url\":\"https:\/\/europnet.eu\/pl\/skup-wtryskarek\/formular-step-2\/\",\"name\":\"Formular Step 2 - Europnet\",\"isPartOf\":{\"@id\":\"https:\/\/europnet.eu\/pl\/#website\"},\"datePublished\":\"2024-01-05T13:02:16+00:00\",\"dateModified\":\"2024-06-11T07:48:26+00:00\",\"breadcrumb\":{\"@id\":\"https:\/\/europnet.eu\/pl\/skup-wtryskarek\/formular-step-2\/#breadcrumb\"},\"inLanguage\":\"pl-PL\",\"potentialAction\":[{\"@type\":\"ReadAction\",\"target\":[\"https:\/\/europnet.eu\/pl\/skup-wtryskarek\/formular-step-2\/\"]}]},{\"@type\":\"BreadcrumbList\",\"@id\":\"https:\/\/europnet.eu\/pl\/skup-wtryskarek\/formular-step-2\/#breadcrumb\",\"itemListElement\":[{\"@type\":\"ListItem\",\"position\":1,\"name\":\"Strona g\u0142\u00f3wna\",\"item\":\"https:\/\/europnet.eu\/pl\/\"},{\"@type\":\"ListItem\",\"position\":2,\"name\":\"Skup wtryskarek\",\"item\":\"https:\/\/europnet.eu\/pl\/skup-wtryskarek\/\"},{\"@type\":\"ListItem\",\"position\":3,\"name\":\"Formular Step 2\"}]},{\"@type\":\"WebSite\",\"@id\":\"https:\/\/europnet.eu\/pl\/#website\",\"url\":\"https:\/\/europnet.eu\/pl\/\",\"name\":\"Europnet\",\"description\":\"\",\"publisher\":{\"@id\":\"https:\/\/europnet.eu\/pl\/#organization\"},\"potentialAction\":[{\"@type\":\"SearchAction\",\"target\":{\"@type\":\"EntryPoint\",\"urlTemplate\":\"https:\/\/europnet.eu\/pl\/?s={search_term_string}\"},\"query-input\":{\"@type\":\"PropertyValueSpecification\",\"valueRequired\":true,\"valueName\":\"search_term_string\"}}],\"inLanguage\":\"pl-PL\"},{\"@type\":\"Organization\",\"@id\":\"https:\/\/europnet.eu\/pl\/#organization\",\"name\":\"Europnet\",\"url\":\"https:\/\/europnet.eu\/pl\/\",\"logo\":{\"@type\":\"ImageObject\",\"inLanguage\":\"pl-PL\",\"@id\":\"https:\/\/europnet.eu\/pl\/#\/schema\/logo\/image\/\",\"url\":\"https:\/\/europnet.eu\/wp-content\/uploads\/2024\/01\/logo.webp\",\"contentUrl\":\"https:\/\/europnet.eu\/wp-content\/uploads\/2024\/01\/logo.webp\",\"width\":1600,\"height\":294,\"caption\":\"Europnet\"},\"image\":{\"@id\":\"https:\/\/europnet.eu\/pl\/#\/schema\/logo\/image\/\"},\"sameAs\":[\"https:\/\/www.facebook.com\/europnet.imm\",\"https:\/\/www.instagram.com\/europnet.imm\/\"]}]}<\/script>\n<!-- \/ Yoast SEO Premium plugin. -->","yoast_head_json":{"title":"Formular Step 2 - Europnet","robots":{"index":"index","follow":"follow","max-snippet":"max-snippet:-1","max-image-preview":"max-image-preview:large","max-video-preview":"max-video-preview:-1"},"canonical":"https:\/\/europnet.eu\/pl\/skup-wtryskarek\/formular-step-2\/","og_locale":"pl_PL","og_type":"article","og_title":"Formular Step 2","og_url":"https:\/\/europnet.eu\/pl\/skup-wtryskarek\/formular-step-2\/","og_site_name":"Europnet","article_publisher":"https:\/\/www.facebook.com\/europnet.imm","article_modified_time":"2024-06-11T07:48:26+00:00","twitter_card":"summary_large_image","twitter_misc":{"Szacowany czas czytania":"3 minuty"},"schema":{"@context":"https:\/\/schema.org","@graph":[{"@type":"WebPage","@id":"https:\/\/europnet.eu\/pl\/skup-wtryskarek\/formular-step-2\/","url":"https:\/\/europnet.eu\/pl\/skup-wtryskarek\/formular-step-2\/","name":"Formular Step 2 - Europnet","isPartOf":{"@id":"https:\/\/europnet.eu\/pl\/#website"},"datePublished":"2024-01-05T13:02:16+00:00","dateModified":"2024-06-11T07:48:26+00:00","breadcrumb":{"@id":"https:\/\/europnet.eu\/pl\/skup-wtryskarek\/formular-step-2\/#breadcrumb"},"inLanguage":"pl-PL","potentialAction":[{"@type":"ReadAction","target":["https:\/\/europnet.eu\/pl\/skup-wtryskarek\/formular-step-2\/"]}]},{"@type":"BreadcrumbList","@id":"https:\/\/europnet.eu\/pl\/skup-wtryskarek\/formular-step-2\/#breadcrumb","itemListElement":[{"@type":"ListItem","position":1,"name":"Strona g\u0142\u00f3wna","item":"https:\/\/europnet.eu\/pl\/"},{"@type":"ListItem","position":2,"name":"Skup wtryskarek","item":"https:\/\/europnet.eu\/pl\/skup-wtryskarek\/"},{"@type":"ListItem","position":3,"name":"Formular Step 2"}]},{"@type":"WebSite","@id":"https:\/\/europnet.eu\/pl\/#website","url":"https:\/\/europnet.eu\/pl\/","name":"Europnet","description":"","publisher":{"@id":"https:\/\/europnet.eu\/pl\/#organization"},"potentialAction":[{"@type":"SearchAction","target":{"@type":"EntryPoint","urlTemplate":"https:\/\/europnet.eu\/pl\/?s={search_term_string}"},"query-input":{"@type":"PropertyValueSpecification","valueRequired":true,"valueName":"search_term_string"}}],"inLanguage":"pl-PL"},{"@type":"Organization","@id":"https:\/\/europnet.eu\/pl\/#organization","name":"Europnet","url":"https:\/\/europnet.eu\/pl\/","logo":{"@type":"ImageObject","inLanguage":"pl-PL","@id":"https:\/\/europnet.eu\/pl\/#\/schema\/logo\/image\/","url":"https:\/\/europnet.eu\/wp-content\/uploads\/2024\/01\/logo.webp","contentUrl":"https:\/\/europnet.eu\/wp-content\/uploads\/2024\/01\/logo.webp","width":1600,"height":294,"caption":"Europnet"},"image":{"@id":"https:\/\/europnet.eu\/pl\/#\/schema\/logo\/image\/"},"sameAs":["https:\/\/www.facebook.com\/europnet.imm","https:\/\/www.instagram.com\/europnet.imm\/"]}]}},"_links":{"self":[{"href":"https:\/\/europnet.eu\/pl\/wp-json\/wp\/v2\/pages\/447","targetHints":{"allow":["GET"]}}],"collection":[{"href":"https:\/\/europnet.eu\/pl\/wp-json\/wp\/v2\/pages"}],"about":[{"href":"https:\/\/europnet.eu\/pl\/wp-json\/wp\/v2\/types\/page"}],"author":[{"embeddable":true,"href":"https:\/\/europnet.eu\/pl\/wp-json\/wp\/v2\/users\/1"}],"replies":[{"embeddable":true,"href":"https:\/\/europnet.eu\/pl\/wp-json\/wp\/v2\/comments?post=447"}],"version-history":[{"count":2,"href":"https:\/\/europnet.eu\/pl\/wp-json\/wp\/v2\/pages\/447\/revisions"}],"predecessor-version":[{"id":2812,"href":"https:\/\/europnet.eu\/pl\/wp-json\/wp\/v2\/pages\/447\/revisions\/2812"}],"up":[{"embeddable":true,"href":"https:\/\/europnet.eu\/pl\/wp-json\/wp\/v2\/pages\/440"}],"wp:attachment":[{"href":"https:\/\/europnet.eu\/pl\/wp-json\/wp\/v2\/media?parent=447"}],"curies":[{"name":"wp","href":"https:\/\/api.w.org\/{rel}","templated":true}]}}