{"id":369,"date":"2023-12-04T16:03:44","date_gmt":"2023-12-04T15:03:44","guid":{"rendered":"https:\/\/europnet.fd-websolutions.dev\/datenschutz\/"},"modified":"2024-11-11T12:12:33","modified_gmt":"2024-11-11T11:12:33","slug":"datenschutz","status":"publish","type":"page","link":"https:\/\/europnet.eu\/pl\/datenschutz\/","title":{"rendered":"Datenschutz"},"content":{"rendered":"<div class=\"outer-wrapper \" style=\"background-color: rgba(0,0,0,0);\" id=\"\">\n\n\t<div class=\"wrapper container\" style=\"padding:    ;\">\n\n\t\t\n<div class=\"container p-0\">\n\n\t<div class=\"row\">\n\n\t\t<div class=\"col-lg-12\">\n\n\t\t\t<div class=\"textwrap\" style=\"column-count: 1\">\n\n\t\t\t\t<section class=\"elementor-section elementor-top-section elementor-element elementor-element-83bc8d4 elementor-section-boxed elementor-section-height-default elementor-section-height-default\" data-id=\"83bc8d4\" data-element_type=\"section\">\n<div class=\"elementor-container elementor-column-gap-default\">\n<div class=\"elementor-row\">\n<div class=\"elementor-column elementor-col-100 elementor-top-column elementor-element elementor-element-fdf16d3\" data-id=\"fdf16d3\" data-element_type=\"column\">\n<div class=\"elementor-column-wrap elementor-element-populated\">\n<div class=\"elementor-widget-wrap\">\n<div class=\"elementor-element elementor-element-ec237ba elementor-widget elementor-widget-text-editor\" data-id=\"ec237ba\" data-element_type=\"widget\" data-widget_type=\"text-editor.default\">\n<div class=\"elementor-widget-container\">\n<div class=\"elementor-text-editor elementor-clearfix\">\n<p class=\"p1\"><b>Polityka prywatno\u015bci:<\/b><\/p>\n<ol class=\"ol1\">\n<li class=\"li1\"><b>Przegl\u0105d ochrony danych Og\u00f3lnie<\/b><\/li>\n<\/ol>\n<p class=\"p3\">Poni\u017cej znajduje si\u0119 prosty przegl\u0105d tego, co dzieje si\u0119 z twoimi danymi osobowymi, kiedy odwiedzasz nasz\u0105 stron\u0119. Dane osobowe to wszelkie dane, kt\u00f3re mo\u017cna osobi\u015bcie zidentyfikowa\u0107. Szczeg\u00f3\u0142owe informacje na temat ochrony danych mo\u017cna znale\u017a\u0107 w naszej polityce prywatno\u015bci znajduj\u0105cej si\u0119 poni\u017cej.<\/p>\n<p class=\"p3\"><b>Zbieranie danych na naszej stronie internetowej<\/b><\/p>\n<p class=\"p3\"><b>Kto jest odpowiedzialny za zbieranie danych na tej stronie?<\/b><\/p>\n<p class=\"p3\">Dane zgromadzone na tej stronie s\u0105 przetwarzane przez operatora strony. Dane kontaktowe operatora znajduj\u0105 si\u0119 w wymaganiach prawnych strony internetowej.<\/p>\n<p class=\"p3\"><b>Jak zbieramy Twoje dane?<\/b><\/p>\n<p class=\"p3\">Niekt\u00f3re dane s\u0105 gromadzone, gdy je nam udost\u0119pnisz. Mog\u0105 to by\u0107 na przyk\u0142ad dane wprowadzone w formularzu kontaktowym. Inne dane s\u0105 gromadzone automatycznie przez nasze systemy informatyczne podczas odwiedzania strony internetowej. Dane te to przede wszystkim dane techniczne, takie jak przegl\u0105darka i system operacyjny, z kt\u00f3rych korzystasz lub kiedy uzyska\u0142e\u015b dost\u0119p do strony. Dane te s\u0105 gromadzone automatycznie po wej\u015bciu na nasz\u0105 stron\u0119 internetow\u0105.<\/p>\n<p class=\"p3\"><b>Do czego u\u017cywamy Twoich danych?<\/b><\/p>\n<p class=\"p3\">Cz\u0119\u015b\u0107 danych jest gromadzona w celu zapewnienia prawid\u0142owego funkcjonowania strony internetowej. Inne dane mog\u0105 s\u0142u\u017cy\u0107 do analizy sposobu korzystania z witryny przez odwiedzaj\u0105cych.<\/p>\n<p class=\"p3\"><b>Jakie masz prawa dotycz\u0105ce Twoich danych?<\/b><b><\/b><\/p>\n<p class=\"p3\">Zawsze masz prawo \u017c\u0105da\u0107 informacji o przechowywanych danych, ich pochodzeniu, odbiorcach i celu ich gromadzenia bez \u017cadnych op\u0142at. Masz r\u00f3wnie\u017c prawo \u017c\u0105da\u0107 poprawienia, zablokowania lub usuni\u0119cia. Mo\u017cesz skontaktowa\u0107 si\u0119 z nami w dowolnym momencie, korzystaj\u0105c z adresu podanego w informacji prawnej, je\u015bli masz dalsze pytania dotycz\u0105ce kwestii prywatno\u015bci i ochrony danych. Mo\u017cesz oczywi\u015bcie z\u0142o\u017cy\u0107 skarg\u0119 do w\u0142a\u015bciwych organ\u00f3w regulacyjnych.<\/p>\n<p class=\"p3\"><b>Analityka i narz\u0119dzia innych firm<\/b><\/p>\n<p class=\"p3\">Podczas odwiedzania naszej strony internetowej mo\u017cna wykonywa\u0107 analizy statystyczne dotycz\u0105ce zachowania podczas surfowania. Dzieje si\u0119 tak g\u0142\u00f3wnie za pomoc\u0105 plik\u00f3w cookie i analiz. Analiza twoich zachowa\u0144 podczas surfowania jest zwykle anonimowa, tzn. Nie b\u0119dziemy w stanie zidentyfikowa\u0107 Ci\u0119 z tych danych. Mo\u017cesz sprzeciwi\u0107 si\u0119 tej analizie lub jej zapobiec, nie u\u017cywaj\u0105c pewnych narz\u0119dzi. Szczeg\u00f3\u0142owe informacje mo\u017cna znale\u017a\u0107 w poni\u017cszej polityce prywatno\u015bci.<\/p>\n<p class=\"p3\">Mo\u017cesz si\u0119 sprzeciwi\u0107 tej analizie. Poinformujemy Ci\u0119 poni\u017cej o tym, jak korzysta\u0107 z opcji w tym zakresie.<\/p>\n<p class=\"p3\"><b>2)<span class=\"Apple-converted-space\">\u00a0 <\/span>Informacje og\u00f3lne i obowi\u0105zkowe informacje<\/b><\/p>\n<p class=\"p1\">Ochrona danych<\/p>\n<p class=\"p1\">Operatorzy tej strony bardzo powa\u017cnie traktuj\u0105 ochron\u0119 swoich danych osobowych. Traktujemy Twoje dane osobowe jako poufne i zgodnie z ustawowymi przepisami o ochronie danych i niniejsz\u0105 polityk\u0105 prywatno\u015bci.<\/p>\n<p class=\"p4\">Je\u015bli korzystasz z tej strony internetowej, zbierane b\u0119d\u0105 r\u00f3\u017cne dane osobowe. Dane osobowe to wszelkie dane, z kt\u00f3rymi mo\u017cna osobi\u015bcie zidentyfikowa\u0107. Niniejsza polityka prywatno\u015bci wyja\u015bnia, jakie informacje gromadzimy i do czego je wykorzystujemy. Wyja\u015bnia r\u00f3wnie\u017c, w jaki spos\u00f3b i w jakim celu tak si\u0119 dzieje.<\/p>\n<p class=\"p1\">Nale\u017cy pami\u0119ta\u0107, \u017ce dane przesy\u0142ane za po\u015brednictwem Internetu (np. Za po\u015brednictwem wiadomo\u015bci e-mail) mog\u0105 podlega\u0107 naruszeniom bezpiecze\u0144stwa. Ca\u0142kowita ochrona Twoich danych przed dost\u0119pem os\u00f3b trzecich nie jest mo\u017cliwa.<\/p>\n<p class=\"p1\"><b>Cofni\u0119cie zgody na przetwarzanie twoich danych<\/b><\/p>\n<p class=\"p1\">Wiele operacji przetwarzania danych jest mo\u017cliwe tylko za wyra\u017an\u0105 zgod\u0105 u\u017cytkownika. U\u017cytkownik mo\u017ce odwo\u0142a\u0107 swoj\u0105 zgod\u0119 w dowolnym momencie, maj\u0105c na uwadze przysz\u0142y efekt. Nieformalny e-mail, kt\u00f3ry zg\u0142asza t\u0119 pro\u015bb\u0119, jest wystarczaj\u0105cy. Dane przetworzone przed otrzymaniem wniosku mog\u0105 nadal by\u0107 legalnie przetwarzane.<\/p>\n<p class=\"p1\"><b>Prawo do przenoszenia danych<\/b><\/p>\n<p class=\"p1\">Masz prawo do posiadania danych, kt\u00f3re przetwarzamy na podstawie Twojej zgody lub w ramach realizacji umowy automatycznie dostarczonej do ciebie lub strony trzeciej w<\/p>\n<p class=\"p1\">standardowym formacie do odczytu maszynowego. Je\u015bli potrzebujesz bezpo\u015bredniego transferu danych do innej odpowiedzialnej strony, zostanie to zrobione tylko w zakresie technicznie wykonalnym.<\/p>\n<p class=\"p1\"><b>Szyfrowanie SSL lub TLS<\/b><\/p>\n<p class=\"p1\">Ta strona wykorzystuje szyfrowanie SSL lub TLS ze wzgl\u0119d\u00f3w bezpiecze\u0144stwa i do ochrony transmisji poufnych tre\u015bci, takich jak zapytania wysy\u0142ane do nas jako operator witryny. Mo\u017cesz rozpozna\u0107 zaszyfrowane po\u0142\u0105czenie w linii adresowej przegl\u0105darki, gdy zmieni si\u0119 z &#8222;http: \/\/&#8221; na &#8222;https: \/\/&#8221;, a ikona k\u0142\u00f3dki jest wy\u015bwietlana na pasku adresu przegl\u0105darki.<\/p>\n<p class=\"p1\">Je\u015bli aktywowane jest szyfrowanie SSL lub TLS, dane, kt\u00f3re nam przekazujesz, nie mog\u0105 by\u0107 odczytane przez osoby trzecie.<\/p>\n<p class=\"p1\"><b>Informacje, blokowanie, usuwanie<\/b><\/p>\n<p class=\"p1\">Zgodnie z prawem, masz prawo do uzyskania w dowolnym momencie bezp\u0142atnych informacji na temat przechowywanych danych osobowych, ich pochodzenia, odbiorcy i celu, dla kt\u00f3rego zosta\u0142y one przetworzone. Masz r\u00f3wnie\u017c prawo do poprawienia, zablokowania lub usuni\u0119cia tych danych. Mo\u017cesz skontaktowa\u0107 si\u0119 z nami w dowolnym momencie, korzystaj\u0105c z adresu podanego w naszym powiadomieniu prawnym, je\u015bli masz dalsze pytania na temat danych osobowych.<\/p>\n<ol class=\"ol1\">\n<li class=\"li1\"><b>Gromadzenie danych na naszej stronie internetowej<\/b><\/li>\n<\/ol>\n<p class=\"p1\">Pliki Cookie<\/p>\n<p class=\"p1\">Niekt\u00f3re z naszych stron internetowych wykorzystuj\u0105 pliki cookie. Pliki cookie nie szkodz\u0105 komputerowi i nie zawieraj\u0105 \u017cadnych wirus\u00f3w. Dzi\u0119ki plikom cookie nasza strona jest bardziej przyjazna dla u\u017cytkownika, wydajniejsza i bezpieczniejsza. Pliki cookie to ma\u0142e pliki tekstowe, kt\u00f3re s\u0105 przechowywane na komputerze i zapisywane przez przegl\u0105dark\u0119. Wi\u0119kszo\u015b\u0107 wykorzystywanych przez nas plik\u00f3w cookie to tak zwane &#8222;pliki cookie sesji&#8221;. S\u0105 one automatycznie usuwane po Twojej wizycie. Inne pliki cookie pozostaj\u0105 w pami\u0119ci urz\u0105dzenia, dop\u00f3ki ich nie usuniesz. Te pliki cookie umo\u017cliwiaj\u0105 rozpoznanie przegl\u0105darki podczas nast\u0119pnej wizyty na stronie.<\/p>\n<p class=\"p1\">Mo\u017cesz skonfigurowa\u0107 przegl\u0105dark\u0119 tak, aby informowa\u0142a Ci\u0119 o u\u017cywaniu plik\u00f3w cookie, aby mo\u017cna by\u0142o zdecydowa\u0107 czy przyjmowa\u0107 lub odrzuca\u0107 pliki cookie. Alternatywnie przegl\u0105darka mo\u017ce by\u0107 skonfigurowana tak, aby automatycznie akceptowa\u0142a pliki cookie pod pewnymi warunkami lub aby zawsze je odrzuca\u0107 lub automatycznie usuwa\u0142a pliki cookie podczas zamykania przegl\u0105darki. Wy\u0142\u0105czenie plik\u00f3w cookie mo\u017ce ograniczy\u0107 funkcjonalno\u015b\u0107 tej witryny.<\/p>\n<p class=\"p1\">Pliki cookie, kt\u00f3re s\u0105 niezb\u0119dne do umo\u017cliwienia komunikacji elektronicznej lub do zapewnienia pewnych funkcji, kt\u00f3re chcesz wykorzysta\u0107 (takich jak koszyk na zakupy) s\u0105 przechowywane zgodnie z art. 6 ust. 1 lit. f DSGVO. Operator witryny ma uzasadniony interes w przechowywaniu plik\u00f3w cookie w celu zapewnienia zoptymalizowanej us\u0142ugi bez b\u0142\u0119d\u00f3w technicznych. Je\u015bli przechowywane s\u0105 r\u00f3wnie\u017c inne pliki cookie (takie jak te wykorzystywane do analizy zachowania podczas surfowania), b\u0119d\u0105 one traktowane oddzielnie w niniejszej polityce prywatno\u015bci.<\/p>\n<p class=\"p1\"><b>Pliki dziennika serwera<\/b><\/p>\n<p class=\"p1\">Dostawca witryny automatycznie zbiera i przechowuje informacje, kt\u00f3re Twoja przegl\u0105darka automatycznie przesy\u0142a do nas w &#8222;plikach dziennik\u00f3w serwera&#8221;. To s\u0105:<\/p>\n<ul class=\"ul1\">\n<li class=\"li1\">Typ przegl\u0105darki i wersja przegl\u0105darki<\/li>\n<li class=\"li1\">U\u017cywany system operacyjny<\/li>\n<li class=\"li1\">URL strony odsy\u0142aj\u0105cej<\/li>\n<li class=\"li1\">Nazwa hosta komputera uzyskuj\u0105cego dost\u0119p<\/li>\n<li class=\"li1\">Czas \u017c\u0105dania serwera<\/li>\n<li class=\"li1\">Adres IP<\/li>\n<\/ul>\n<p class=\"p1\"><b>Dane te nie b\u0119d\u0105 \u0142\u0105czone z danymi z innych \u017ar\u00f3de\u0142.<\/b><\/p>\n<p class=\"p1\">Podstaw\u0105 przetwarzania danych jest art. 6 (1) (f) DSGVO. Operator witryny ma uzasadniony interes w zapewnieniu zoptymalizowanej us\u0142ugi bez b\u0142\u0119d\u00f3w technicznych. Dlatego pliki dziennika serwera musz\u0105 by\u0107 przechowywane.<\/p>\n<p class=\"p1\"><b>Formularz kontaktowy<\/b><\/p>\n<p class=\"p1\">Je\u015bli wy\u015blesz nam pytania za po\u015brednictwem formularza kontaktowego, pobieramy dane wprowadzone w formularzu, w tym dane kontaktowe, kt\u00f3re podasz, aby odpowiedzie\u0107 na twoje pytanie i wszelkie dalsze pytania. Nie udost\u0119pniamy tych informacji bez Twojej zgody. Przetworzymy wszelkie dane, kt\u00f3re wprowadzisz do formularza kontaktowego, wy\u0142\u0105cznie za Twoj\u0105 zgod\u0105 w ramach art. 6 (1) (a) DSGVO. W ka\u017cdej chwili mo\u017cesz odwo\u0142a\u0107 swoj\u0105 zgod\u0119. Nieformalny e-mail, kt\u00f3ry zg\u0142asza t\u0119 pro\u015bb\u0119, jest wystarczaj\u0105cy. Dane przetworzone przed otrzymaniem wniosku mog\u0105 nadal by\u0107 legalnie przetwarzane.<\/p>\n<p class=\"p1\">Zachowamy dane podane przez Ciebie w formularzu kontaktowym, dop\u00f3ki nie poprosisz o ich usuni\u0119cie, nie cofniesz zgody na ich przechowywanie lub nie b\u0119dzie ju\u017c potrzebny cel przechowywania (np. Po wype\u0142nieniu pro\u015bby). Obowi\u0105zuj\u0105ce przepisy ustawowe, szczeg\u00f3lnie te dotycz\u0105ce obowi\u0105zkowych okres\u00f3w przechowywania danych, pozostaj\u0105 nienaruszone przez ten przepis.<\/p>\n<p class=\"p1\"><b>4.Media spo\u0142eczno\u015bciowe<\/b><\/p>\n<p class=\"p1\">Wtyczki do Facebooka (przyciski Lubi\u0119 to i udost\u0119pniaj)<\/p>\n<p class=\"p1\">Nasza strona internetowa zawiera wtyczki do sieci spo\u0142eczno\u015bciowej Facebook, Facebook Inc., 1 Hacker Way, Menlo Park, California 94025, USA. Wtyczki Facebooka mo\u017cna rozpozna\u0107 po logo Facebook lub przycisku Lubi\u0119 to na naszej stronie. Aby uzyska\u0107 przegl\u0105d wtyczek Facebooka, zobacz https:\/\/developers.facebook.com\/docs\/plugins\/.<\/p>\n<p class=\"p1\">Gdy odwiedzasz nasz\u0105 stron\u0119, poprzez wtyczk\u0119 tworzone jest bezpo\u015brednie po\u0142\u0105czenie mi\u0119dzy twoj\u0105 przegl\u0105dark\u0105 a serwerem Facebooka. Dzi\u0119ki temu Facebook mo\u017ce otrzymywa\u0107 informacje o odwiedzonych przez nas stronach z Twojego adresu IP. Je\u015bli klikniesz na &#8222;przycisk Lubi\u0119 to&#8221; Facebook, gdy jeste\u015b zalogowany na swoje konto na Facebooku, mo\u017cesz po\u0142\u0105czy\u0107 zawarto\u015b\u0107 naszej strony z Twoim profilem na Facebooku. Dzi\u0119ki temu Facebook mo\u017ce kojarzy\u0107 wizyty w naszej witrynie z Twoim kontem u\u017cytkownika. Nale\u017cy pami\u0119ta\u0107, \u017ce jako operator tej witryny nie mamy wiedzy o tre\u015bci danych przesy\u0142anych do Facebooka ani o tym, w jaki spos\u00f3b Facebook wykorzystuje te dane. Aby uzyska\u0107 wi\u0119cej informacji, zobacz polityk\u0119 prywatno\u015bci Facebooka na https:\/\/de-de.facebook.com\/policy.php.<\/p>\n<p class=\"p1\">Je\u015bli nie chcesz, aby Facebook kojarzy\u0142 Twoj\u0105 wizyt\u0119 w naszej witrynie z Twoim kontem na Facebooku, wyloguj si\u0119 ze swojego konta na Facebooku.<\/p>\n<ol class=\"ol1\">\n<li class=\"li1\"><b>Analityka i reklama Google Analytics<\/b><\/li>\n<\/ol>\n<p class=\"p1\">Ta strona korzysta z Google Analytics, us\u0142ugi analizy ogl\u0105dalno\u015bci stron internetowych. Jest obs\u0142ugiwany przez Google Inc., 1600 Amphitheatre Parkway, Mountain View, CA 94043, USA.<\/p>\n<p class=\"p1\">Google Analytics wykorzystuje tak zwane &#8222;pliki cookie&#8221;. S\u0105 to pliki tekstowe, kt\u00f3re s\u0105 przechowywane na komputerze i umo\u017cliwiaj\u0105 analiz\u0119 korzystania z witryny przez Ciebie. Informacje generowane przez cookie na temat korzystania z tej strony internetowej s\u0105 zazwyczaj przesy\u0142ane na serwer Google w USA i tam przechowywane.<\/p>\n<p class=\"p1\">Pliki cookie Google Analytics s\u0105 przechowywane na podstawie art. 6 (1) (f) DSGVO. Operator witryny ma uzasadniony interes w analizie zachowa\u0144 u\u017cytkownik\u00f3w, aby zoptymalizowa\u0107 zar\u00f3wno witryn\u0119 internetow\u0105, jak i reklam\u0119.<\/p>\n<p class=\"p1\"><b>Anonimizacja IP<\/b><b><\/b><\/p>\n<p class=\"p1\">Uruchomili\u015bmy funkcj\u0119 anonimizacji IP na tej stronie. Tw\u00f3j adres IP zostanie skr\u00f3cony przez Google w Unii Europejskiej lub innych stronach Porozumienia o Europejskim Obszarze Gospodarczym przed przes\u0142aniem go do Stan\u00f3w Zjednoczonych. Tylko w wyj\u0105tkowych przypadkach pe\u0142ny adres IP jest wysy\u0142any na serwer Google w USA i tam skracany. Google u\u017cyje tych informacji w imieniu operatora tej strony internetowej w celu oceny korzystania z witryny, sporz\u0105dzania raport\u00f3w dotycz\u0105cych aktywno\u015bci na stronie oraz \u015bwiadczenia innych us\u0142ug zwi\u0105zanych z korzystaniem z witryny i korzystaniem z Internetu przez operatora strony. Adres IP przes\u0142any przez Twoj\u0105 przegl\u0105dark\u0119 jako cz\u0119\u015b\u0107 Google Analytics nie zostanie po\u0142\u0105czony z \u017cadnymi innymi danymi przechowywanymi przez Google.<\/p>\n<p class=\"p1\"><b>Wtyczka przegl\u0105darki<\/b><\/p>\n<p class=\"p1\">Mo\u017cesz zapobiec zapisywaniu tych plik\u00f3w cookie, wybieraj\u0105c odpowiednie ustawienia w przegl\u0105darce. Pragniemy jednak zaznaczy\u0107, \u017ce mo\u017ce to oznacza\u0107, \u017ce nie b\u0119dziecie mogli cieszy\u0107 si\u0119 pe\u0142n\u0105 funkcjonalno\u015bci\u0105 tej strony. Mo\u017cesz r\u00f3wnie\u017c uniemo\u017cliwi\u0107 przekazywanie danych generowanych przez pliki cookie dotycz\u0105ce korzystania z witryny (w tym adresu IP) do Google oraz przetwarzania tych danych przez Google, pobieraj\u0105c i instaluj\u0105c wtyczk\u0119 do przegl\u0105darki dost\u0119pn\u0105 pod nast\u0119puj\u0105cym linkiem: https:\/\/tools.google.com\/dlpage\/gaoptout? hl=en.<\/p>\n<p class=\"p1\"><b>Sprzeciw wobec gromadzenia danych<\/b><\/p>\n<p class=\"p1\">Mo\u017cesz zapobiec gromadzeniu danych przez Google Analytics, klikaj\u0105c poni\u017cszy link. Plik cookie rezygnacji zostanie ustawiony, aby zapobiec gromadzeniu danych podczas przysz\u0142ych wizyt w tej witrynie: Wy\u0142\u0105cz Google Analytics.<\/p>\n<p class=\"p1\">Wi\u0119cej informacji o tym, jak Google Analytics przetwarza dane u\u017cytkownik\u00f3w, znajdziesz w<\/p>\n<p class=\"p1\">Polityce prywatno\u015bci Google: https:\/\/support.google.com\/analytics\/answer\/6004245?hl=pl.<\/p>\n<p class=\"p1\">Zewn\u0119trzne przetwarzanie danych<\/p>\n<p class=\"p1\">Zawarli\u015bmy umow\u0119 z Google na outsourcing naszego przetwarzania danych i pe\u0142ne wdro\u017cenie rygorystycznych wymaga\u0144 niemieckich organ\u00f3w ochrony danych podczas korzystania z Google Analytics.<\/p>\n<p class=\"p1\">Zbieranie danych demograficznych przez Google Analytics<\/p>\n<p class=\"p1\">Ta strona korzysta z funkcji demograficznych Google Analytics. Pozwala to generowa\u0107 raporty zawieraj\u0105ce stwierdzenia dotycz\u0105ce wieku, p\u0142ci i zainteresowa\u0144 odwiedzaj\u0105cych witryn\u0119. Te dane pochodz\u0105 z reklam opartych na zainteresowaniach od Google i danych u\u017cytkownik\u00f3w zewn\u0119trznych. Zebranych danych nie mo\u017cna przypisa\u0107 do \u017cadnej konkretnej osoby. Mo\u017cesz wy\u0142\u0105czy\u0107 t\u0119 funkcj\u0119 w ka\u017cdej chwili, dostosowuj\u0105c ustawienia reklam na swoim koncie Google lub mo\u017cesz zabroni\u0107 zbierania danych przez Google Analytics zgodnie z opisem w sekcji &#8222;Odmowa zbierania danych&#8221;.<\/p>\n<p class=\"p1\"><b>6. Wtyczki i narz\u0119dzia<\/b><\/p>\n<p class=\"p1\">Mapa Google<\/p>\n<p class=\"p1\">Ta strona korzysta z us\u0142ugi mapowej Map Google za po\u015brednictwem interfejsu API. Jest obs\u0142ugiwany przez Google Inc., 1600 Amphitheatre Parkway, Mountain View, CA 94043, USA.<\/p>\n<p class=\"p1\">Aby korzysta\u0107 z Map Google, konieczne jest zapisanie adresu IP. Informacje te s\u0105 zwykle przesy\u0142ane na serwer Google w USA i tam przechowywane. Dostawca tej strony nie ma wp\u0142ywu na ten transfer danych.<\/p>\n<p class=\"p4\">Korzystanie z Map Google ma na celu uatrakcyjnienie naszej witryny i u\u0142atwienie lokalizacji wskazanych przez nas miejsc na stronie internetowej. Stanowi to uzasadniony interes zgodnie z art. 6 (1) (f) DSGVO.<\/p>\n<p class=\"p1\">Wi\u0119cej informacji na temat przetwarzania danych u\u017cytkownika mo\u017cna znale\u017a\u0107 w deklaracji ochrony danych Google pod adresem https:\/\/www.google.de\/intl\/de\/policies\/privacy\/.<\/p>\n<\/div>\n<\/div>\n<\/div>\n<\/div>\n<\/div>\n<\/div>\n<\/div>\n<\/div>\n<\/section>\n\n\t\t\t<\/div>\n\n\t\t<\/div>\n\n\t<\/div>\n\n<\/div>\n\n\t<\/div>\n\n<\/div>","protected":false},"excerpt":{"rendered":"","protected":false},"author":1,"featured_media":0,"parent":0,"menu_order":0,"comment_status":"closed","ping_status":"closed","template":"","meta":{"_acf_changed":false,"footnotes":""},"class_list":["post-369","page","type-page","status-publish","hentry"],"acf":[],"yoast_head":"<!-- This site is optimized with the Yoast SEO Premium plugin v23.6 (Yoast SEO v23.6) - https:\/\/yoast.com\/wordpress\/plugins\/seo\/ -->\n<title>Datenschutz - Europnet<\/title>\n<meta name=\"robots\" content=\"index, follow, max-snippet:-1, max-image-preview:large, max-video-preview:-1\" \/>\n<link rel=\"canonical\" href=\"https:\/\/europnet.eu\/pl\/datenschutz\/\" \/>\n<meta property=\"og:locale\" content=\"pl_PL\" \/>\n<meta property=\"og:type\" content=\"article\" \/>\n<meta property=\"og:title\" content=\"Datenschutz\" \/>\n<meta property=\"og:url\" content=\"https:\/\/europnet.eu\/pl\/datenschutz\/\" \/>\n<meta property=\"og:site_name\" content=\"Europnet\" \/>\n<meta property=\"article:publisher\" content=\"https:\/\/www.facebook.com\/europnet.imm\" \/>\n<meta property=\"article:modified_time\" content=\"2024-11-11T11:12:33+00:00\" \/>\n<meta name=\"twitter:card\" content=\"summary_large_image\" \/>\n<meta name=\"twitter:label1\" content=\"Szacowany czas czytania\" \/>\n\t<meta name=\"twitter:data1\" content=\"11 minut\" \/>\n<script type=\"application\/ld+json\" class=\"yoast-schema-graph\">{\"@context\":\"https:\/\/schema.org\",\"@graph\":[{\"@type\":\"WebPage\",\"@id\":\"https:\/\/europnet.eu\/pl\/datenschutz\/\",\"url\":\"https:\/\/europnet.eu\/pl\/datenschutz\/\",\"name\":\"Datenschutz - Europnet\",\"isPartOf\":{\"@id\":\"https:\/\/europnet.eu\/pl\/#website\"},\"datePublished\":\"2023-12-04T15:03:44+00:00\",\"dateModified\":\"2024-11-11T11:12:33+00:00\",\"breadcrumb\":{\"@id\":\"https:\/\/europnet.eu\/pl\/datenschutz\/#breadcrumb\"},\"inLanguage\":\"pl-PL\",\"potentialAction\":[{\"@type\":\"ReadAction\",\"target\":[\"https:\/\/europnet.eu\/pl\/datenschutz\/\"]}]},{\"@type\":\"BreadcrumbList\",\"@id\":\"https:\/\/europnet.eu\/pl\/datenschutz\/#breadcrumb\",\"itemListElement\":[{\"@type\":\"ListItem\",\"position\":1,\"name\":\"Strona g\u0142\u00f3wna\",\"item\":\"https:\/\/europnet.eu\/pl\/\"},{\"@type\":\"ListItem\",\"position\":2,\"name\":\"Datenschutz\"}]},{\"@type\":\"WebSite\",\"@id\":\"https:\/\/europnet.eu\/pl\/#website\",\"url\":\"https:\/\/europnet.eu\/pl\/\",\"name\":\"Europnet\",\"description\":\"\",\"publisher\":{\"@id\":\"https:\/\/europnet.eu\/pl\/#organization\"},\"potentialAction\":[{\"@type\":\"SearchAction\",\"target\":{\"@type\":\"EntryPoint\",\"urlTemplate\":\"https:\/\/europnet.eu\/pl\/?s={search_term_string}\"},\"query-input\":{\"@type\":\"PropertyValueSpecification\",\"valueRequired\":true,\"valueName\":\"search_term_string\"}}],\"inLanguage\":\"pl-PL\"},{\"@type\":\"Organization\",\"@id\":\"https:\/\/europnet.eu\/pl\/#organization\",\"name\":\"Europnet\",\"url\":\"https:\/\/europnet.eu\/pl\/\",\"logo\":{\"@type\":\"ImageObject\",\"inLanguage\":\"pl-PL\",\"@id\":\"https:\/\/europnet.eu\/pl\/#\/schema\/logo\/image\/\",\"url\":\"https:\/\/europnet.eu\/wp-content\/uploads\/2024\/01\/logo.webp\",\"contentUrl\":\"https:\/\/europnet.eu\/wp-content\/uploads\/2024\/01\/logo.webp\",\"width\":1600,\"height\":294,\"caption\":\"Europnet\"},\"image\":{\"@id\":\"https:\/\/europnet.eu\/pl\/#\/schema\/logo\/image\/\"},\"sameAs\":[\"https:\/\/www.facebook.com\/europnet.imm\",\"https:\/\/www.instagram.com\/europnet.imm\/\"]}]}<\/script>\n<!-- \/ Yoast SEO Premium plugin. -->","yoast_head_json":{"title":"Datenschutz - Europnet","robots":{"index":"index","follow":"follow","max-snippet":"max-snippet:-1","max-image-preview":"max-image-preview:large","max-video-preview":"max-video-preview:-1"},"canonical":"https:\/\/europnet.eu\/pl\/datenschutz\/","og_locale":"pl_PL","og_type":"article","og_title":"Datenschutz","og_url":"https:\/\/europnet.eu\/pl\/datenschutz\/","og_site_name":"Europnet","article_publisher":"https:\/\/www.facebook.com\/europnet.imm","article_modified_time":"2024-11-11T11:12:33+00:00","twitter_card":"summary_large_image","twitter_misc":{"Szacowany czas czytania":"11 minut"},"schema":{"@context":"https:\/\/schema.org","@graph":[{"@type":"WebPage","@id":"https:\/\/europnet.eu\/pl\/datenschutz\/","url":"https:\/\/europnet.eu\/pl\/datenschutz\/","name":"Datenschutz - Europnet","isPartOf":{"@id":"https:\/\/europnet.eu\/pl\/#website"},"datePublished":"2023-12-04T15:03:44+00:00","dateModified":"2024-11-11T11:12:33+00:00","breadcrumb":{"@id":"https:\/\/europnet.eu\/pl\/datenschutz\/#breadcrumb"},"inLanguage":"pl-PL","potentialAction":[{"@type":"ReadAction","target":["https:\/\/europnet.eu\/pl\/datenschutz\/"]}]},{"@type":"BreadcrumbList","@id":"https:\/\/europnet.eu\/pl\/datenschutz\/#breadcrumb","itemListElement":[{"@type":"ListItem","position":1,"name":"Strona g\u0142\u00f3wna","item":"https:\/\/europnet.eu\/pl\/"},{"@type":"ListItem","position":2,"name":"Datenschutz"}]},{"@type":"WebSite","@id":"https:\/\/europnet.eu\/pl\/#website","url":"https:\/\/europnet.eu\/pl\/","name":"Europnet","description":"","publisher":{"@id":"https:\/\/europnet.eu\/pl\/#organization"},"potentialAction":[{"@type":"SearchAction","target":{"@type":"EntryPoint","urlTemplate":"https:\/\/europnet.eu\/pl\/?s={search_term_string}"},"query-input":{"@type":"PropertyValueSpecification","valueRequired":true,"valueName":"search_term_string"}}],"inLanguage":"pl-PL"},{"@type":"Organization","@id":"https:\/\/europnet.eu\/pl\/#organization","name":"Europnet","url":"https:\/\/europnet.eu\/pl\/","logo":{"@type":"ImageObject","inLanguage":"pl-PL","@id":"https:\/\/europnet.eu\/pl\/#\/schema\/logo\/image\/","url":"https:\/\/europnet.eu\/wp-content\/uploads\/2024\/01\/logo.webp","contentUrl":"https:\/\/europnet.eu\/wp-content\/uploads\/2024\/01\/logo.webp","width":1600,"height":294,"caption":"Europnet"},"image":{"@id":"https:\/\/europnet.eu\/pl\/#\/schema\/logo\/image\/"},"sameAs":["https:\/\/www.facebook.com\/europnet.imm","https:\/\/www.instagram.com\/europnet.imm\/"]}]}},"_links":{"self":[{"href":"https:\/\/europnet.eu\/pl\/wp-json\/wp\/v2\/pages\/369","targetHints":{"allow":["GET"]}}],"collection":[{"href":"https:\/\/europnet.eu\/pl\/wp-json\/wp\/v2\/pages"}],"about":[{"href":"https:\/\/europnet.eu\/pl\/wp-json\/wp\/v2\/types\/page"}],"author":[{"embeddable":true,"href":"https:\/\/europnet.eu\/pl\/wp-json\/wp\/v2\/users\/1"}],"replies":[{"embeddable":true,"href":"https:\/\/europnet.eu\/pl\/wp-json\/wp\/v2\/comments?post=369"}],"version-history":[{"count":4,"href":"https:\/\/europnet.eu\/pl\/wp-json\/wp\/v2\/pages\/369\/revisions"}],"predecessor-version":[{"id":3537,"href":"https:\/\/europnet.eu\/pl\/wp-json\/wp\/v2\/pages\/369\/revisions\/3537"}],"wp:attachment":[{"href":"https:\/\/europnet.eu\/pl\/wp-json\/wp\/v2\/media?parent=369"}],"curies":[{"name":"wp","href":"https:\/\/api.w.org\/{rel}","templated":true}]}}