{"id":363,"date":"2023-12-04T16:04:09","date_gmt":"2023-12-04T15:04:09","guid":{"rendered":"https:\/\/europnet.fd-websolutions.dev\/maschinentransporte\/"},"modified":"2024-09-09T10:25:09","modified_gmt":"2024-09-09T08:25:09","slug":"transporty-wtryskarek","status":"publish","type":"page","link":"https:\/\/europnet.eu\/pl\/transporty-wtryskarek\/","title":{"rendered":"Transporty wtryskarek"},"content":{"rendered":"<section class=\"banner\" style=\"height: 650px\">\n\n\t<div class=\"banner_inner\">\n\t\n\t\t\n\t\t\t\t<div class=\"slide\" style=\"height: 650px\">\n\n\t\t\t\t\t<img decoding=\"async\" src=\"https:\/\/europnet.eu\/wp-content\/uploads\/2024\/01\/Slider-1-min.jpg\" alt=\"injection molding machines transport europnet worldplast\n\nSpritzgie\u00dfmaschinen Transport EuropNet WorldPlast\n\nTransport wtryskarek EuropNet WorldPlast\">\n\n\t\t\t\t\t<div class=\"slide_overlay\">\n\n\t\t\t\t\t\t<div class=\"container h-100\">\n\n\t\t\t\t\t\t\t<div class=\"row h-100\">\n\n\t\t\t\t\t\t\t\t<div class=\"col-lg-12\">\n\n\t\t\t\t\t\t\t\t\t<span class=\"banner-headline\">Europnet<\/span>\n\n\t\t\t\t\t\t\t\t\t<span class=\"banner-subline\">Us\u0142ugi transportowe<\/span>\n\n\t\t\t\t\t\t\t\t\t\n\t\t\t\t\t\t\t\t<\/div>\n\n\t\t\t\t\t\t\t<\/div>\n\n\t\t\t\t\t\t<\/div>\n\n\t\t\t\t\t<\/div>\n\n\t\t\t\t<\/div>\n\n\t\t\t\n\t<\/div>\n\n\t<svg class=\"banner_decoration\" xmlns=\"http:\/\/www.w3.org\/2000\/svg\" viewBox=\"0 0 2600 131.1\" preserveAspectRatio=\"none\"> <path style=\"fill: #fff;transform-origin: center;transform: rotateY(0deg);\" d=\"M0 0L2600 0 2600 69.1 0 0z\"><\/path> <path style=\"opacity:0.5;fill: #fff;transform-origin: center;transform: rotateY(0deg);\" d=\"M0 0L2600 0 2600 69.1 0 69.1z\"><\/path> <path style=\"opacity:0.25;fill: #fff;transform-origin: center;transform: rotateY(0deg);\" d=\"M2600 0L0 0 0 130.1 2600 69.1z\"><\/path> <\/svg>\n\n<\/section><div class=\"outer-wrapper \" style=\"background-color: rgba(0,0,0,0);\" id=\"\">\n\n\t<div class=\"wrapper container\" style=\"padding:    ;\">\n\n\t\t\n<div class=\"container p-0\">\n\n\t<div class=\"row\">\n\n\t\t<div class=\"col-lg-12\">\n\n\t\t\t<div class=\"textwrap\" style=\"column-count: 1\">\n\n\t\t\t\t<h1><span style=\"color: #4869af;\">Przedstawiamy Worldplast: Twojego partnera w zakresie profesjonalnych us\u0142ug relokacji i transportu maszyn<\/span><\/h1>\n<p>Staraj\u0105c si\u0119 zawsze zapewnia\u0107 naszym klientom najlepsz\u0105 obs\u0142ug\u0119, nawi\u0105zali\u015bmy wsp\u00f3\u0142prac\u0119 z Worldplast, renomowanym dostawc\u0105 us\u0142ug relokacji i transportu maszyn.<\/p>\n\n\t\t\t<\/div>\n\n\t\t<\/div>\n\n\t<\/div>\n\n<\/div>\n\n<div style=\"height:75px\" aria-hidden=\"true\" class=\"wp-block-spacer\"><\/div>\n\n<div class=\"wp-block-columns are-vertically-aligned-center is-layout-flex wp-container-core-columns-is-layout-9d6595d7 wp-block-columns-is-layout-flex\"><div class=\"wp-block-column is-vertically-aligned-center is-layout-flow wp-block-column-is-layout-flow\"><div class=\"imagewrap\">\n\n\t<img decoding=\"async\" class=\"center\" src=\"https:\/\/europnet.eu\/wp-content\/uploads\/2024\/01\/cropped-logo-300x71-1.jpg\" alt=\"\">\n\n<\/div><\/div>\n\n<div class=\"wp-block-column is-vertically-aligned-center is-layout-flow wp-block-column-is-layout-flow\"><div class=\"container p-0\">\n\n\t<div class=\"row\">\n\n\t\t<div class=\"col-lg-12\">\n\n\t\t\t<div class=\"textwrap\" style=\"column-count: 1\">\n\n\t\t\t\t<div class=\"elementor-element elementor-element-ebcaea8 elementor-widget elementor-widget-text-editor\" data-id=\"ebcaea8\" data-element_type=\"widget\" data-widget_type=\"text-editor.default\">\n<div class=\"elementor-widget-container\">\n<div class=\"elementor-text-editor elementor-clearfix\">\n<h2><span style=\"color: #4869af;\">Konkurencyjne ceny od Worldplast<\/span><\/h2>\n<\/div>\n<\/div>\n<\/div>\n<div class=\"elementor-element elementor-element-d133a73 elementor-widget elementor-widget-text-editor\" data-id=\"d133a73\" data-element_type=\"widget\" data-widget_type=\"text-editor.default\">\n<div class=\"elementor-widget-container\">\n<div class=\"elementor-text-editor elementor-clearfix\">\n<p>Dzi\u0119ki dog\u0142\u0119bnej znajomo\u015bci rynku przez Worldplast, mo\u017cemy zaoferowa\u0107 wysokiej jako\u015bci us\u0142ugi transportowe w najni\u017cszych mo\u017cliwych cenach. Dzi\u0119ki po\u0142\u0105czeniu Europnet i Worldplast zyskujesz wi\u0119cej za swoje pieni\u0105dze.<\/p>\n<\/div>\n<\/div>\n<\/div>\n\n\t\t\t<\/div>\n\n\t\t<\/div>\n\n\t<\/div>\n\n<\/div><\/div><\/div>\n\n<div style=\"height:50px\" aria-hidden=\"true\" class=\"wp-block-spacer\"><\/div>\n\n<section class=\"iconteaser\">\n\t\n\t<div class=\"container\">\n\n\t\t<div class=\"row\">\n\n\t\t\t\n\t\t\t\t\t<div class=\"col-lg-4 col-md-6 iconteaser_single\">\n\n\t\t\t\t\t\t<div class=\"iconteaser_inner\">\n\n\t\t\t\t\t\t\t<span class=\"iconteaser_icon\"><i class=\"fas fa-clipboard-check\"><\/i><\/span>\n\n\t\t\t\t\t\t\t<strong class=\"iconteaser_title\">Profesjonalne planowanie<\/strong>\n\n\t\t\t\t\t\t\t<p class=\"iconteaser_description\">Worldplast gwarantuje szczeg\u00f3\u0142owe i profesjonalne planowanie ka\u017cdego transportu maszyn. Ka\u017cdy projekt jest realizowany sprawnie i na czas. Profesjonalne planowanie &#8211; to po\u0142owa sukcesu.<\/p>\n\n\t\t\t\t\t\t<\/div>\n\n\t\t\t\t\t<\/div>\n\n\t\t\t\t\n\t\t\t\t\t<div class=\"col-lg-4 col-md-6 iconteaser_single\">\n\n\t\t\t\t\t\t<div class=\"iconteaser_inner\">\n\n\t\t\t\t\t\t\t<span class=\"iconteaser_icon\"><i class=\"fas fa-lock\"><\/i><\/span>\n\n\t\t\t\t\t\t\t<strong class=\"iconteaser_title\">Zabezpieczenie projekt\u00f3w<\/strong>\n\n\t\t\t\t\t\t\t<p class=\"iconteaser_description\">Przywi\u0105zujemy du\u017c\u0105 wag\u0119 do bezpiecze\u0144stwa i ochrony Twoich projekt\u00f3w. Dlatego ka\u017cdy projekt realizowany przez Worldplast jest w pe\u0142ni ubezpieczony, aby chroni\u0107 Twoj\u0105 inwestycj\u0119 i zapewni\u0107 Ci dodatkowy poziom spokoju.<\/p>\n\n\t\t\t\t\t\t<\/div>\n\n\t\t\t\t\t<\/div>\n\n\t\t\t\t\n\t\t\t\t\t<div class=\"col-lg-4 col-md-6 iconteaser_single\">\n\n\t\t\t\t\t\t<div class=\"iconteaser_inner\">\n\n\t\t\t\t\t\t\t<span class=\"iconteaser_icon\"><i class=\"fas fa-people-arrows\"><\/i><\/span>\n\n\t\t\t\t\t\t\t<strong class=\"iconteaser_title\">Do\u015bwiadczeni specjali\u015bci<\/strong>\n\n\t\t\t\t\t\t\t<p class=\"iconteaser_description\">Nasz powi\u0119kszony zesp\u00f3\u0142 obejmuje teraz do\u015bwiadczonych specjalist\u00f3w Worldplast, kt\u00f3rzy mog\u0105 skutecznie poradzi\u0107 sobie z ka\u017cd\u0105 relokacj\u0105 maszyn. Dzi\u0119ki swojemu bogatemu do\u015bwiadczeniu s\u0105 oni gwarancj\u0105 sukcesu ka\u017cdego zlecenia.<\/p>\n\n\t\t\t\t\t\t<\/div>\n\n\t\t\t\t\t<\/div>\n\n\t\t\t\t\n\t\t<\/div>\n\n\t<\/div>\n\n<\/section>\n\n<div style=\"height:15px\" aria-hidden=\"true\" class=\"wp-block-spacer\"><\/div>\n\n<div class=\"container p-0\">\n\n\t<div class=\"row\">\n\n\t\t<div class=\"col-lg-12\">\n\n\t\t\t<div class=\"textwrap\" style=\"column-count: 1\">\n\n\t\t\t\t<p>Skontaktuj si\u0119 z nami ju\u017c dzi\u015b, aby dowiedzie\u0107 si\u0119 wi\u0119cej o naszych us\u0142ugach i wsp\u00f3\u0142pracy z Worldplast. W Europnet jeste\u015bmy dumni z dostarczania najwy\u017cszej klasy us\u0142ug transportowych w konkurencyjnych cenach<\/p>\n\n\t\t\t<\/div>\n\n\t\t<\/div>\n\n\t<\/div>\n\n<\/div>\n\n<div style=\"height:30px\" aria-hidden=\"true\" class=\"wp-block-spacer\"><\/div>\n\n<div class=\"row\">\n\n\t<div class=\"col-lg-12 buttonwrap center\">\n\n\t\t<a class=\"button\" href=\"https:\/\/worldplast.eu\/pl\/\">\n\t\t\tSkontaktuj si\u0119 z Worldplast\t\t\n\t\t<\/a>\n\n\t<\/div>\n\n<\/div>\n\n\t<\/div>\n\n<\/div>","protected":false},"excerpt":{"rendered":"","protected":false},"author":1,"featured_media":0,"parent":0,"menu_order":0,"comment_status":"closed","ping_status":"closed","template":"","meta":{"_acf_changed":false,"footnotes":""},"class_list":["post-363","page","type-page","status-publish","hentry"],"acf":[],"yoast_head":"<!-- This site is optimized with the Yoast SEO Premium plugin v23.6 (Yoast SEO v23.6) - https:\/\/yoast.com\/wordpress\/plugins\/seo\/ -->\n<title>Transporty wtryskarek - Europnet<\/title>\n<meta name=\"description\" content=\"Oferujemy profesjonalny transport wtryskarek, w tym kompleksowe planowanie, logistyk\u0119 oraz bezpieczn\u0105 i terminow\u0105 dostaw\u0119.\" \/>\n<meta name=\"robots\" content=\"index, follow, max-snippet:-1, max-image-preview:large, max-video-preview:-1\" \/>\n<link rel=\"canonical\" href=\"https:\/\/europnet.eu\/pl\/transporty-wtryskarek\/\" \/>\n<meta property=\"og:locale\" content=\"pl_PL\" \/>\n<meta property=\"og:type\" content=\"article\" \/>\n<meta property=\"og:title\" content=\"Transporty wtryskarek\" \/>\n<meta property=\"og:description\" content=\"Oferujemy profesjonalny transport wtryskarek, w tym kompleksowe planowanie, logistyk\u0119 oraz bezpieczn\u0105 i terminow\u0105 dostaw\u0119.\" \/>\n<meta property=\"og:url\" content=\"https:\/\/europnet.eu\/pl\/transporty-wtryskarek\/\" \/>\n<meta property=\"og:site_name\" content=\"Europnet\" \/>\n<meta property=\"article:publisher\" content=\"https:\/\/www.facebook.com\/europnet.imm\" \/>\n<meta property=\"article:modified_time\" content=\"2024-09-09T08:25:09+00:00\" \/>\n<meta name=\"twitter:card\" content=\"summary_large_image\" \/>\n<meta name=\"twitter:label1\" content=\"Szacowany czas czytania\" \/>\n\t<meta name=\"twitter:data1\" content=\"1 minuta\" \/>\n<script type=\"application\/ld+json\" class=\"yoast-schema-graph\">{\"@context\":\"https:\/\/schema.org\",\"@graph\":[{\"@type\":\"WebPage\",\"@id\":\"https:\/\/europnet.eu\/pl\/transporty-wtryskarek\/\",\"url\":\"https:\/\/europnet.eu\/pl\/transporty-wtryskarek\/\",\"name\":\"Transporty wtryskarek - Europnet\",\"isPartOf\":{\"@id\":\"https:\/\/europnet.eu\/pl\/#website\"},\"datePublished\":\"2023-12-04T15:04:09+00:00\",\"dateModified\":\"2024-09-09T08:25:09+00:00\",\"description\":\"Oferujemy profesjonalny transport wtryskarek, w tym kompleksowe planowanie, logistyk\u0119 oraz bezpieczn\u0105 i terminow\u0105 dostaw\u0119.\",\"breadcrumb\":{\"@id\":\"https:\/\/europnet.eu\/pl\/transporty-wtryskarek\/#breadcrumb\"},\"inLanguage\":\"pl-PL\",\"potentialAction\":[{\"@type\":\"ReadAction\",\"target\":[\"https:\/\/europnet.eu\/pl\/transporty-wtryskarek\/\"]}]},{\"@type\":\"BreadcrumbList\",\"@id\":\"https:\/\/europnet.eu\/pl\/transporty-wtryskarek\/#breadcrumb\",\"itemListElement\":[{\"@type\":\"ListItem\",\"position\":1,\"name\":\"Strona g\u0142\u00f3wna\",\"item\":\"https:\/\/europnet.eu\/pl\/\"},{\"@type\":\"ListItem\",\"position\":2,\"name\":\"Transporty wtryskarek\"}]},{\"@type\":\"WebSite\",\"@id\":\"https:\/\/europnet.eu\/pl\/#website\",\"url\":\"https:\/\/europnet.eu\/pl\/\",\"name\":\"Europnet\",\"description\":\"\",\"publisher\":{\"@id\":\"https:\/\/europnet.eu\/pl\/#organization\"},\"potentialAction\":[{\"@type\":\"SearchAction\",\"target\":{\"@type\":\"EntryPoint\",\"urlTemplate\":\"https:\/\/europnet.eu\/pl\/?s={search_term_string}\"},\"query-input\":{\"@type\":\"PropertyValueSpecification\",\"valueRequired\":true,\"valueName\":\"search_term_string\"}}],\"inLanguage\":\"pl-PL\"},{\"@type\":\"Organization\",\"@id\":\"https:\/\/europnet.eu\/pl\/#organization\",\"name\":\"Europnet\",\"url\":\"https:\/\/europnet.eu\/pl\/\",\"logo\":{\"@type\":\"ImageObject\",\"inLanguage\":\"pl-PL\",\"@id\":\"https:\/\/europnet.eu\/pl\/#\/schema\/logo\/image\/\",\"url\":\"https:\/\/europnet.eu\/wp-content\/uploads\/2024\/01\/logo.webp\",\"contentUrl\":\"https:\/\/europnet.eu\/wp-content\/uploads\/2024\/01\/logo.webp\",\"width\":1600,\"height\":294,\"caption\":\"Europnet\"},\"image\":{\"@id\":\"https:\/\/europnet.eu\/pl\/#\/schema\/logo\/image\/\"},\"sameAs\":[\"https:\/\/www.facebook.com\/europnet.imm\",\"https:\/\/www.instagram.com\/europnet.imm\/\"]}]}<\/script>\n<!-- \/ Yoast SEO Premium plugin. -->","yoast_head_json":{"title":"Transporty wtryskarek - Europnet","description":"Oferujemy profesjonalny transport wtryskarek, w tym kompleksowe planowanie, logistyk\u0119 oraz bezpieczn\u0105 i terminow\u0105 dostaw\u0119.","robots":{"index":"index","follow":"follow","max-snippet":"max-snippet:-1","max-image-preview":"max-image-preview:large","max-video-preview":"max-video-preview:-1"},"canonical":"https:\/\/europnet.eu\/pl\/transporty-wtryskarek\/","og_locale":"pl_PL","og_type":"article","og_title":"Transporty wtryskarek","og_description":"Oferujemy profesjonalny transport wtryskarek, w tym kompleksowe planowanie, logistyk\u0119 oraz bezpieczn\u0105 i terminow\u0105 dostaw\u0119.","og_url":"https:\/\/europnet.eu\/pl\/transporty-wtryskarek\/","og_site_name":"Europnet","article_publisher":"https:\/\/www.facebook.com\/europnet.imm","article_modified_time":"2024-09-09T08:25:09+00:00","twitter_card":"summary_large_image","twitter_misc":{"Szacowany czas czytania":"1 minuta"},"schema":{"@context":"https:\/\/schema.org","@graph":[{"@type":"WebPage","@id":"https:\/\/europnet.eu\/pl\/transporty-wtryskarek\/","url":"https:\/\/europnet.eu\/pl\/transporty-wtryskarek\/","name":"Transporty wtryskarek - Europnet","isPartOf":{"@id":"https:\/\/europnet.eu\/pl\/#website"},"datePublished":"2023-12-04T15:04:09+00:00","dateModified":"2024-09-09T08:25:09+00:00","description":"Oferujemy profesjonalny transport wtryskarek, w tym kompleksowe planowanie, logistyk\u0119 oraz bezpieczn\u0105 i terminow\u0105 dostaw\u0119.","breadcrumb":{"@id":"https:\/\/europnet.eu\/pl\/transporty-wtryskarek\/#breadcrumb"},"inLanguage":"pl-PL","potentialAction":[{"@type":"ReadAction","target":["https:\/\/europnet.eu\/pl\/transporty-wtryskarek\/"]}]},{"@type":"BreadcrumbList","@id":"https:\/\/europnet.eu\/pl\/transporty-wtryskarek\/#breadcrumb","itemListElement":[{"@type":"ListItem","position":1,"name":"Strona g\u0142\u00f3wna","item":"https:\/\/europnet.eu\/pl\/"},{"@type":"ListItem","position":2,"name":"Transporty wtryskarek"}]},{"@type":"WebSite","@id":"https:\/\/europnet.eu\/pl\/#website","url":"https:\/\/europnet.eu\/pl\/","name":"Europnet","description":"","publisher":{"@id":"https:\/\/europnet.eu\/pl\/#organization"},"potentialAction":[{"@type":"SearchAction","target":{"@type":"EntryPoint","urlTemplate":"https:\/\/europnet.eu\/pl\/?s={search_term_string}"},"query-input":{"@type":"PropertyValueSpecification","valueRequired":true,"valueName":"search_term_string"}}],"inLanguage":"pl-PL"},{"@type":"Organization","@id":"https:\/\/europnet.eu\/pl\/#organization","name":"Europnet","url":"https:\/\/europnet.eu\/pl\/","logo":{"@type":"ImageObject","inLanguage":"pl-PL","@id":"https:\/\/europnet.eu\/pl\/#\/schema\/logo\/image\/","url":"https:\/\/europnet.eu\/wp-content\/uploads\/2024\/01\/logo.webp","contentUrl":"https:\/\/europnet.eu\/wp-content\/uploads\/2024\/01\/logo.webp","width":1600,"height":294,"caption":"Europnet"},"image":{"@id":"https:\/\/europnet.eu\/pl\/#\/schema\/logo\/image\/"},"sameAs":["https:\/\/www.facebook.com\/europnet.imm","https:\/\/www.instagram.com\/europnet.imm\/"]}]}},"_links":{"self":[{"href":"https:\/\/europnet.eu\/pl\/wp-json\/wp\/v2\/pages\/363","targetHints":{"allow":["GET"]}}],"collection":[{"href":"https:\/\/europnet.eu\/pl\/wp-json\/wp\/v2\/pages"}],"about":[{"href":"https:\/\/europnet.eu\/pl\/wp-json\/wp\/v2\/types\/page"}],"author":[{"embeddable":true,"href":"https:\/\/europnet.eu\/pl\/wp-json\/wp\/v2\/users\/1"}],"replies":[{"embeddable":true,"href":"https:\/\/europnet.eu\/pl\/wp-json\/wp\/v2\/comments?post=363"}],"version-history":[{"count":2,"href":"https:\/\/europnet.eu\/pl\/wp-json\/wp\/v2\/pages\/363\/revisions"}],"predecessor-version":[{"id":2626,"href":"https:\/\/europnet.eu\/pl\/wp-json\/wp\/v2\/pages\/363\/revisions\/2626"}],"wp:attachment":[{"href":"https:\/\/europnet.eu\/pl\/wp-json\/wp\/v2\/media?parent=363"}],"curies":[{"name":"wp","href":"https:\/\/api.w.org\/{rel}","templated":true}]}}