{"id":343,"date":"2024-01-05T14:55:12","date_gmt":"2024-01-05T13:55:12","guid":{"rendered":"https:\/\/europnet.fd-websolutions.dev\/agb\/"},"modified":"2024-04-24T10:55:55","modified_gmt":"2024-04-24T08:55:55","slug":"agb","status":"publish","type":"page","link":"https:\/\/europnet.eu\/en\/agb\/","title":{"rendered":"AGB"},"content":{"rendered":"<div class=\"outer-wrapper \" style=\"background-color: rgba(0,0,0,0);\" id=\"\">\n\n\t<div class=\"wrapper container\" style=\"padding:    ;\">\n\n\t\t\n<div class=\"container p-0\">\n\n\t<div class=\"row\">\n\n\t\t<div class=\"col-lg-12\">\n\n\t\t\t<div class=\"textwrap\" style=\"column-count: 1\">\n\n\t\t\t\t<div class=\"elementor elementor-5018\" data-elementor-type=\"wp-page\" data-elementor-id=\"5018\">\n<div class=\"elementor-inner\">\n<div class=\"elementor-section-wrap\">\n<section class=\"elementor-section elementor-top-section elementor-element elementor-element-d070d41 elementor-section-boxed elementor-section-height-default elementor-section-height-default\" data-id=\"d070d41\" data-element_type=\"section\">\n<div class=\"elementor-container elementor-column-gap-default\">\n<div class=\"elementor-row\">\n<div class=\"elementor-column elementor-col-100 elementor-top-column elementor-element elementor-element-6377578\" data-id=\"6377578\" data-element_type=\"column\">\n<div class=\"elementor-column-wrap elementor-element-populated\">\n<div class=\"elementor-widget-wrap\">\n<div class=\"elementor-element elementor-element-356c770 elementor-widget elementor-widget-heading\" data-id=\"356c770\" data-element_type=\"widget\" data-widget_type=\"heading.default\">\n<div class=\"elementor-widget-container\">\n<h2 class=\"elementor-heading-title elementor-size-default\">AGB<\/h2>\n<\/div>\n<\/div>\n<\/div>\n<\/div>\n<\/div>\n<\/div>\n<\/div>\n<\/section>\n<section class=\"elementor-section elementor-top-section elementor-element elementor-element-f26af59 elementor-section-boxed elementor-section-height-default elementor-section-height-default\" data-id=\"f26af59\" data-element_type=\"section\">\n<div class=\"elementor-container elementor-column-gap-default\">\n<div class=\"elementor-row\">\n<div class=\"elementor-column elementor-col-100 elementor-top-column elementor-element elementor-element-b09cbf9\" data-id=\"b09cbf9\" data-element_type=\"column\">\n<div class=\"elementor-column-wrap elementor-element-populated\">\n<div class=\"elementor-widget-wrap\">\n<div class=\"elementor-element elementor-element-6c221e6 elementor-widget elementor-widget-text-editor\" data-id=\"6c221e6\" data-element_type=\"widget\" data-widget_type=\"text-editor.default\">\n<div class=\"elementor-widget-container\">\n<div class=\"elementor-text-editor elementor-clearfix\">\n<h1>Verkaufs- und Lieferbedingungen<br \/>\nder Europnet IMM sp. z o.o. sp.k<\/h1>\n<ol>\n<li><strong>Verbindlichkeit und Vertragsabschluss<\/strong><br \/>\nLieferungen und Leistungen erfolgen ausschlie\u00dflich aufgrund dieser Bedingungen der Europnet<br \/>\nIMM sp. z o.o. sp.k, im folgenden Europnet. Sie sind wesentlicher Bestandteil der Liefervertr\u00e4ge und<br \/>\ngelten durch Auftragserteilung als anerkannt. Sie gelten bei st\u00e4ndigen Gesch\u00e4ftsbeziehungen auch f\u00fcr<br \/>\ndie zuk\u00fcnftigen Vertr\u00e4ge. Abweichende\/entgegenstehende Gesch\u00e4ftsbedingungen unserer<br \/>\nVertragspartner sind nur dann g\u00fcltig, wenn Europnet ausdr\u00fccklich\/schriftlich ihrer Geltung<br \/>\nzugestimmt hat. Sollte der Vertragspartner hiermit nicht einverstanden sein, muss Europnet hierauf<br \/>\nsofort schriftlich hingewiesen werden. F\u00fcr diesen Fall beh\u00e4lt sich Europnet vor, seine Angebote<br \/>\nzur\u00fcckzuziehen, ohne dass gegen Europnet Anspr\u00fcche irgendwelcher Art erhoben werden k\u00f6nnen.<br \/>\nSoweit Lieferungen au\u00dfenwirtschaftlichen Verpflichtungen, (gem. AWG, AWV, Dual-Use-VO,<br \/>\nKWKG, (US) Exportkontrollrecht\/Embargo-Recht) unterliegen, wird der K\u00e4ufer eigenverantwortlich<br \/>\ns\u00e4mtliche Bestimmungen beachten. Erforderliche Genehmigungen wird der K\u00e4ufer einholen.<\/li>\n<li><strong>Angebote<\/strong><br \/>\na) Angebote sind freibleibend, unverbindlich und gelten vorbehaltlich Materialeindeckungsm\u00f6glich-<br \/>\nkeiten. Der Zwischenverkauf und Irrtum bleiben vorbehalten. Preise gelten nur dann als Festpreis,<br \/>\nwenn dies im Einzelfall ausdr\u00fccklich vereinbart ist.<br \/>\nb) Die zu dem Angebot geh\u00f6renden Unterlagen wie Abbildungen, Zeichnungen, Gewichts- und<br \/>\nMa\u00dfangaben sind nur ann\u00e4hernd ma\u00dfgebend, soweit sie nicht ausdr\u00fccklich als verbindlich<br \/>\nbezeichnet sind.<br \/>\nc) Hilfe bei Inbetriebnahme:<br \/>\nEuropnet entsendet einen Techniker, der den Kunden bei der Inbetriebnahme der<br \/>\nMaschine im Trockenlauf mit seinem Fachwissen unterst\u00fctzt. Die Verantwortung f\u00fcr die<br \/>\nInbetriebnahme liegt allein beim Kunden. Die Entsendung entfolgt f\u00fcr maximal einen Tag,<br \/>\nbei Gro\u00dfmaschinen ab einer Tonnage von 200 Tonnen zwei Tage.<br \/>\nUnterst\u00fctzung bei Inbetriebnahme beinhaltet die Funktionst\u00fcchtigkeit im Handbetrieb der<br \/>\nKomponenten Schlie\u00dfeinheit<br \/>\nund Spritzeinheit.<br \/>\nSollte im Trockenlauf festgestellt werden, dass Teile ausgetauscht werden m\u00fcssen oder<br \/>\nzus\u00e4tzlich erforderlich sind, tr\u00e4gt s\u00e4mtliche in diesem Zusammenhang entstehenden Kosten<br \/>\nder Kunde.<br \/>\nd) Inbetriebnahme:<br \/>\nEuropnet entsendet einen oder mehrere Techniker, der verantwortlich die Maschine<br \/>\nIm Trockenlauf in Betrieb nimmt. Da es sich um eine Gebrauchtmaschine handelt, kann<br \/>\nes vorkommen, dass Schl\u00e4uche, Dichtungen und andere Verschlei\u00dfteile nicht in einem<br \/>\nneuwertigen Zustand sind. Weisen diese einen Defekt auf, werden diese auf Kosten der Europnet<br \/>\nausgetauscht.<\/li>\n<li><strong>Preise<\/strong><br \/>\na) Die Preise verstehen sich, wenn nicht anders vereinbart, in EURO ab Werk einschlie\u00dflich Verladung<br \/>\nim Werk jeweils zuz\u00fcglich der zum Zeitpunkt der Rechnungsstellung geltenden Umsatzsteuer.<br \/>\nZ\u00f6lle und sonstiger \u00f6ffentlicher Abgaben, soweit solche anfallen.<br \/>\nb)<br \/>\nLieferungen werden ausschlie\u00dflich auf Anweisung und auf Kosten des K\u00e4ufers transportiert,<br \/>\nverpackt und (transport)versichert. Auf Verlangen ist das Verpackungsmaterial und Leihweise zur<br \/>\nVerf\u00fcgung gestellte Hilfsger\u00e4te unverz\u00fcglich fracht- und kostenfrei zur\u00fcckzusenden.<\/li>\n<li><strong>Auftr\u00e4ge<\/strong><br \/>\nNach Bestellung \/ Auftragseingang erstellt der Verk\u00e4ufer an den Besteller eine Proforma-Rechnung \/<br \/>\nRechnung. Die Zahlung des Rechnungsbetrages ist, soweit nicht anders vereinbart, sofort f\u00e4llig.<br \/>\nErfolgt innerhalb von 5 (f\u00fcnf) Werktagen ab dem Ausstellungsdatum der Proforma-Rechnung \/<br \/>\nRechnung bzw. der vereinbarten F\u00e4lligkeitsfrist kein Zahlungseingang auf das ausgewiesene<br \/>\nBankkonto des Verk\u00e4ufers, wird gegen\u00fcber dem Besteller die Reservierung der Ware aufgehoben.<br \/>\nDie Annahme eines Auftrages verpflichtet den Verk\u00e4ufer nicht zur Annahme von<br \/>\nAnschlussauftr\u00e4gen zu gleichen Konditionen.<\/li>\n<li><strong>R\u00fccknahme<\/strong><br \/>\nEine R\u00fccknahme gelieferter Maschinen, Teile wird ausgeschlossen.<br \/>\n4. Lieferumfang und Lieferzeit<br \/>\na) Die Lieferungen erfolgen, soweit nichts anderes vereinbart ist, ab Werk, frei LKW verladen.<br \/>\nb) Bis zum Versand der Lieferung sind (geringf\u00fcgige) technische \u00c4nderungen\/Verbesserungen<br \/>\ngestattet. Insbesondere sind solche technischen \u00c4nderungen zul\u00e4ssig, die bei Vertragsabschluss noch<br \/>\nnicht vorhersehbar waren und auf die Erbringung des vereinbarten Leistungsumfanges positive Aus-<br \/>\nwirkungen haben. Die Lieferzeiten ergeben sich aus den Vereinbarungen der Vertragsparteien und<br \/>\nsind ann\u00e4hernd. Ihre Einhaltung durch Europnet setzt voraus, dass alle kaufm\u00e4nnischen \/technischen<br \/>\nFragen zwischen den Vertragspartnern gekl\u00e4rt sind und der K\u00e4ufer alle ihm obliegenden<br \/>\nVerpflichtungen, wie z.B. Beibringung der erforderlichen Bescheinigungen\/Genehmigungen, die<br \/>\nLeistung der vereinbarten Zahlung und rechtzeitige Materialbeistellungen, erbracht hat; ist dies nicht<br \/>\nder Fall, so verl\u00e4ngert sich die Lieferzeit angemessen. Dies gilt nicht, soweit Europnet die<br \/>\nVerz\u00f6gerung zu vertreten hat.<br \/>\nc) Die Einhaltung der Lieferfrist steht unter dem Vorbehalt richtiger\/rechtzeitiger Selbstbelieferung. Bei<br \/>\nnicht fristgerechter Lieferung durch Zulieferer von Europnet ist auch Europnet von der Einhaltung<br \/>\nder Lieferfrist entsprechend entbunden; dies setzt voraus, dass Europnet ordnungsgem\u00e4\u00df bestellt hat.<br \/>\nd) Die Lieferfrist ist eingehalten, wenn der Liefergegenstand bis zu ihrem Ablauf das Werk Europnet<br \/>\nverlassen hat oder Versandbereitschaft gemeldet ist. Soweit eine Abnahme zu erfolgen hat, ist \u2013 au-<br \/>\n\u00dfer bei berechtigter Abnahmeverweigerung \u2013 der Abnahmetermin ma\u00dfgebend, hilfsweise die Mel-<br \/>\ndung der Abnahmebereitschaft. Werden der Versand bzw. die Abnahme\/Entgegennahme des Liefer-<br \/>\ngegenstandes aus Gr\u00fcnden verz\u00f6gert, die der K\u00e4ufer zu vertreten hat, so werden ihm, beginnend ei-<br \/>\nnen Monat nach Meldung der Versand- und Abnahmebereitschaft, die durch die Verz\u00f6gerung ent-<br \/>\nstandenen Kosten berechnet.<\/li>\n<li><strong>Gefahr\u00fcbergang<\/strong><br \/>\nDie Gefahr geht auf den K\u00e4ufer \u00fcber, sobald der Liefergegenstand das Lager des Verk\u00e4ufers oder<br \/>\nden Ladeort verlassen hat, und zwar auch dann, wenn Teillieferungen erfolgen oder Europnet noch<br \/>\nandere Leistungen, z. B. die Versandkosten oder Anlieferung und Aufstellung \u00fcbernommen hat. Der<br \/>\nK\u00e4ufer verpflichtet sich auf eigene Kosten eine Versicherung abzuschlie\u00dfen, die die insbesondere<br \/>\nhiermit verbundenen wirtschaftlichen Risiken angemessen abdeckt. Transportsch\u00e4den sind<br \/>\ngrunds\u00e4tzlich dem Frachtf\u00fchrer zu reklamieren. Unabwendbare Ereignisse oder andere<br \/>\nunvorhergesehene Umst\u00e4nde, die die Lieferung unm\u00f6glich machen, geben dem Verk\u00e4ufer das Recht<br \/>\nohne Verpflichtung auf Nachlieferung vom Vertrag zur\u00fcckzutreten. Ein Schadensersatzanspruch des<br \/>\nK\u00e4ufers ist ausgeschlossen<\/li>\n<li><strong>Eigentumsvorbehalt<\/strong><br \/>\nEuropnet beh\u00e4lt sich das Eigentum an s\u00e4mtlichen Liefergegenst\u00e4nden (Vorbehaltsware) bis zur<br \/>\nvollst\u00e4ndigen Kaufpreiszahlung und solange vor, bis s\u00e4mtliche Forderungen Europnet aus der Gesch\u00e4ftsverbindung bezahlt sind. Der K\u00e4ufer ist berechtigt, die Ware im ordnungsgem\u00e4\u00dfen Gesch\u00e4ftsgang weiter zu verarbeiten, solange er sich mit der Erf\u00fcllung seiner Zahlungsverpflichtungen gegen\u00fcber Europnet nicht im Verzug befindet oder seine Zahlungen einstellt. Im einzelnen gilt folgendes:<br \/>\na) Der K\u00e4ufer verwahrt die Vorbehaltsware f\u00fcr Europnet unentgeltlich. Der K\u00e4ufer wird sie gegen \u00fcbliche\/betriebsspezifische Gefahren wie Feuer, Diebstahl und Wasser o. \u00e4. im wirtschaftlich angemessenen Umfang versichern. Der K\u00e4ufer tritt hiermit seine Entsch\u00e4digungsanspr\u00fcche, die ihm aus Sch\u00e4den dieser Art gegen Versicherungsgesellschaften oder sonstige zu Ersatz verpflichtete Dritte zustehen, an Europnet in H\u00f6he der Forderung von Europnet ab. Europnet nimmt die Abtretung hiermit an.<br \/>\nc) Bei vertragswidrigem Verhalten des K\u00e4ufers, insbesondere bei Zahlungsverzug, sowie bei Antragstellung eines Insolvenzverfahrens ist der Verk\u00e4ufer zur R\u00fccknahme des Liefergegenstandes nach Mahnung berechtigt und der K\u00e4ufer zur Herausgabe verpflichtet. Bei Pf\u00e4ndungen oder sonstigen Eingriffen Dritter hat der K\u00e4ufer den Verk\u00e4ufer unverz\u00fcglich schriftlich zu benachrichtigen.<\/li>\n<li><strong>Gew\u00e4hrleistung<\/strong><br \/>\nF\u00fcr gebrauchte Maschinen und Teile ist eine Gew\u00e4hrleistung ausgeschlossen, es sei denn der Verk\u00e4ufer h\u00e4tte dem K\u00e4ufer bekannte M\u00e4ngel vors\u00e4tzlich oder grob fahrl\u00e4ssig verschwiegen.<\/li>\n<li><strong>Haftung (Schadenersatz\/Aufwendungsersatz)<\/strong><br \/>\n1) Wenn der Liefergegenstand durch Verschulden von Europnet IMM sp. z o.o. sp.k infolge unterlassener oder fehlerhafter Beratung vor oder nach Vertragsschlu\u00df oder durch die Verletzung anderer vertraglicher Nebenpflichten (z. B. Bedienungs- oder Wartungsanleitung) vom K\u00e4ufer nicht vertragsgem\u00e4\u00df verwendet werden kann, Anspr\u00fcche des K\u00e4ufers werden ausgeschlossen.<br \/>\n2) F\u00fcr Sch\u00e4den, die nicht am Liefergegenstand selbst entstandenen sind, haftet Europnet IMM sp. z o.o. sp.k<br \/>\n\u2013 aus welchen Rechtsgr\u00fcnden auch immer \u2013 nur<br \/>\n1. bei Vorsatz,<br \/>\n2. bei grober Fahrl\u00e4ssigkeit des Inhabers \/ der Organe oder leitender Angestellter,<br \/>\n3.bei schuldhafter Verletzung von Leben, K\u00f6rper, Gesundheit,<br \/>\n4. bei M\u00e4ngeln, die er arglistig verschwiegen oder deren Abwesenheit er garantiert hat,<br \/>\n5. bei M\u00e4ngeln des Liefergegenstandes, soweit nach dem Produkthaftungsgesetz f\u00fcr Personen- oder Sachsch\u00e4den an privat genutzten Gegenst\u00e4nden gehaftet wird.<\/p>\n<p>Bei schuldhafter Verletzung wesentlicher Vertragspflichten haftet Europnet IMM sp. z o.o. sp.k auch bei grober Fahrl\u00e4ssigkeit nicht leitender Angestellter und bei leichter Fahrl\u00e4ssigkeit, in letzterem Fall begrenzt auf den vertragstypischen, vern\u00fcnftiger Weise vorhersehbaren Schaden; weitere Anspr\u00fcche sind ausgeschlossen.<\/li>\n<li><strong>Zahlungen<\/strong><br \/>\nSoweit nicht anders vereinbart, sind die Rechnungen des Verk\u00e4ufers vor Verladung bzw. Versand der Ware ohne Abzug zahlbar.<\/li>\n<li><strong>Anwendbares Recht\/Erf\u00fcllungsort und Gerichtsstand<br \/>\n<\/strong>F\u00fcr diese Gesch\u00e4ftsbedingungen und die gesamten Rechtsbeziehungen zwischen Verk\u00e4ufer und K\u00e4ufer gilt das Recht der Bundesrepublik Deutschland. Erf\u00fcllungsort f\u00fcr alle gegenseitigen Anspr\u00fcche ist Aachen. Als Gerichtsstand gilt, wenn die Vertragsparteien Kaufleute sind, Aachen als vereinbart.<\/li>\n<li><strong>Rechtswirksamkeit, Datenschutz<br \/>\n<\/strong>Sollte eine der Bestimmungen dieser Allgemeinen Verkaufs- und Lieferbedingungen unwirksam sein oder werden, ber\u00fchrt dies die Wirksamkeit des Vertrages im \u00fcbrigen nicht. Es gilt an ihrer Stelle die gesetzliche Regelung. In keinem Fall wird die betreffende Bestimmung in diesen Allgemeinen Verkaufs- und Lieferbedingungen durch Gesch\u00e4ftsbedingungen des K\u00e4ufers ersetzt.<\/li>\n<li><strong>Sonstiges<br \/>\n<\/strong>Die Parteien vereinbaren f\u00fcr alle etwa zu treffenden Abreden Schriftform. M\u00fcndliche (abweichende) Nebenabreden bestehen nicht. Sie bed\u00fcrfen in jedem Einzelfall zu ihrer G\u00fcltigkeit der schriftlichen Best\u00e4tigung. Das Schriftformerfordernis gilt auch f\u00fcr die Aufhebung dieser Bestimmung. Der K\u00e4ufer hat Europnet auf Eigenschaften der Liefergegenst\u00e4nde gesondert hinzuweisen, auf die dieser besonderen Wert legt. Ein Mangel liegt im Sinne dieser Regelungen nicht vor, wenn ein entsprechender Hinweis durch den K\u00e4ufer nicht erfolgte und es sich um Eigenschaften handelt, die der K\u00e4ufer der Art der Kaufsache nach nicht erwarten kann.<\/li>\n<\/ol>\n<\/div>\n<\/div>\n<\/div>\n<\/div>\n<\/div>\n<\/div>\n<\/div>\n<\/div>\n<\/section>\n<\/div>\n<\/div>\n<\/div>\n\n\t\t\t<\/div>\n\n\t\t<\/div>\n\n\t<\/div>\n\n<\/div>\n\n\t<\/div>\n\n<\/div>","protected":false},"excerpt":{"rendered":"","protected":false},"author":1,"featured_media":0,"parent":0,"menu_order":0,"comment_status":"closed","ping_status":"closed","template":"","meta":{"_acf_changed":false,"footnotes":""},"class_list":["post-343","page","type-page","status-publish","hentry"],"acf":[],"yoast_head":"<!-- This site is optimized with the Yoast SEO Premium plugin v23.6 (Yoast SEO v23.6) - https:\/\/yoast.com\/wordpress\/plugins\/seo\/ -->\n<title>AGB - Europnet<\/title>\n<meta name=\"robots\" content=\"index, follow, max-snippet:-1, max-image-preview:large, max-video-preview:-1\" \/>\n<link rel=\"canonical\" href=\"https:\/\/europnet.eu\/en\/agb\/\" \/>\n<meta property=\"og:locale\" content=\"en_US\" \/>\n<meta property=\"og:type\" content=\"article\" \/>\n<meta property=\"og:title\" content=\"AGB\" \/>\n<meta property=\"og:url\" content=\"https:\/\/europnet.eu\/en\/agb\/\" \/>\n<meta property=\"og:site_name\" content=\"Europnet\" \/>\n<meta property=\"article:publisher\" content=\"https:\/\/www.facebook.com\/europnet.imm\" \/>\n<meta property=\"article:modified_time\" content=\"2024-04-24T08:55:55+00:00\" \/>\n<meta name=\"twitter:card\" content=\"summary_large_image\" \/>\n<script type=\"application\/ld+json\" class=\"yoast-schema-graph\">{\"@context\":\"https:\/\/schema.org\",\"@graph\":[{\"@type\":\"WebPage\",\"@id\":\"https:\/\/europnet.eu\/en\/agb\/\",\"url\":\"https:\/\/europnet.eu\/en\/agb\/\",\"name\":\"AGB - Europnet\",\"isPartOf\":{\"@id\":\"https:\/\/europnet.eu\/en\/#website\"},\"datePublished\":\"2024-01-05T13:55:12+00:00\",\"dateModified\":\"2024-04-24T08:55:55+00:00\",\"breadcrumb\":{\"@id\":\"https:\/\/europnet.eu\/en\/agb\/#breadcrumb\"},\"inLanguage\":\"en-US\",\"potentialAction\":[{\"@type\":\"ReadAction\",\"target\":[\"https:\/\/europnet.eu\/en\/agb\/\"]}]},{\"@type\":\"BreadcrumbList\",\"@id\":\"https:\/\/europnet.eu\/en\/agb\/#breadcrumb\",\"itemListElement\":[{\"@type\":\"ListItem\",\"position\":1,\"name\":\"Home\",\"item\":\"https:\/\/europnet.eu\/en\/\"},{\"@type\":\"ListItem\",\"position\":2,\"name\":\"AGB\"}]},{\"@type\":\"WebSite\",\"@id\":\"https:\/\/europnet.eu\/en\/#website\",\"url\":\"https:\/\/europnet.eu\/en\/\",\"name\":\"Europnet\",\"description\":\"\",\"publisher\":{\"@id\":\"https:\/\/europnet.eu\/en\/#organization\"},\"potentialAction\":[{\"@type\":\"SearchAction\",\"target\":{\"@type\":\"EntryPoint\",\"urlTemplate\":\"https:\/\/europnet.eu\/en\/?s={search_term_string}\"},\"query-input\":{\"@type\":\"PropertyValueSpecification\",\"valueRequired\":true,\"valueName\":\"search_term_string\"}}],\"inLanguage\":\"en-US\"},{\"@type\":\"Organization\",\"@id\":\"https:\/\/europnet.eu\/en\/#organization\",\"name\":\"Europnet\",\"url\":\"https:\/\/europnet.eu\/en\/\",\"logo\":{\"@type\":\"ImageObject\",\"inLanguage\":\"en-US\",\"@id\":\"https:\/\/europnet.eu\/en\/#\/schema\/logo\/image\/\",\"url\":\"https:\/\/europnet.eu\/wp-content\/uploads\/2024\/01\/logo.webp\",\"contentUrl\":\"https:\/\/europnet.eu\/wp-content\/uploads\/2024\/01\/logo.webp\",\"width\":1600,\"height\":294,\"caption\":\"Europnet\"},\"image\":{\"@id\":\"https:\/\/europnet.eu\/en\/#\/schema\/logo\/image\/\"},\"sameAs\":[\"https:\/\/www.facebook.com\/europnet.imm\",\"https:\/\/www.instagram.com\/europnet.imm\/\"]}]}<\/script>\n<!-- \/ Yoast SEO Premium plugin. -->","yoast_head_json":{"title":"AGB - Europnet","robots":{"index":"index","follow":"follow","max-snippet":"max-snippet:-1","max-image-preview":"max-image-preview:large","max-video-preview":"max-video-preview:-1"},"canonical":"https:\/\/europnet.eu\/en\/agb\/","og_locale":"en_US","og_type":"article","og_title":"AGB","og_url":"https:\/\/europnet.eu\/en\/agb\/","og_site_name":"Europnet","article_publisher":"https:\/\/www.facebook.com\/europnet.imm","article_modified_time":"2024-04-24T08:55:55+00:00","twitter_card":"summary_large_image","schema":{"@context":"https:\/\/schema.org","@graph":[{"@type":"WebPage","@id":"https:\/\/europnet.eu\/en\/agb\/","url":"https:\/\/europnet.eu\/en\/agb\/","name":"AGB - Europnet","isPartOf":{"@id":"https:\/\/europnet.eu\/en\/#website"},"datePublished":"2024-01-05T13:55:12+00:00","dateModified":"2024-04-24T08:55:55+00:00","breadcrumb":{"@id":"https:\/\/europnet.eu\/en\/agb\/#breadcrumb"},"inLanguage":"en-US","potentialAction":[{"@type":"ReadAction","target":["https:\/\/europnet.eu\/en\/agb\/"]}]},{"@type":"BreadcrumbList","@id":"https:\/\/europnet.eu\/en\/agb\/#breadcrumb","itemListElement":[{"@type":"ListItem","position":1,"name":"Home","item":"https:\/\/europnet.eu\/en\/"},{"@type":"ListItem","position":2,"name":"AGB"}]},{"@type":"WebSite","@id":"https:\/\/europnet.eu\/en\/#website","url":"https:\/\/europnet.eu\/en\/","name":"Europnet","description":"","publisher":{"@id":"https:\/\/europnet.eu\/en\/#organization"},"potentialAction":[{"@type":"SearchAction","target":{"@type":"EntryPoint","urlTemplate":"https:\/\/europnet.eu\/en\/?s={search_term_string}"},"query-input":{"@type":"PropertyValueSpecification","valueRequired":true,"valueName":"search_term_string"}}],"inLanguage":"en-US"},{"@type":"Organization","@id":"https:\/\/europnet.eu\/en\/#organization","name":"Europnet","url":"https:\/\/europnet.eu\/en\/","logo":{"@type":"ImageObject","inLanguage":"en-US","@id":"https:\/\/europnet.eu\/en\/#\/schema\/logo\/image\/","url":"https:\/\/europnet.eu\/wp-content\/uploads\/2024\/01\/logo.webp","contentUrl":"https:\/\/europnet.eu\/wp-content\/uploads\/2024\/01\/logo.webp","width":1600,"height":294,"caption":"Europnet"},"image":{"@id":"https:\/\/europnet.eu\/en\/#\/schema\/logo\/image\/"},"sameAs":["https:\/\/www.facebook.com\/europnet.imm","https:\/\/www.instagram.com\/europnet.imm\/"]}]}},"_links":{"self":[{"href":"https:\/\/europnet.eu\/en\/wp-json\/wp\/v2\/pages\/343","targetHints":{"allow":["GET"]}}],"collection":[{"href":"https:\/\/europnet.eu\/en\/wp-json\/wp\/v2\/pages"}],"about":[{"href":"https:\/\/europnet.eu\/en\/wp-json\/wp\/v2\/types\/page"}],"author":[{"embeddable":true,"href":"https:\/\/europnet.eu\/en\/wp-json\/wp\/v2\/users\/1"}],"replies":[{"embeddable":true,"href":"https:\/\/europnet.eu\/en\/wp-json\/wp\/v2\/comments?post=343"}],"version-history":[{"count":2,"href":"https:\/\/europnet.eu\/en\/wp-json\/wp\/v2\/pages\/343\/revisions"}],"predecessor-version":[{"id":2312,"href":"https:\/\/europnet.eu\/en\/wp-json\/wp\/v2\/pages\/343\/revisions\/2312"}],"wp:attachment":[{"href":"https:\/\/europnet.eu\/en\/wp-json\/wp\/v2\/media?parent=343"}],"curies":[{"name":"wp","href":"https:\/\/api.w.org\/{rel}","templated":true}]}}