{"id":6834,"date":"2025-11-26T14:39:01","date_gmt":"2025-11-26T13:39:01","guid":{"rendered":"https:\/\/europnet.eu\/?post_type=product&#038;p=6834"},"modified":"2026-01-08T13:27:41","modified_gmt":"2026-01-08T12:27:41","slug":"battenfeld-hm-500-3400","status":"publish","type":"product","link":"https:\/\/europnet.eu\/de\/produkt\/battenfeld-hm-500-3400\/","title":{"rendered":"Battenfeld HM 500\/3400"},"content":{"rendered":"","protected":false},"excerpt":{"rendered":"","protected":false},"featured_media":6792,"comment_status":"open","ping_status":"closed","template":"","meta":{"_acf_changed":false},"product_cat":[36],"product_tag":[],"class_list":{"0":"post-6834","1":"product","2":"type-product","3":"status-publish","4":"has-post-thumbnail","6":"product_cat-spritzgiessmaschinen","8":"first","9":"instock","10":"taxable","11":"shipping-taxable","12":"product-type-simple"},"acf":{"injection_unit":"...\/3400","screw_diameter":"85","injection_pressure":"1574","injection_volume":"2128","shot_capacity":"1937","hydraulic_drive_power":"","cylinder_heating_capacity":"","ld_ratio":"22","clamping_unit":"500\/...","clamping_force":500,"plate_size":"1590 x 1470","distance_tie_bars":"1000 x 800","ejection_force":"","mould_height":"450","opening_stroke":"1150","max_plate_spacing":"1600","ejector_stroke":"250","total_power_consumption":"","oil_filling":"","electronical_connection":"","weight":"25000","machine_dimensions":"7,3 x 2,5 x 2,6 ","construction_year":"2007","control":"Unilog B6","marketing_status":"available"},"yoast_head":"<!-- This site is optimized with the Yoast SEO Premium plugin v23.6 (Yoast SEO v23.6) - https:\/\/yoast.com\/wordpress\/plugins\/seo\/ -->\n<title>Battenfeld HM 500\/3400 - Europnet<\/title>\n<meta name=\"description\" content=\"Battenfeld HM 500\/3400 bei Europnet verf\u00fcgbar! Spritzgie\u00dfmaschine mit 500t Schlie\u00dfkraft &amp; 1937g Spritzgewicht. Details hier.\" \/>\n<meta name=\"robots\" content=\"index, follow, max-snippet:-1, max-image-preview:large, max-video-preview:-1\" \/>\n<link rel=\"canonical\" href=\"https:\/\/europnet.eu\/de\/produkt\/battenfeld-hm-500-3400\/\" \/>\n<meta property=\"og:locale\" content=\"de_DE\" \/>\n<meta property=\"og:type\" content=\"article\" \/>\n<meta property=\"og:title\" content=\"Battenfeld HM 500\/3400\" \/>\n<meta property=\"og:description\" content=\"Battenfeld HM 500\/3400 bei Europnet verf\u00fcgbar! Spritzgie\u00dfmaschine mit 500t Schlie\u00dfkraft &amp; 1937g Spritzgewicht. Details hier.\" \/>\n<meta property=\"og:url\" content=\"https:\/\/europnet.eu\/de\/produkt\/battenfeld-hm-500-3400\/\" \/>\n<meta property=\"og:site_name\" content=\"Europnet\" \/>\n<meta property=\"article:publisher\" content=\"https:\/\/www.facebook.com\/europnet.imm\" \/>\n<meta property=\"article:modified_time\" content=\"2026-01-08T12:27:41+00:00\" \/>\n<meta property=\"og:image\" content=\"https:\/\/europnet.eu\/wp-content\/uploads\/2025\/10\/Battenfeld-HM-500-3400-r.-2007_-photo-1-1.jpg\" \/>\n\t<meta property=\"og:image:width\" content=\"2000\" \/>\n\t<meta property=\"og:image:height\" content=\"1500\" \/>\n\t<meta property=\"og:image:type\" content=\"image\/jpeg\" \/>\n<meta name=\"twitter:card\" content=\"summary_large_image\" \/>\n<meta name=\"twitter:label1\" content=\"Gesch\u00e4tzte Lesezeit\" \/>\n\t<meta name=\"twitter:data1\" content=\"1\u00a0Minute\" \/>\n<script type=\"application\/ld+json\" class=\"yoast-schema-graph\">{\"@context\":\"https:\/\/schema.org\",\"@graph\":[{\"@type\":\"WebPage\",\"@id\":\"https:\/\/europnet.eu\/de\/produkt\/battenfeld-hm-500-3400\/\",\"url\":\"https:\/\/europnet.eu\/de\/produkt\/battenfeld-hm-500-3400\/\",\"name\":\"Battenfeld HM 500\/3400 - Europnet\",\"isPartOf\":{\"@id\":\"https:\/\/europnet.eu\/de\/#website\"},\"primaryImageOfPage\":{\"@id\":\"https:\/\/europnet.eu\/de\/produkt\/battenfeld-hm-500-3400\/#primaryimage\"},\"image\":{\"@id\":\"https:\/\/europnet.eu\/de\/produkt\/battenfeld-hm-500-3400\/#primaryimage\"},\"thumbnailUrl\":\"https:\/\/europnet.eu\/wp-content\/uploads\/2025\/10\/Battenfeld-HM-500-3400-r.-2007_-photo-1-1.jpg\",\"datePublished\":\"2025-11-26T13:39:01+00:00\",\"dateModified\":\"2026-01-08T12:27:41+00:00\",\"description\":\"Battenfeld HM 500\/3400 bei Europnet verf\u00fcgbar! Spritzgie\u00dfmaschine mit 500t Schlie\u00dfkraft & 1937g Spritzgewicht. Details hier.\",\"breadcrumb\":{\"@id\":\"https:\/\/europnet.eu\/de\/produkt\/battenfeld-hm-500-3400\/#breadcrumb\"},\"inLanguage\":\"de\",\"potentialAction\":[{\"@type\":\"ReadAction\",\"target\":[\"https:\/\/europnet.eu\/de\/produkt\/battenfeld-hm-500-3400\/\"]}]},{\"@type\":\"ImageObject\",\"inLanguage\":\"de\",\"@id\":\"https:\/\/europnet.eu\/de\/produkt\/battenfeld-hm-500-3400\/#primaryimage\",\"url\":\"https:\/\/europnet.eu\/wp-content\/uploads\/2025\/10\/Battenfeld-HM-500-3400-r.-2007_-photo-1-1.jpg\",\"contentUrl\":\"https:\/\/europnet.eu\/wp-content\/uploads\/2025\/10\/Battenfeld-HM-500-3400-r.-2007_-photo-1-1.jpg\",\"width\":2000,\"height\":1500,\"caption\":\"Battenfeld HM 500\/3400 bei Europnet\"},{\"@type\":\"BreadcrumbList\",\"@id\":\"https:\/\/europnet.eu\/de\/produkt\/battenfeld-hm-500-3400\/#breadcrumb\",\"itemListElement\":[{\"@type\":\"ListItem\",\"position\":1,\"name\":\"Startseite\",\"item\":\"https:\/\/europnet.eu\/de\/\"},{\"@type\":\"ListItem\",\"position\":2,\"name\":\"Shop\",\"item\":\"https:\/\/europnet.eu\/de\/shop\/\"},{\"@type\":\"ListItem\",\"position\":3,\"name\":\"Battenfeld HM 500\/3400\"}]},{\"@type\":\"WebSite\",\"@id\":\"https:\/\/europnet.eu\/de\/#website\",\"url\":\"https:\/\/europnet.eu\/de\/\",\"name\":\"Europnet\",\"description\":\"\",\"publisher\":{\"@id\":\"https:\/\/europnet.eu\/de\/#organization\"},\"potentialAction\":[{\"@type\":\"SearchAction\",\"target\":{\"@type\":\"EntryPoint\",\"urlTemplate\":\"https:\/\/europnet.eu\/de\/?s={search_term_string}\"},\"query-input\":{\"@type\":\"PropertyValueSpecification\",\"valueRequired\":true,\"valueName\":\"search_term_string\"}}],\"inLanguage\":\"de\"},{\"@type\":\"Organization\",\"@id\":\"https:\/\/europnet.eu\/de\/#organization\",\"name\":\"Europnet\",\"url\":\"https:\/\/europnet.eu\/de\/\",\"logo\":{\"@type\":\"ImageObject\",\"inLanguage\":\"de\",\"@id\":\"https:\/\/europnet.eu\/de\/#\/schema\/logo\/image\/\",\"url\":\"https:\/\/europnet.eu\/wp-content\/uploads\/2024\/01\/logo.webp\",\"contentUrl\":\"https:\/\/europnet.eu\/wp-content\/uploads\/2024\/01\/logo.webp\",\"width\":1600,\"height\":294,\"caption\":\"Europnet\"},\"image\":{\"@id\":\"https:\/\/europnet.eu\/de\/#\/schema\/logo\/image\/\"},\"sameAs\":[\"https:\/\/www.facebook.com\/europnet.imm\",\"https:\/\/www.instagram.com\/europnet.imm\/\"]}]}<\/script>\n<!-- \/ Yoast SEO Premium plugin. -->","yoast_head_json":{"title":"Battenfeld HM 500\/3400 - Europnet","description":"Battenfeld HM 500\/3400 bei Europnet verf\u00fcgbar! Spritzgie\u00dfmaschine mit 500t Schlie\u00dfkraft & 1937g Spritzgewicht. Details hier.","robots":{"index":"index","follow":"follow","max-snippet":"max-snippet:-1","max-image-preview":"max-image-preview:large","max-video-preview":"max-video-preview:-1"},"canonical":"https:\/\/europnet.eu\/de\/produkt\/battenfeld-hm-500-3400\/","og_locale":"de_DE","og_type":"article","og_title":"Battenfeld HM 500\/3400","og_description":"Battenfeld HM 500\/3400 bei Europnet verf\u00fcgbar! Spritzgie\u00dfmaschine mit 500t Schlie\u00dfkraft & 1937g Spritzgewicht. Details hier.","og_url":"https:\/\/europnet.eu\/de\/produkt\/battenfeld-hm-500-3400\/","og_site_name":"Europnet","article_publisher":"https:\/\/www.facebook.com\/europnet.imm","article_modified_time":"2026-01-08T12:27:41+00:00","og_image":[{"width":2000,"height":1500,"url":"https:\/\/europnet.eu\/wp-content\/uploads\/2025\/10\/Battenfeld-HM-500-3400-r.-2007_-photo-1-1.jpg","type":"image\/jpeg"}],"twitter_card":"summary_large_image","twitter_misc":{"Gesch\u00e4tzte Lesezeit":"1\u00a0Minute"},"schema":{"@context":"https:\/\/schema.org","@graph":[{"@type":"WebPage","@id":"https:\/\/europnet.eu\/de\/produkt\/battenfeld-hm-500-3400\/","url":"https:\/\/europnet.eu\/de\/produkt\/battenfeld-hm-500-3400\/","name":"Battenfeld HM 500\/3400 - Europnet","isPartOf":{"@id":"https:\/\/europnet.eu\/de\/#website"},"primaryImageOfPage":{"@id":"https:\/\/europnet.eu\/de\/produkt\/battenfeld-hm-500-3400\/#primaryimage"},"image":{"@id":"https:\/\/europnet.eu\/de\/produkt\/battenfeld-hm-500-3400\/#primaryimage"},"thumbnailUrl":"https:\/\/europnet.eu\/wp-content\/uploads\/2025\/10\/Battenfeld-HM-500-3400-r.-2007_-photo-1-1.jpg","datePublished":"2025-11-26T13:39:01+00:00","dateModified":"2026-01-08T12:27:41+00:00","description":"Battenfeld HM 500\/3400 bei Europnet verf\u00fcgbar! Spritzgie\u00dfmaschine mit 500t Schlie\u00dfkraft & 1937g Spritzgewicht. Details hier.","breadcrumb":{"@id":"https:\/\/europnet.eu\/de\/produkt\/battenfeld-hm-500-3400\/#breadcrumb"},"inLanguage":"de","potentialAction":[{"@type":"ReadAction","target":["https:\/\/europnet.eu\/de\/produkt\/battenfeld-hm-500-3400\/"]}]},{"@type":"ImageObject","inLanguage":"de","@id":"https:\/\/europnet.eu\/de\/produkt\/battenfeld-hm-500-3400\/#primaryimage","url":"https:\/\/europnet.eu\/wp-content\/uploads\/2025\/10\/Battenfeld-HM-500-3400-r.-2007_-photo-1-1.jpg","contentUrl":"https:\/\/europnet.eu\/wp-content\/uploads\/2025\/10\/Battenfeld-HM-500-3400-r.-2007_-photo-1-1.jpg","width":2000,"height":1500,"caption":"Battenfeld HM 500\/3400 bei Europnet"},{"@type":"BreadcrumbList","@id":"https:\/\/europnet.eu\/de\/produkt\/battenfeld-hm-500-3400\/#breadcrumb","itemListElement":[{"@type":"ListItem","position":1,"name":"Startseite","item":"https:\/\/europnet.eu\/de\/"},{"@type":"ListItem","position":2,"name":"Shop","item":"https:\/\/europnet.eu\/de\/shop\/"},{"@type":"ListItem","position":3,"name":"Battenfeld HM 500\/3400"}]},{"@type":"WebSite","@id":"https:\/\/europnet.eu\/de\/#website","url":"https:\/\/europnet.eu\/de\/","name":"Europnet","description":"","publisher":{"@id":"https:\/\/europnet.eu\/de\/#organization"},"potentialAction":[{"@type":"SearchAction","target":{"@type":"EntryPoint","urlTemplate":"https:\/\/europnet.eu\/de\/?s={search_term_string}"},"query-input":{"@type":"PropertyValueSpecification","valueRequired":true,"valueName":"search_term_string"}}],"inLanguage":"de"},{"@type":"Organization","@id":"https:\/\/europnet.eu\/de\/#organization","name":"Europnet","url":"https:\/\/europnet.eu\/de\/","logo":{"@type":"ImageObject","inLanguage":"de","@id":"https:\/\/europnet.eu\/de\/#\/schema\/logo\/image\/","url":"https:\/\/europnet.eu\/wp-content\/uploads\/2024\/01\/logo.webp","contentUrl":"https:\/\/europnet.eu\/wp-content\/uploads\/2024\/01\/logo.webp","width":1600,"height":294,"caption":"Europnet"},"image":{"@id":"https:\/\/europnet.eu\/de\/#\/schema\/logo\/image\/"},"sameAs":["https:\/\/www.facebook.com\/europnet.imm","https:\/\/www.instagram.com\/europnet.imm\/"]}]}},"_links":{"self":[{"href":"https:\/\/europnet.eu\/de\/wp-json\/wp\/v2\/product\/6834","targetHints":{"allow":["GET"]}}],"collection":[{"href":"https:\/\/europnet.eu\/de\/wp-json\/wp\/v2\/product"}],"about":[{"href":"https:\/\/europnet.eu\/de\/wp-json\/wp\/v2\/types\/product"}],"replies":[{"embeddable":true,"href":"https:\/\/europnet.eu\/de\/wp-json\/wp\/v2\/comments?post=6834"}],"wp:featuredmedia":[{"embeddable":true,"href":"https:\/\/europnet.eu\/de\/wp-json\/wp\/v2\/media\/6792"}],"wp:attachment":[{"href":"https:\/\/europnet.eu\/de\/wp-json\/wp\/v2\/media?parent=6834"}],"wp:term":[{"taxonomy":"product_cat","embeddable":true,"href":"https:\/\/europnet.eu\/de\/wp-json\/wp\/v2\/product_cat?post=6834"},{"taxonomy":"product_tag","embeddable":true,"href":"https:\/\/europnet.eu\/de\/wp-json\/wp\/v2\/product_tag?post=6834"}],"curies":[{"name":"wp","href":"https:\/\/api.w.org\/{rel}","templated":true}]}}