{"id":4576,"date":"2025-08-08T11:01:29","date_gmt":"2025-08-08T09:01:29","guid":{"rendered":"https:\/\/europnet.eu\/?post_type=product&#038;p=4576"},"modified":"2026-01-08T13:34:26","modified_gmt":"2026-01-08T12:34:26","slug":"engel-vc-1350-200-tech","status":"publish","type":"product","link":"https:\/\/europnet.eu\/de\/produkt\/engel-vc-1350-200-tech\/","title":{"rendered":"Engel VC 1350\/200 Tech"},"content":{"rendered":"<p dir=\"auto\"><strong>Ausstattung:<\/strong><\/p>\n<ul dir=\"auto\">\n<li>2 x hydraulischer Kern an der beweglichen Platte<\/li>\n<li>Pneumatisches Ventil<\/li>\n<li>Integrierter Roboter<\/li>\n<li>8 Zonen f\u00fcr Hei\u00dfkan\u00e4le<\/li>\n<li>Rotameter 8-fach<\/li>\n<\/ul>\n","protected":false},"excerpt":{"rendered":"<p>Ausstattung: 2 x hydraulischer Kern an der beweglichen Platte Pneumatisches Ventil Integrierter Roboter 8 Zonen f\u00fcr Hei\u00dfkan\u00e4le Rotameter 8-fach<\/p>\n","protected":false},"featured_media":4538,"comment_status":"open","ping_status":"closed","template":"","meta":{"_acf_changed":false},"product_cat":[36],"product_tag":[],"class_list":{"0":"post-4576","1":"product","2":"type-product","3":"status-publish","4":"has-post-thumbnail","6":"product_cat-spritzgiessmaschinen","8":"first","9":"instock","10":"taxable","11":"shipping-taxable","12":"product-type-simple"},"acf":{"injection_unit":"...\/1350","screw_diameter":"55","injection_pressure":"2183","injection_volume":"618","shot_capacity":"562","hydraulic_drive_power":"","cylinder_heating_capacity":"","ld_ratio":"","clamping_unit":"200\/...","clamping_force":200,"plate_size":"860 x 570","distance_tie_bars":"","ejection_force":"80","mould_height":"400","opening_stroke":"750","max_plate_spacing":"1150","ejector_stroke":"180","total_power_consumption":"","oil_filling":"","electronical_connection":"","weight":"14200","machine_dimensions":"6,3 x 1,9 x 2,3","construction_year":"2007","control":"","marketing_status":"available"},"yoast_head":"<!-- This site is optimized with the Yoast SEO Premium plugin v23.6 (Yoast SEO v23.6) - https:\/\/yoast.com\/wordpress\/plugins\/seo\/ -->\n<title>Engel VC 1350\/200 Tech - Europnet<\/title>\n<meta name=\"description\" content=\"Engel VC 1350\/200 Tech bei Europnet verf\u00fcgbar! Spritzgie\u00dfmaschine mit 135t Schlie\u00dfkraft &amp; 260g Spritzgewicht. Details hier.\" \/>\n<meta name=\"robots\" content=\"index, follow, max-snippet:-1, max-image-preview:large, max-video-preview:-1\" \/>\n<link rel=\"canonical\" href=\"https:\/\/europnet.eu\/de\/produkt\/engel-vc-1350-200-tech\/\" \/>\n<meta property=\"og:locale\" content=\"de_DE\" \/>\n<meta property=\"og:type\" content=\"article\" \/>\n<meta property=\"og:title\" content=\"Engel VC 1350\/200 Tech\" \/>\n<meta property=\"og:description\" content=\"Engel VC 1350\/200 Tech bei Europnet verf\u00fcgbar! Spritzgie\u00dfmaschine mit 135t Schlie\u00dfkraft &amp; 260g Spritzgewicht. Details hier.\" \/>\n<meta property=\"og:url\" content=\"https:\/\/europnet.eu\/de\/produkt\/engel-vc-1350-200-tech\/\" \/>\n<meta property=\"og:site_name\" content=\"Europnet\" \/>\n<meta property=\"article:publisher\" content=\"https:\/\/www.facebook.com\/europnet.imm\" \/>\n<meta property=\"article:modified_time\" content=\"2026-01-08T12:34:26+00:00\" \/>\n<meta property=\"og:image\" content=\"https:\/\/europnet.eu\/wp-content\/uploads\/2025\/08\/1-poprawione-scaled.jpg\" \/>\n\t<meta property=\"og:image:width\" content=\"2560\" \/>\n\t<meta property=\"og:image:height\" content=\"2560\" \/>\n\t<meta property=\"og:image:type\" content=\"image\/jpeg\" \/>\n<meta name=\"twitter:card\" content=\"summary_large_image\" \/>\n<meta name=\"twitter:label1\" content=\"Gesch\u00e4tzte Lesezeit\" \/>\n\t<meta name=\"twitter:data1\" content=\"1\u00a0Minute\" \/>\n<script type=\"application\/ld+json\" class=\"yoast-schema-graph\">{\"@context\":\"https:\/\/schema.org\",\"@graph\":[{\"@type\":\"WebPage\",\"@id\":\"https:\/\/europnet.eu\/de\/produkt\/engel-vc-1350-200-tech\/\",\"url\":\"https:\/\/europnet.eu\/de\/produkt\/engel-vc-1350-200-tech\/\",\"name\":\"Engel VC 1350\/200 Tech - Europnet\",\"isPartOf\":{\"@id\":\"https:\/\/europnet.eu\/de\/#website\"},\"primaryImageOfPage\":{\"@id\":\"https:\/\/europnet.eu\/de\/produkt\/engel-vc-1350-200-tech\/#primaryimage\"},\"image\":{\"@id\":\"https:\/\/europnet.eu\/de\/produkt\/engel-vc-1350-200-tech\/#primaryimage\"},\"thumbnailUrl\":\"https:\/\/europnet.eu\/wp-content\/uploads\/2025\/08\/1-poprawione-scaled.jpg\",\"datePublished\":\"2025-08-08T09:01:29+00:00\",\"dateModified\":\"2026-01-08T12:34:26+00:00\",\"description\":\"Engel VC 1350\/200 Tech bei Europnet verf\u00fcgbar! Spritzgie\u00dfmaschine mit 135t Schlie\u00dfkraft & 260g Spritzgewicht. Details hier.\",\"breadcrumb\":{\"@id\":\"https:\/\/europnet.eu\/de\/produkt\/engel-vc-1350-200-tech\/#breadcrumb\"},\"inLanguage\":\"de\",\"potentialAction\":[{\"@type\":\"ReadAction\",\"target\":[\"https:\/\/europnet.eu\/de\/produkt\/engel-vc-1350-200-tech\/\"]}]},{\"@type\":\"ImageObject\",\"inLanguage\":\"de\",\"@id\":\"https:\/\/europnet.eu\/de\/produkt\/engel-vc-1350-200-tech\/#primaryimage\",\"url\":\"https:\/\/europnet.eu\/wp-content\/uploads\/2025\/08\/1-poprawione-scaled.jpg\",\"contentUrl\":\"https:\/\/europnet.eu\/wp-content\/uploads\/2025\/08\/1-poprawione-scaled.jpg\",\"width\":2560,\"height\":2560,\"caption\":\"Engel VC 1350\/200 Tech bei Europnet\"},{\"@type\":\"BreadcrumbList\",\"@id\":\"https:\/\/europnet.eu\/de\/produkt\/engel-vc-1350-200-tech\/#breadcrumb\",\"itemListElement\":[{\"@type\":\"ListItem\",\"position\":1,\"name\":\"Startseite\",\"item\":\"https:\/\/europnet.eu\/de\/\"},{\"@type\":\"ListItem\",\"position\":2,\"name\":\"Shop\",\"item\":\"https:\/\/europnet.eu\/de\/shop\/\"},{\"@type\":\"ListItem\",\"position\":3,\"name\":\"Engel VC 1350\/200 Tech\"}]},{\"@type\":\"WebSite\",\"@id\":\"https:\/\/europnet.eu\/de\/#website\",\"url\":\"https:\/\/europnet.eu\/de\/\",\"name\":\"Europnet\",\"description\":\"\",\"publisher\":{\"@id\":\"https:\/\/europnet.eu\/de\/#organization\"},\"potentialAction\":[{\"@type\":\"SearchAction\",\"target\":{\"@type\":\"EntryPoint\",\"urlTemplate\":\"https:\/\/europnet.eu\/de\/?s={search_term_string}\"},\"query-input\":{\"@type\":\"PropertyValueSpecification\",\"valueRequired\":true,\"valueName\":\"search_term_string\"}}],\"inLanguage\":\"de\"},{\"@type\":\"Organization\",\"@id\":\"https:\/\/europnet.eu\/de\/#organization\",\"name\":\"Europnet\",\"url\":\"https:\/\/europnet.eu\/de\/\",\"logo\":{\"@type\":\"ImageObject\",\"inLanguage\":\"de\",\"@id\":\"https:\/\/europnet.eu\/de\/#\/schema\/logo\/image\/\",\"url\":\"https:\/\/europnet.eu\/wp-content\/uploads\/2024\/01\/logo.webp\",\"contentUrl\":\"https:\/\/europnet.eu\/wp-content\/uploads\/2024\/01\/logo.webp\",\"width\":1600,\"height\":294,\"caption\":\"Europnet\"},\"image\":{\"@id\":\"https:\/\/europnet.eu\/de\/#\/schema\/logo\/image\/\"},\"sameAs\":[\"https:\/\/www.facebook.com\/europnet.imm\",\"https:\/\/www.instagram.com\/europnet.imm\/\"]}]}<\/script>\n<!-- \/ Yoast SEO Premium plugin. -->","yoast_head_json":{"title":"Engel VC 1350\/200 Tech - Europnet","description":"Engel VC 1350\/200 Tech bei Europnet verf\u00fcgbar! Spritzgie\u00dfmaschine mit 135t Schlie\u00dfkraft & 260g Spritzgewicht. Details hier.","robots":{"index":"index","follow":"follow","max-snippet":"max-snippet:-1","max-image-preview":"max-image-preview:large","max-video-preview":"max-video-preview:-1"},"canonical":"https:\/\/europnet.eu\/de\/produkt\/engel-vc-1350-200-tech\/","og_locale":"de_DE","og_type":"article","og_title":"Engel VC 1350\/200 Tech","og_description":"Engel VC 1350\/200 Tech bei Europnet verf\u00fcgbar! Spritzgie\u00dfmaschine mit 135t Schlie\u00dfkraft & 260g Spritzgewicht. Details hier.","og_url":"https:\/\/europnet.eu\/de\/produkt\/engel-vc-1350-200-tech\/","og_site_name":"Europnet","article_publisher":"https:\/\/www.facebook.com\/europnet.imm","article_modified_time":"2026-01-08T12:34:26+00:00","og_image":[{"width":2560,"height":2560,"url":"https:\/\/europnet.eu\/wp-content\/uploads\/2025\/08\/1-poprawione-scaled.jpg","type":"image\/jpeg"}],"twitter_card":"summary_large_image","twitter_misc":{"Gesch\u00e4tzte Lesezeit":"1\u00a0Minute"},"schema":{"@context":"https:\/\/schema.org","@graph":[{"@type":"WebPage","@id":"https:\/\/europnet.eu\/de\/produkt\/engel-vc-1350-200-tech\/","url":"https:\/\/europnet.eu\/de\/produkt\/engel-vc-1350-200-tech\/","name":"Engel VC 1350\/200 Tech - Europnet","isPartOf":{"@id":"https:\/\/europnet.eu\/de\/#website"},"primaryImageOfPage":{"@id":"https:\/\/europnet.eu\/de\/produkt\/engel-vc-1350-200-tech\/#primaryimage"},"image":{"@id":"https:\/\/europnet.eu\/de\/produkt\/engel-vc-1350-200-tech\/#primaryimage"},"thumbnailUrl":"https:\/\/europnet.eu\/wp-content\/uploads\/2025\/08\/1-poprawione-scaled.jpg","datePublished":"2025-08-08T09:01:29+00:00","dateModified":"2026-01-08T12:34:26+00:00","description":"Engel VC 1350\/200 Tech bei Europnet verf\u00fcgbar! Spritzgie\u00dfmaschine mit 135t Schlie\u00dfkraft & 260g Spritzgewicht. Details hier.","breadcrumb":{"@id":"https:\/\/europnet.eu\/de\/produkt\/engel-vc-1350-200-tech\/#breadcrumb"},"inLanguage":"de","potentialAction":[{"@type":"ReadAction","target":["https:\/\/europnet.eu\/de\/produkt\/engel-vc-1350-200-tech\/"]}]},{"@type":"ImageObject","inLanguage":"de","@id":"https:\/\/europnet.eu\/de\/produkt\/engel-vc-1350-200-tech\/#primaryimage","url":"https:\/\/europnet.eu\/wp-content\/uploads\/2025\/08\/1-poprawione-scaled.jpg","contentUrl":"https:\/\/europnet.eu\/wp-content\/uploads\/2025\/08\/1-poprawione-scaled.jpg","width":2560,"height":2560,"caption":"Engel VC 1350\/200 Tech bei Europnet"},{"@type":"BreadcrumbList","@id":"https:\/\/europnet.eu\/de\/produkt\/engel-vc-1350-200-tech\/#breadcrumb","itemListElement":[{"@type":"ListItem","position":1,"name":"Startseite","item":"https:\/\/europnet.eu\/de\/"},{"@type":"ListItem","position":2,"name":"Shop","item":"https:\/\/europnet.eu\/de\/shop\/"},{"@type":"ListItem","position":3,"name":"Engel VC 1350\/200 Tech"}]},{"@type":"WebSite","@id":"https:\/\/europnet.eu\/de\/#website","url":"https:\/\/europnet.eu\/de\/","name":"Europnet","description":"","publisher":{"@id":"https:\/\/europnet.eu\/de\/#organization"},"potentialAction":[{"@type":"SearchAction","target":{"@type":"EntryPoint","urlTemplate":"https:\/\/europnet.eu\/de\/?s={search_term_string}"},"query-input":{"@type":"PropertyValueSpecification","valueRequired":true,"valueName":"search_term_string"}}],"inLanguage":"de"},{"@type":"Organization","@id":"https:\/\/europnet.eu\/de\/#organization","name":"Europnet","url":"https:\/\/europnet.eu\/de\/","logo":{"@type":"ImageObject","inLanguage":"de","@id":"https:\/\/europnet.eu\/de\/#\/schema\/logo\/image\/","url":"https:\/\/europnet.eu\/wp-content\/uploads\/2024\/01\/logo.webp","contentUrl":"https:\/\/europnet.eu\/wp-content\/uploads\/2024\/01\/logo.webp","width":1600,"height":294,"caption":"Europnet"},"image":{"@id":"https:\/\/europnet.eu\/de\/#\/schema\/logo\/image\/"},"sameAs":["https:\/\/www.facebook.com\/europnet.imm","https:\/\/www.instagram.com\/europnet.imm\/"]}]}},"_links":{"self":[{"href":"https:\/\/europnet.eu\/de\/wp-json\/wp\/v2\/product\/4576","targetHints":{"allow":["GET"]}}],"collection":[{"href":"https:\/\/europnet.eu\/de\/wp-json\/wp\/v2\/product"}],"about":[{"href":"https:\/\/europnet.eu\/de\/wp-json\/wp\/v2\/types\/product"}],"replies":[{"embeddable":true,"href":"https:\/\/europnet.eu\/de\/wp-json\/wp\/v2\/comments?post=4576"}],"wp:featuredmedia":[{"embeddable":true,"href":"https:\/\/europnet.eu\/de\/wp-json\/wp\/v2\/media\/4538"}],"wp:attachment":[{"href":"https:\/\/europnet.eu\/de\/wp-json\/wp\/v2\/media?parent=4576"}],"wp:term":[{"taxonomy":"product_cat","embeddable":true,"href":"https:\/\/europnet.eu\/de\/wp-json\/wp\/v2\/product_cat?post=4576"},{"taxonomy":"product_tag","embeddable":true,"href":"https:\/\/europnet.eu\/de\/wp-json\/wp\/v2\/product_tag?post=4576"}],"curies":[{"name":"wp","href":"https:\/\/api.w.org\/{rel}","templated":true}]}}