{"id":3168,"date":"2024-08-29T14:59:58","date_gmt":"2024-08-29T12:59:58","guid":{"rendered":"https:\/\/europnet.eu\/?post_type=product&#038;p=3168"},"modified":"2025-10-27T14:40:22","modified_gmt":"2025-10-27T13:40:22","slug":"spritzgiessmaschine-battenfeld-hm-500-3400-kopie","status":"publish","type":"product","link":"https:\/\/europnet.eu\/de\/produkt\/spritzgiessmaschine-battenfeld-hm-500-3400-kopie\/","title":{"rendered":"Battenfeld HM 500\/3400"},"content":{"rendered":"<p><span style=\"font-size: 16px;font-family: Roboto\">Wyposa\u017cenie:<\/span><\/p>\n<p><\/p>\n<ul>\n<li>1 x zaw\u00f3r pneumatyczny<\/li>\n<li>2 x rdze\u0144 hydrauliczny<\/li>\n<li>Z\u0142\u0105cze euromap 67<\/li>\n<li>Ruchy r\u00f3wnoleg\u0142e<\/li>\n<li>Bimetaliczny uk\u0142ad wtryskowy<\/li>\n<\/ul>\n<p><\/p>\n","protected":false},"excerpt":{"rendered":"<p>Wyposa\u017cenie: 1 x zaw\u00f3r pneumatyczny 2 x rdze\u0144 hydrauliczny Z\u0142\u0105cze euromap 67 Ruchy r\u00f3wnoleg\u0142e Bimetaliczny uk\u0142ad wtryskowy<\/p>\n","protected":false},"featured_media":3434,"comment_status":"open","ping_status":"closed","template":"","meta":{"_acf_changed":false},"product_cat":[335],"product_tag":[],"class_list":{"0":"post-3168","1":"product","2":"type-product","3":"status-publish","4":"has-post-thumbnail","6":"product_cat-verkaufte-maschinen","8":"first","9":"instock","10":"taxable","11":"shipping-taxable","12":"product-type-simple"},"acf":{"injection_unit":"3400","screw_diameter":"85","injection_pressure":"1574","injection_volume":"","shot_capacity":"2128 cm\u00b3","hydraulic_drive_power":"","cylinder_heating_capacity":"","ld_ratio":"22","clamping_unit":"500\/...","clamping_force":"5000 kN","plate_size":"1590 x 1470","distance_tie_bars":"1000 x 800","ejection_force":"","mould_height":"","opening_stroke":"","max_plate_spacing":"1600","ejector_stroke":"","total_power_consumption":"","oil_filling":"","electronical_connection":"","weight":"25000","machine_dimensions":"","construction_year":"2007","control":"","marketing_status":"Verkauft"},"yoast_head":"<!-- This site is optimized with the Yoast SEO Premium plugin v23.6 (Yoast SEO v23.6) - https:\/\/yoast.com\/wordpress\/plugins\/seo\/ -->\n<title>Battenfeld HM 500\/3400 - Europnet<\/title>\n<meta name=\"description\" content=\"Zu verkaufen: Gebrauchte Wittmann Battenfeld HM 500\/3400 Spritzgie\u00dfmaschine aus dem Jahr 2009, in sehr gutem Zustand und zu einem attraktiven Preis.\" \/>\n<meta name=\"robots\" content=\"index, follow, max-snippet:-1, max-image-preview:large, max-video-preview:-1\" \/>\n<link rel=\"canonical\" href=\"https:\/\/europnet.eu\/de\/produkt\/spritzgiessmaschine-battenfeld-hm-500-3400-kopie\/\" \/>\n<meta property=\"og:locale\" content=\"de_DE\" \/>\n<meta property=\"og:type\" content=\"article\" \/>\n<meta property=\"og:title\" content=\"Battenfeld HM 500\/3400\" \/>\n<meta property=\"og:description\" content=\"Zu verkaufen: Gebrauchte Wittmann Battenfeld HM 500\/3400 Spritzgie\u00dfmaschine aus dem Jahr 2009, in sehr gutem Zustand und zu einem attraktiven Preis.\" \/>\n<meta property=\"og:url\" content=\"https:\/\/europnet.eu\/de\/produkt\/spritzgiessmaschine-battenfeld-hm-500-3400-kopie\/\" \/>\n<meta property=\"og:site_name\" content=\"Europnet\" \/>\n<meta property=\"article:publisher\" content=\"https:\/\/www.facebook.com\/europnet.imm\" \/>\n<meta property=\"article:modified_time\" content=\"2025-10-27T13:40:22+00:00\" \/>\n<meta property=\"og:image\" content=\"https:\/\/europnet.eu\/wp-content\/uploads\/2024\/08\/Battenfeld-HM-500-3400-r.-2007_-photo-1-1.jpg\" \/>\n\t<meta property=\"og:image:width\" content=\"2000\" \/>\n\t<meta property=\"og:image:height\" content=\"1500\" \/>\n\t<meta property=\"og:image:type\" content=\"image\/jpeg\" \/>\n<meta name=\"twitter:card\" content=\"summary_large_image\" \/>\n<meta name=\"twitter:label1\" content=\"Gesch\u00e4tzte Lesezeit\" \/>\n\t<meta name=\"twitter:data1\" content=\"1\u00a0Minute\" \/>\n<script type=\"application\/ld+json\" class=\"yoast-schema-graph\">{\"@context\":\"https:\/\/schema.org\",\"@graph\":[{\"@type\":\"WebPage\",\"@id\":\"https:\/\/europnet.eu\/de\/produkt\/spritzgiessmaschine-battenfeld-hm-500-3400-kopie\/\",\"url\":\"https:\/\/europnet.eu\/de\/produkt\/spritzgiessmaschine-battenfeld-hm-500-3400-kopie\/\",\"name\":\"Battenfeld HM 500\/3400 - Europnet\",\"isPartOf\":{\"@id\":\"https:\/\/europnet.eu\/de\/#website\"},\"primaryImageOfPage\":{\"@id\":\"https:\/\/europnet.eu\/de\/produkt\/spritzgiessmaschine-battenfeld-hm-500-3400-kopie\/#primaryimage\"},\"image\":{\"@id\":\"https:\/\/europnet.eu\/de\/produkt\/spritzgiessmaschine-battenfeld-hm-500-3400-kopie\/#primaryimage\"},\"thumbnailUrl\":\"https:\/\/europnet.eu\/wp-content\/uploads\/2024\/08\/Battenfeld-HM-500-3400-r.-2007_-photo-1-1.jpg\",\"datePublished\":\"2024-08-29T12:59:58+00:00\",\"dateModified\":\"2025-10-27T13:40:22+00:00\",\"description\":\"Zu verkaufen: Gebrauchte Wittmann Battenfeld HM 500\/3400 Spritzgie\u00dfmaschine aus dem Jahr 2009, in sehr gutem Zustand und zu einem attraktiven Preis.\",\"breadcrumb\":{\"@id\":\"https:\/\/europnet.eu\/de\/produkt\/spritzgiessmaschine-battenfeld-hm-500-3400-kopie\/#breadcrumb\"},\"inLanguage\":\"de\",\"potentialAction\":[{\"@type\":\"ReadAction\",\"target\":[\"https:\/\/europnet.eu\/de\/produkt\/spritzgiessmaschine-battenfeld-hm-500-3400-kopie\/\"]}]},{\"@type\":\"ImageObject\",\"inLanguage\":\"de\",\"@id\":\"https:\/\/europnet.eu\/de\/produkt\/spritzgiessmaschine-battenfeld-hm-500-3400-kopie\/#primaryimage\",\"url\":\"https:\/\/europnet.eu\/wp-content\/uploads\/2024\/08\/Battenfeld-HM-500-3400-r.-2007_-photo-1-1.jpg\",\"contentUrl\":\"https:\/\/europnet.eu\/wp-content\/uploads\/2024\/08\/Battenfeld-HM-500-3400-r.-2007_-photo-1-1.jpg\",\"width\":2000,\"height\":1500,\"caption\":\"Kunststoffverarbeitungsmaschine Battenfeld HM 500\/3400\"},{\"@type\":\"BreadcrumbList\",\"@id\":\"https:\/\/europnet.eu\/de\/produkt\/spritzgiessmaschine-battenfeld-hm-500-3400-kopie\/#breadcrumb\",\"itemListElement\":[{\"@type\":\"ListItem\",\"position\":1,\"name\":\"Startseite\",\"item\":\"https:\/\/europnet.eu\/de\/\"},{\"@type\":\"ListItem\",\"position\":2,\"name\":\"Shop\",\"item\":\"https:\/\/europnet.eu\/de\/shop\/\"},{\"@type\":\"ListItem\",\"position\":3,\"name\":\"Battenfeld HM 500\/3400\"}]},{\"@type\":\"WebSite\",\"@id\":\"https:\/\/europnet.eu\/de\/#website\",\"url\":\"https:\/\/europnet.eu\/de\/\",\"name\":\"Europnet\",\"description\":\"\",\"publisher\":{\"@id\":\"https:\/\/europnet.eu\/de\/#organization\"},\"potentialAction\":[{\"@type\":\"SearchAction\",\"target\":{\"@type\":\"EntryPoint\",\"urlTemplate\":\"https:\/\/europnet.eu\/de\/?s={search_term_string}\"},\"query-input\":{\"@type\":\"PropertyValueSpecification\",\"valueRequired\":true,\"valueName\":\"search_term_string\"}}],\"inLanguage\":\"de\"},{\"@type\":\"Organization\",\"@id\":\"https:\/\/europnet.eu\/de\/#organization\",\"name\":\"Europnet\",\"url\":\"https:\/\/europnet.eu\/de\/\",\"logo\":{\"@type\":\"ImageObject\",\"inLanguage\":\"de\",\"@id\":\"https:\/\/europnet.eu\/de\/#\/schema\/logo\/image\/\",\"url\":\"https:\/\/europnet.eu\/wp-content\/uploads\/2024\/01\/logo.webp\",\"contentUrl\":\"https:\/\/europnet.eu\/wp-content\/uploads\/2024\/01\/logo.webp\",\"width\":1600,\"height\":294,\"caption\":\"Europnet\"},\"image\":{\"@id\":\"https:\/\/europnet.eu\/de\/#\/schema\/logo\/image\/\"},\"sameAs\":[\"https:\/\/www.facebook.com\/europnet.imm\",\"https:\/\/www.instagram.com\/europnet.imm\/\"]}]}<\/script>\n<!-- \/ Yoast SEO Premium plugin. -->","yoast_head_json":{"title":"Battenfeld HM 500\/3400 - Europnet","description":"Zu verkaufen: Gebrauchte Wittmann Battenfeld HM 500\/3400 Spritzgie\u00dfmaschine aus dem Jahr 2009, in sehr gutem Zustand und zu einem attraktiven Preis.","robots":{"index":"index","follow":"follow","max-snippet":"max-snippet:-1","max-image-preview":"max-image-preview:large","max-video-preview":"max-video-preview:-1"},"canonical":"https:\/\/europnet.eu\/de\/produkt\/spritzgiessmaschine-battenfeld-hm-500-3400-kopie\/","og_locale":"de_DE","og_type":"article","og_title":"Battenfeld HM 500\/3400","og_description":"Zu verkaufen: Gebrauchte Wittmann Battenfeld HM 500\/3400 Spritzgie\u00dfmaschine aus dem Jahr 2009, in sehr gutem Zustand und zu einem attraktiven Preis.","og_url":"https:\/\/europnet.eu\/de\/produkt\/spritzgiessmaschine-battenfeld-hm-500-3400-kopie\/","og_site_name":"Europnet","article_publisher":"https:\/\/www.facebook.com\/europnet.imm","article_modified_time":"2025-10-27T13:40:22+00:00","og_image":[{"width":2000,"height":1500,"url":"https:\/\/europnet.eu\/wp-content\/uploads\/2024\/08\/Battenfeld-HM-500-3400-r.-2007_-photo-1-1.jpg","type":"image\/jpeg"}],"twitter_card":"summary_large_image","twitter_misc":{"Gesch\u00e4tzte Lesezeit":"1\u00a0Minute"},"schema":{"@context":"https:\/\/schema.org","@graph":[{"@type":"WebPage","@id":"https:\/\/europnet.eu\/de\/produkt\/spritzgiessmaschine-battenfeld-hm-500-3400-kopie\/","url":"https:\/\/europnet.eu\/de\/produkt\/spritzgiessmaschine-battenfeld-hm-500-3400-kopie\/","name":"Battenfeld HM 500\/3400 - Europnet","isPartOf":{"@id":"https:\/\/europnet.eu\/de\/#website"},"primaryImageOfPage":{"@id":"https:\/\/europnet.eu\/de\/produkt\/spritzgiessmaschine-battenfeld-hm-500-3400-kopie\/#primaryimage"},"image":{"@id":"https:\/\/europnet.eu\/de\/produkt\/spritzgiessmaschine-battenfeld-hm-500-3400-kopie\/#primaryimage"},"thumbnailUrl":"https:\/\/europnet.eu\/wp-content\/uploads\/2024\/08\/Battenfeld-HM-500-3400-r.-2007_-photo-1-1.jpg","datePublished":"2024-08-29T12:59:58+00:00","dateModified":"2025-10-27T13:40:22+00:00","description":"Zu verkaufen: Gebrauchte Wittmann Battenfeld HM 500\/3400 Spritzgie\u00dfmaschine aus dem Jahr 2009, in sehr gutem Zustand und zu einem attraktiven Preis.","breadcrumb":{"@id":"https:\/\/europnet.eu\/de\/produkt\/spritzgiessmaschine-battenfeld-hm-500-3400-kopie\/#breadcrumb"},"inLanguage":"de","potentialAction":[{"@type":"ReadAction","target":["https:\/\/europnet.eu\/de\/produkt\/spritzgiessmaschine-battenfeld-hm-500-3400-kopie\/"]}]},{"@type":"ImageObject","inLanguage":"de","@id":"https:\/\/europnet.eu\/de\/produkt\/spritzgiessmaschine-battenfeld-hm-500-3400-kopie\/#primaryimage","url":"https:\/\/europnet.eu\/wp-content\/uploads\/2024\/08\/Battenfeld-HM-500-3400-r.-2007_-photo-1-1.jpg","contentUrl":"https:\/\/europnet.eu\/wp-content\/uploads\/2024\/08\/Battenfeld-HM-500-3400-r.-2007_-photo-1-1.jpg","width":2000,"height":1500,"caption":"Kunststoffverarbeitungsmaschine Battenfeld HM 500\/3400"},{"@type":"BreadcrumbList","@id":"https:\/\/europnet.eu\/de\/produkt\/spritzgiessmaschine-battenfeld-hm-500-3400-kopie\/#breadcrumb","itemListElement":[{"@type":"ListItem","position":1,"name":"Startseite","item":"https:\/\/europnet.eu\/de\/"},{"@type":"ListItem","position":2,"name":"Shop","item":"https:\/\/europnet.eu\/de\/shop\/"},{"@type":"ListItem","position":3,"name":"Battenfeld HM 500\/3400"}]},{"@type":"WebSite","@id":"https:\/\/europnet.eu\/de\/#website","url":"https:\/\/europnet.eu\/de\/","name":"Europnet","description":"","publisher":{"@id":"https:\/\/europnet.eu\/de\/#organization"},"potentialAction":[{"@type":"SearchAction","target":{"@type":"EntryPoint","urlTemplate":"https:\/\/europnet.eu\/de\/?s={search_term_string}"},"query-input":{"@type":"PropertyValueSpecification","valueRequired":true,"valueName":"search_term_string"}}],"inLanguage":"de"},{"@type":"Organization","@id":"https:\/\/europnet.eu\/de\/#organization","name":"Europnet","url":"https:\/\/europnet.eu\/de\/","logo":{"@type":"ImageObject","inLanguage":"de","@id":"https:\/\/europnet.eu\/de\/#\/schema\/logo\/image\/","url":"https:\/\/europnet.eu\/wp-content\/uploads\/2024\/01\/logo.webp","contentUrl":"https:\/\/europnet.eu\/wp-content\/uploads\/2024\/01\/logo.webp","width":1600,"height":294,"caption":"Europnet"},"image":{"@id":"https:\/\/europnet.eu\/de\/#\/schema\/logo\/image\/"},"sameAs":["https:\/\/www.facebook.com\/europnet.imm","https:\/\/www.instagram.com\/europnet.imm\/"]}]}},"_links":{"self":[{"href":"https:\/\/europnet.eu\/de\/wp-json\/wp\/v2\/product\/3168","targetHints":{"allow":["GET"]}}],"collection":[{"href":"https:\/\/europnet.eu\/de\/wp-json\/wp\/v2\/product"}],"about":[{"href":"https:\/\/europnet.eu\/de\/wp-json\/wp\/v2\/types\/product"}],"replies":[{"embeddable":true,"href":"https:\/\/europnet.eu\/de\/wp-json\/wp\/v2\/comments?post=3168"}],"wp:featuredmedia":[{"embeddable":true,"href":"https:\/\/europnet.eu\/de\/wp-json\/wp\/v2\/media\/3434"}],"wp:attachment":[{"href":"https:\/\/europnet.eu\/de\/wp-json\/wp\/v2\/media?parent=3168"}],"wp:term":[{"taxonomy":"product_cat","embeddable":true,"href":"https:\/\/europnet.eu\/de\/wp-json\/wp\/v2\/product_cat?post=3168"},{"taxonomy":"product_tag","embeddable":true,"href":"https:\/\/europnet.eu\/de\/wp-json\/wp\/v2\/product_tag?post=3168"}],"curies":[{"name":"wp","href":"https:\/\/api.w.org\/{rel}","templated":true}]}}