{"id":18,"date":"2023-12-04T16:04:09","date_gmt":"2023-12-04T15:04:09","guid":{"rendered":"https:\/\/europnet.fd-websolutions.dev\/?page_id=18"},"modified":"2024-09-09T10:16:05","modified_gmt":"2024-09-09T08:16:05","slug":"maschinentransporte","status":"publish","type":"page","link":"https:\/\/europnet.eu\/de\/maschinentransporte\/","title":{"rendered":"Maschinentransporte"},"content":{"rendered":"<section class=\"banner\" style=\"height: 650px\">\n\n\t<div class=\"banner_inner\">\n\t\n\t\t\n\t\t\t\t<div class=\"slide\" style=\"height: 650px\">\n\n\t\t\t\t\t<img decoding=\"async\" src=\"https:\/\/europnet.eu\/wp-content\/uploads\/2024\/01\/Slider-1-min.jpg\" alt=\"\">\n\n\t\t\t\t\t<div class=\"slide_overlay\">\n\n\t\t\t\t\t\t<div class=\"container h-100\">\n\n\t\t\t\t\t\t\t<div class=\"row h-100\">\n\n\t\t\t\t\t\t\t\t<div class=\"col-lg-12\">\n\n\t\t\t\t\t\t\t\t\t<span class=\"banner-headline\">Europnet<\/span>\n\n\t\t\t\t\t\t\t\t\t<span class=\"banner-subline\">Transportdienstleistungen<\/span>\n\n\t\t\t\t\t\t\t\t\t\n\t\t\t\t\t\t\t\t<\/div>\n\n\t\t\t\t\t\t\t<\/div>\n\n\t\t\t\t\t\t<\/div>\n\n\t\t\t\t\t<\/div>\n\n\t\t\t\t<\/div>\n\n\t\t\t\n\t<\/div>\n\n\t<svg class=\"banner_decoration\" xmlns=\"http:\/\/www.w3.org\/2000\/svg\" viewBox=\"0 0 2600 131.1\" preserveAspectRatio=\"none\"> <path style=\"fill: #fff;transform-origin: center;transform: rotateY(0deg);\" d=\"M0 0L2600 0 2600 69.1 0 0z\"><\/path> <path style=\"opacity:0.5;fill: #fff;transform-origin: center;transform: rotateY(0deg);\" d=\"M0 0L2600 0 2600 69.1 0 69.1z\"><\/path> <path style=\"opacity:0.25;fill: #fff;transform-origin: center;transform: rotateY(0deg);\" d=\"M2600 0L0 0 0 130.1 2600 69.1z\"><\/path> <\/svg>\n\n<\/section><div class=\"outer-wrapper \" style=\"background-color: rgba(0,0,0,0);\" id=\"\">\n\n\t<div class=\"wrapper container\" style=\"padding:    ;\">\n\n\t\t\n<div class=\"container p-0\">\n\n\t<div class=\"row\">\n\n\t\t<div class=\"col-lg-12\">\n\n\t\t\t<div class=\"textwrap\" style=\"column-count: 1\">\n\n\t\t\t\t<h1><span style=\"color: #4869af;\">Wir Pr\u00e4sentieren Worldplast: Ihr Partner f\u00fcr Professionelle Maschinenverlagerung und Transportdienstleistungen<\/span><\/h1>\n<p>Im Bestreben, unseren Kunden stets den besten Service bei der Maschinenverlagerung zu bieten, haben wir uns mit Worldplast zusammengetan, einem renommierten Anbieter von Maschinenverlagerung und Transportdienstleistungen.<\/p>\n\n\t\t\t<\/div>\n\n\t\t<\/div>\n\n\t<\/div>\n\n<\/div>\n\n<div style=\"height:75px\" aria-hidden=\"true\" class=\"wp-block-spacer\"><\/div>\n\n<div class=\"wp-block-columns are-vertically-aligned-center is-layout-flex wp-container-core-columns-is-layout-9d6595d7 wp-block-columns-is-layout-flex\"><div class=\"wp-block-column is-vertically-aligned-center is-layout-flow wp-block-column-is-layout-flow\"><div class=\"imagewrap\">\n\n\t<img decoding=\"async\" class=\"center\" src=\"https:\/\/europnet.eu\/wp-content\/uploads\/2024\/01\/cropped-logo-300x71-1.jpg\" alt=\"\">\n\n<\/div><\/div>\n\n<div class=\"wp-block-column is-vertically-aligned-center is-layout-flow wp-block-column-is-layout-flow\"><div class=\"container p-0\">\n\n\t<div class=\"row\">\n\n\t\t<div class=\"col-lg-12\">\n\n\t\t\t<div class=\"textwrap\" style=\"column-count: 1\">\n\n\t\t\t\t<div class=\"elementor-element elementor-element-ebcaea8 elementor-widget elementor-widget-text-editor\" data-id=\"ebcaea8\" data-element_type=\"widget\" data-widget_type=\"text-editor.default\">\n<div class=\"elementor-widget-container\">\n<div class=\"elementor-text-editor elementor-clearfix\">\n<h2><span style=\"color: #4869af;\">Wettbewerbsf\u00e4hige Preise von Worldplast<\/span><\/h2>\n<\/div>\n<\/div>\n<\/div>\n<div class=\"elementor-element elementor-element-d133a73 elementor-widget elementor-widget-text-editor\" data-id=\"d133a73\" data-element_type=\"widget\" data-widget_type=\"text-editor.default\">\n<div class=\"elementor-widget-container\">\n<div class=\"elementor-text-editor elementor-clearfix\">\n<p>Dank der fundierten Marktkenntnis von Worldplast k\u00f6nnen wir Ihnen hochwertige Transportdienstleistungen zu den niedrigsten Preisen f\u00fcr Maschinenumz\u00fcge anbieten.<\/p>\n<\/div>\n<\/div>\n<\/div>\n\n\t\t\t<\/div>\n\n\t\t<\/div>\n\n\t<\/div>\n\n<\/div><\/div><\/div>\n\n<div style=\"height:50px\" aria-hidden=\"true\" class=\"wp-block-spacer\"><\/div>\n\n<section class=\"iconteaser\">\n\t\n\t<div class=\"container\">\n\n\t\t<div class=\"row\">\n\n\t\t\t\n\t\t\t\t\t<div class=\"col-lg-4 col-md-6 iconteaser_single\">\n\n\t\t\t\t\t\t<div class=\"iconteaser_inner\">\n\n\t\t\t\t\t\t\t<span class=\"iconteaser_icon\"><i class=\"fas fa-clipboard-check\"><\/i><\/span>\n\n\t\t\t\t\t\t\t<strong class=\"iconteaser_title\">Professionelle Planung<\/strong>\n\n\t\t\t\t\t\t\t<p class=\"iconteaser_description\">Worldplast garantiert eine detaillierte und professionelle Planung jedes Maschinenumzugs. Jedes Projekt wird termingerecht und reibungslos durchgef\u00fchrt. Die professionelle Planung &#8211; das ist schon die halbe Miete.<\/p>\n\n\t\t\t\t\t\t<\/div>\n\n\t\t\t\t\t<\/div>\n\n\t\t\t\t\n\t\t\t\t\t<div class=\"col-lg-4 col-md-6 iconteaser_single\">\n\n\t\t\t\t\t\t<div class=\"iconteaser_inner\">\n\n\t\t\t\t\t\t\t<span class=\"iconteaser_icon\"><i class=\"fas fa-lock\"><\/i><\/span>\n\n\t\t\t\t\t\t\t<strong class=\"iconteaser_title\">Absicherung Ihrer Projekte<\/strong>\n\n\t\t\t\t\t\t\t<p class=\"iconteaser_description\">Wir legen gro\u00dfen Wert auf die Sicherheit und den Schutz Ihrer Maschinenumz\u00fcge. Daher ist jedes durch Worldplast durchgef\u00fchrte Projekt vollst\u00e4ndig versichert, um Ihre Investition zu sch\u00fctzen und Ihnen ein zus\u00e4tzliches Ma\u00df an Beruhigung zu geben.<\/p>\n\n\t\t\t\t\t\t<\/div>\n\n\t\t\t\t\t<\/div>\n\n\t\t\t\t\n\t\t\t\t\t<div class=\"col-lg-4 col-md-6 iconteaser_single\">\n\n\t\t\t\t\t\t<div class=\"iconteaser_inner\">\n\n\t\t\t\t\t\t\t<span class=\"iconteaser_icon\"><i class=\"fas fa-people-arrows\"><\/i><\/span>\n\n\t\t\t\t\t\t\t<strong class=\"iconteaser_title\">Erfahrene Spezialisten<\/strong>\n\n\t\t\t\t\t\t\t<p class=\"iconteaser_description\">Unser erweitertes Team besteht jetzt auch aus den erfahrenen Spezialisten von Worldplast, die jede Maschinenverlagerung effizient bew\u00e4ltigen k\u00f6nnen. Mit ihrer umfassenden Erfahrung sind sie ein Garant f\u00fcr den Erfolg jedes Auftrags.<\/p>\n\n\t\t\t\t\t\t<\/div>\n\n\t\t\t\t\t<\/div>\n\n\t\t\t\t\n\t\t<\/div>\n\n\t<\/div>\n\n<\/section>\n\n<div style=\"height:15px\" aria-hidden=\"true\" class=\"wp-block-spacer\"><\/div>\n\n<div class=\"container p-0\">\n\n\t<div class=\"row\">\n\n\t\t<div class=\"col-lg-12\">\n\n\t\t\t<div class=\"textwrap\" style=\"column-count: 1\">\n\n\t\t\t\t<p>Kontaktieren Sie uns noch heute, um mehr \u00fcber unsere Dienstleistungen und unsere Partnerschaft mit Worldplast zu erfahren. Bei Europnet sind wir stolz darauf, Ihnen erstklassige Transportdienstleistungen zu wettbewerbsf\u00e4higen Preisen anzubieten.<\/p>\n\n\t\t\t<\/div>\n\n\t\t<\/div>\n\n\t<\/div>\n\n<\/div>\n\n<div style=\"height:30px\" aria-hidden=\"true\" class=\"wp-block-spacer\"><\/div>\n\n<div class=\"row\">\n\n\t<div class=\"col-lg-12 buttonwrap center\">\n\n\t\t<a class=\"button\" href=\"https:\/\/worldplast.eu\/de\/\">\n\t\t\tMit Worldplast Kontakt aufnehmen\t\t\n\t\t<\/a>\n\n\t<\/div>\n\n<\/div>\n\n\t<\/div>\n\n<\/div>","protected":false},"excerpt":{"rendered":"","protected":false},"author":1,"featured_media":0,"parent":0,"menu_order":0,"comment_status":"closed","ping_status":"closed","template":"","meta":{"_acf_changed":false,"footnotes":""},"class_list":["post-18","page","type-page","status-publish","hentry"],"acf":[],"yoast_head":"<!-- This site is optimized with the Yoast SEO Premium plugin v23.6 (Yoast SEO v23.6) - https:\/\/yoast.com\/wordpress\/plugins\/seo\/ -->\n<title>Maschinentransporte - Europnet<\/title>\n<meta name=\"description\" content=\"Wir bieten einen professionellen Transport von Spritzgie\u00dfmaschinen, inklusive Planung, Logistik und sicherer Lieferung.\" \/>\n<meta name=\"robots\" content=\"index, follow, max-snippet:-1, max-image-preview:large, max-video-preview:-1\" \/>\n<link rel=\"canonical\" href=\"https:\/\/europnet.eu\/de\/maschinentransporte\/\" \/>\n<meta property=\"og:locale\" content=\"de_DE\" \/>\n<meta property=\"og:type\" content=\"article\" \/>\n<meta property=\"og:title\" content=\"Maschinentransporte\" \/>\n<meta property=\"og:description\" content=\"Wir bieten einen professionellen Transport von Spritzgie\u00dfmaschinen, inklusive Planung, Logistik und sicherer Lieferung.\" \/>\n<meta property=\"og:url\" content=\"https:\/\/europnet.eu\/de\/maschinentransporte\/\" \/>\n<meta property=\"og:site_name\" content=\"Europnet\" \/>\n<meta property=\"article:publisher\" content=\"https:\/\/www.facebook.com\/europnet.imm\" \/>\n<meta property=\"article:modified_time\" content=\"2024-09-09T08:16:05+00:00\" \/>\n<meta name=\"twitter:card\" content=\"summary_large_image\" \/>\n<meta name=\"twitter:label1\" content=\"Gesch\u00e4tzte Lesezeit\" \/>\n\t<meta name=\"twitter:data1\" content=\"1\u00a0Minute\" \/>\n<script type=\"application\/ld+json\" class=\"yoast-schema-graph\">{\"@context\":\"https:\/\/schema.org\",\"@graph\":[{\"@type\":\"WebPage\",\"@id\":\"https:\/\/europnet.eu\/de\/maschinentransporte\/\",\"url\":\"https:\/\/europnet.eu\/de\/maschinentransporte\/\",\"name\":\"Maschinentransporte - Europnet\",\"isPartOf\":{\"@id\":\"https:\/\/europnet.eu\/de\/#website\"},\"datePublished\":\"2023-12-04T15:04:09+00:00\",\"dateModified\":\"2024-09-09T08:16:05+00:00\",\"description\":\"Wir bieten einen professionellen Transport von Spritzgie\u00dfmaschinen, inklusive Planung, Logistik und sicherer Lieferung.\",\"breadcrumb\":{\"@id\":\"https:\/\/europnet.eu\/de\/maschinentransporte\/#breadcrumb\"},\"inLanguage\":\"de\",\"potentialAction\":[{\"@type\":\"ReadAction\",\"target\":[\"https:\/\/europnet.eu\/de\/maschinentransporte\/\"]}]},{\"@type\":\"BreadcrumbList\",\"@id\":\"https:\/\/europnet.eu\/de\/maschinentransporte\/#breadcrumb\",\"itemListElement\":[{\"@type\":\"ListItem\",\"position\":1,\"name\":\"Startseite\",\"item\":\"https:\/\/europnet.eu\/de\/\"},{\"@type\":\"ListItem\",\"position\":2,\"name\":\"Maschinentransporte\"}]},{\"@type\":\"WebSite\",\"@id\":\"https:\/\/europnet.eu\/de\/#website\",\"url\":\"https:\/\/europnet.eu\/de\/\",\"name\":\"Europnet\",\"description\":\"\",\"publisher\":{\"@id\":\"https:\/\/europnet.eu\/de\/#organization\"},\"potentialAction\":[{\"@type\":\"SearchAction\",\"target\":{\"@type\":\"EntryPoint\",\"urlTemplate\":\"https:\/\/europnet.eu\/de\/?s={search_term_string}\"},\"query-input\":{\"@type\":\"PropertyValueSpecification\",\"valueRequired\":true,\"valueName\":\"search_term_string\"}}],\"inLanguage\":\"de\"},{\"@type\":\"Organization\",\"@id\":\"https:\/\/europnet.eu\/de\/#organization\",\"name\":\"Europnet\",\"url\":\"https:\/\/europnet.eu\/de\/\",\"logo\":{\"@type\":\"ImageObject\",\"inLanguage\":\"de\",\"@id\":\"https:\/\/europnet.eu\/de\/#\/schema\/logo\/image\/\",\"url\":\"https:\/\/europnet.eu\/wp-content\/uploads\/2024\/01\/logo.webp\",\"contentUrl\":\"https:\/\/europnet.eu\/wp-content\/uploads\/2024\/01\/logo.webp\",\"width\":1600,\"height\":294,\"caption\":\"Europnet\"},\"image\":{\"@id\":\"https:\/\/europnet.eu\/de\/#\/schema\/logo\/image\/\"},\"sameAs\":[\"https:\/\/www.facebook.com\/europnet.imm\",\"https:\/\/www.instagram.com\/europnet.imm\/\"]}]}<\/script>\n<!-- \/ Yoast SEO Premium plugin. -->","yoast_head_json":{"title":"Maschinentransporte - Europnet","description":"Wir bieten einen professionellen Transport von Spritzgie\u00dfmaschinen, inklusive Planung, Logistik und sicherer Lieferung.","robots":{"index":"index","follow":"follow","max-snippet":"max-snippet:-1","max-image-preview":"max-image-preview:large","max-video-preview":"max-video-preview:-1"},"canonical":"https:\/\/europnet.eu\/de\/maschinentransporte\/","og_locale":"de_DE","og_type":"article","og_title":"Maschinentransporte","og_description":"Wir bieten einen professionellen Transport von Spritzgie\u00dfmaschinen, inklusive Planung, Logistik und sicherer Lieferung.","og_url":"https:\/\/europnet.eu\/de\/maschinentransporte\/","og_site_name":"Europnet","article_publisher":"https:\/\/www.facebook.com\/europnet.imm","article_modified_time":"2024-09-09T08:16:05+00:00","twitter_card":"summary_large_image","twitter_misc":{"Gesch\u00e4tzte Lesezeit":"1\u00a0Minute"},"schema":{"@context":"https:\/\/schema.org","@graph":[{"@type":"WebPage","@id":"https:\/\/europnet.eu\/de\/maschinentransporte\/","url":"https:\/\/europnet.eu\/de\/maschinentransporte\/","name":"Maschinentransporte - Europnet","isPartOf":{"@id":"https:\/\/europnet.eu\/de\/#website"},"datePublished":"2023-12-04T15:04:09+00:00","dateModified":"2024-09-09T08:16:05+00:00","description":"Wir bieten einen professionellen Transport von Spritzgie\u00dfmaschinen, inklusive Planung, Logistik und sicherer Lieferung.","breadcrumb":{"@id":"https:\/\/europnet.eu\/de\/maschinentransporte\/#breadcrumb"},"inLanguage":"de","potentialAction":[{"@type":"ReadAction","target":["https:\/\/europnet.eu\/de\/maschinentransporte\/"]}]},{"@type":"BreadcrumbList","@id":"https:\/\/europnet.eu\/de\/maschinentransporte\/#breadcrumb","itemListElement":[{"@type":"ListItem","position":1,"name":"Startseite","item":"https:\/\/europnet.eu\/de\/"},{"@type":"ListItem","position":2,"name":"Maschinentransporte"}]},{"@type":"WebSite","@id":"https:\/\/europnet.eu\/de\/#website","url":"https:\/\/europnet.eu\/de\/","name":"Europnet","description":"","publisher":{"@id":"https:\/\/europnet.eu\/de\/#organization"},"potentialAction":[{"@type":"SearchAction","target":{"@type":"EntryPoint","urlTemplate":"https:\/\/europnet.eu\/de\/?s={search_term_string}"},"query-input":{"@type":"PropertyValueSpecification","valueRequired":true,"valueName":"search_term_string"}}],"inLanguage":"de"},{"@type":"Organization","@id":"https:\/\/europnet.eu\/de\/#organization","name":"Europnet","url":"https:\/\/europnet.eu\/de\/","logo":{"@type":"ImageObject","inLanguage":"de","@id":"https:\/\/europnet.eu\/de\/#\/schema\/logo\/image\/","url":"https:\/\/europnet.eu\/wp-content\/uploads\/2024\/01\/logo.webp","contentUrl":"https:\/\/europnet.eu\/wp-content\/uploads\/2024\/01\/logo.webp","width":1600,"height":294,"caption":"Europnet"},"image":{"@id":"https:\/\/europnet.eu\/de\/#\/schema\/logo\/image\/"},"sameAs":["https:\/\/www.facebook.com\/europnet.imm","https:\/\/www.instagram.com\/europnet.imm\/"]}]}},"_links":{"self":[{"href":"https:\/\/europnet.eu\/de\/wp-json\/wp\/v2\/pages\/18","targetHints":{"allow":["GET"]}}],"collection":[{"href":"https:\/\/europnet.eu\/de\/wp-json\/wp\/v2\/pages"}],"about":[{"href":"https:\/\/europnet.eu\/de\/wp-json\/wp\/v2\/types\/page"}],"author":[{"embeddable":true,"href":"https:\/\/europnet.eu\/de\/wp-json\/wp\/v2\/users\/1"}],"replies":[{"embeddable":true,"href":"https:\/\/europnet.eu\/de\/wp-json\/wp\/v2\/comments?post=18"}],"version-history":[{"count":19,"href":"https:\/\/europnet.eu\/de\/wp-json\/wp\/v2\/pages\/18\/revisions"}],"predecessor-version":[{"id":127,"href":"https:\/\/europnet.eu\/de\/wp-json\/wp\/v2\/pages\/18\/revisions\/127"}],"wp:attachment":[{"href":"https:\/\/europnet.eu\/de\/wp-json\/wp\/v2\/media?parent=18"}],"curies":[{"name":"wp","href":"https:\/\/api.w.org\/{rel}","templated":true}]}}