{"id":16,"date":"2023-12-04T16:03:57","date_gmt":"2023-12-04T15:03:57","guid":{"rendered":"https:\/\/europnet.fd-websolutions.dev\/?page_id=16"},"modified":"2024-11-11T11:43:54","modified_gmt":"2024-11-11T10:43:54","slug":"ankauf","status":"publish","type":"page","link":"https:\/\/europnet.eu\/de\/ankauf\/","title":{"rendered":"Ankauf"},"content":{"rendered":"<div class=\"outer-wrapper \" style=\"background-color: rgba(238,238,238,1);\" id=\"\">\n\n\t<div class=\"wrapper container\" style=\"padding:    ;\">\n\n\t\t\n<div class=\"container p-0\">\n\n\t<div class=\"row\">\n\n\t\t<div class=\"col-lg-12\">\n\n\t\t\t<div class=\"textwrap\" style=\"column-count: 1\">\n\n\t\t\t\t<h1><span style=\"color: #4869af;\">Ankauf gebrauchter Spritzgie\u00dfmaschinen:<\/span><br \/>\n<span style=\"color: #4869af;\">Wir sind Ihr zuverl\u00e4ssiger Partner<\/span><\/h1>\n<p><strong>Ankauf gebrauchter Spritzgie\u00dfmaschinen<\/strong><\/p>\n<p>Sind Sie auf der Suche nach einem professionellen und vertrauensw\u00fcrdigen Partner, um Ihre gebrauchte Spritzgie\u00dfmaschine zu verkaufen? Dann sind Sie bei uns genau richtig! Wir haben jahrelange Erfahrung im Ankauf von gebrauchten Spritzgie\u00dfmaschinen und bieten Ihnen einen unkomplizierten, schnellen und fairen Service.<\/p>\n<p><strong>Faire Preise<\/strong><\/p>\n<p>Als Experten in diesem Bereich wissen wir genau, worauf es bei der Bewertung Ihrer Spritzgie\u00dfmaschine ankommt. Unser Ziel ist es, Ihnen den bestm\u00f6glichen Preis f\u00fcr Ihre Maschine zu bieten, um eine Win-Win-Situation f\u00fcr beide Seiten zu schaffen.<\/p>\n<p><strong>Unkomplizierter Prozess<\/strong><\/p>\n<p>Um Ihnen den Ankaufsprozess so angenehm und einfach wie m\u00f6glich zu gestalten, stehen Ihnen bei uns zwei erfahrene Ansprechpartner zur Seite. Sie sind jederzeit bereit, Ihnen bei Fragen zum Verkauf Ihrer gebrauchten Spritzgie\u00dfmaschine zu helfen und Sie durch den gesamten Prozess zu begleiten.<br \/>\nKontaktieren Sie uns noch heute!<\/p>\n\n\t\t\t<\/div>\n\n\t\t<\/div>\n\n\t<\/div>\n\n<\/div>\n\n\t<\/div>\n\n<\/div><div class=\"outer-wrapper \" style=\"background-color: rgba(0,0,0,0);\" id=\"\">\n\n\t<div class=\"wrapper container\" style=\"padding:    ;\">\n\n\t\t\n<div class=\"teammember horizontal team_small \">\n\n\t<div class=\"row \">\n\n\t\t\n\t\t\t\t<div class=\"teammember-single\">\n\n\t\t\t\t\t<div class=\"teammember-single-inner\">\n\n\t\t\t\t\t\t<div class=\"teammember-image\">\n\t\t\t\t\t\t\t<img decoding=\"async\" src=\"https:\/\/europnet.eu\/wp-content\/uploads\/2024\/11\/Arm_2811_Piotr.jpg\" alt=\"Piotr Kreyczi\">\n\t\t\t\t\t\t<\/div>\n\n\t\t\t\t\t\t<strong class=\"teammember-name\">Peter Kreyczi<\/strong>\n\n\t\t\t\t\t\t<span class=\"teammember-position\">CEO<\/span>\n\n\t\t\t\t\t\t<div class=\"teammember-description\">\n\t\t\t\t\t\t\tDeutsch, Polnisch\t\t\t\t\t\t<\/div>\n\n\t\t\t\t\t\t<div class=\"teammember-contact\">\n\n\t\t\t\t\t\t\t\n\t\t\t\t\t\t\t\t<span class=\"teammember-phone\"><i class=\"fas fa-phone-alt\"><\/i> <a href=\"tel:+49(0)175 673 0000\">+49(0)175 673 0000<\/a><\/span>\n\n\t\t\t\t\t\t\t\n\t\t\t\t\t\t\t\n\t\t\t\t\t\t\t\t<span class=\"teammember-mail\"><i class=\"fas fa-envelope\"><\/i> <a href=\"mailto:p.kreyczi@europnet.eu\">p.kreyczi@europnet.eu<\/a><\/span>\n\n\t\t\t\t\t\t\t\n\t\t\t\t\t\t<\/div>\n\n\t\t\t\t\t\t\t\t\t\t\t\t\n\n\t\t\t\t\t<\/div>\n\n\t\t\t\t<\/div>\n\n\t\t\t\n\t\t\t\t<div class=\"teammember-single\">\n\n\t\t\t\t\t<div class=\"teammember-single-inner\">\n\n\t\t\t\t\t\t<div class=\"teammember-image\">\n\t\t\t\t\t\t\t<img decoding=\"async\" src=\"https:\/\/europnet.eu\/wp-content\/uploads\/2024\/11\/Justin-Arm.jpg\" alt=\"Justin Kreyczi Sales Specialist\">\n\t\t\t\t\t\t<\/div>\n\n\t\t\t\t\t\t<strong class=\"teammember-name\">Justin Kreyczi<\/strong>\n\n\t\t\t\t\t\t<span class=\"teammember-position\">Sales Specialist<\/span>\n\n\t\t\t\t\t\t<div class=\"teammember-description\">\n\t\t\t\t\t\t\tDeutsch, Englisch, Polnisch\t\t\t\t\t\t<\/div>\n\n\t\t\t\t\t\t<div class=\"teammember-contact\">\n\n\t\t\t\t\t\t\t\n\t\t\t\t\t\t\t\t<span class=\"teammember-phone\"><i class=\"fas fa-phone-alt\"><\/i> <a href=\"tel:+49(0)157 9233 2505\">+49(0)157 9233 2505<\/a><\/span>\n\n\t\t\t\t\t\t\t\n\t\t\t\t\t\t\t\n\t\t\t\t\t\t\t\t<span class=\"teammember-mail\"><i class=\"fas fa-envelope\"><\/i> <a href=\"mailto:j.kreyczi@europnet.eu\">j.kreyczi@europnet.eu<\/a><\/span>\n\n\t\t\t\t\t\t\t\n\t\t\t\t\t\t<\/div>\n\n\t\t\t\t\t\t\t\t\t\t\t\t\n\n\t\t\t\t\t<\/div>\n\n\t\t\t\t<\/div>\n\n\t\t\t\n\t<\/div>\n\n<\/div>\n\n\t<\/div>\n\n<\/div><div class=\"outer-wrapper \" style=\"background-color: rgba(238,238,238,1);\" id=\"\">\n\n\t<div class=\"wrapper container\" style=\"padding:    ;\">\n\n\t\t\n<div class=\"row\">\n\n\t<div class=\"col-lg-12\">\n\n\t\t\n<div class=\"wpcf7 no-js\" id=\"wpcf7-f128-o1\" lang=\"de-DE\" dir=\"ltr\" data-wpcf7-id=\"128\">\n<div class=\"screen-reader-response\"><p role=\"status\" aria-live=\"polite\" aria-atomic=\"true\"><\/p> <ul><\/ul><\/div>\n<form action=\"\/de\/wp-json\/wp\/v2\/pages\/16#wpcf7-f128-o1\" method=\"post\" class=\"wpcf7-form init\" aria-label=\"Kontaktformular\" novalidate=\"novalidate\" data-status=\"init\">\n<fieldset class=\"hidden-fields-container\"><input type=\"hidden\" name=\"_wpcf7\" value=\"128\" \/><input type=\"hidden\" name=\"_wpcf7_version\" value=\"6.1.1\" \/><input type=\"hidden\" name=\"_wpcf7_locale\" value=\"de_DE\" \/><input type=\"hidden\" name=\"_wpcf7_unit_tag\" value=\"wpcf7-f128-o1\" \/><input type=\"hidden\" name=\"_wpcf7_container_post\" value=\"0\" \/><input type=\"hidden\" name=\"_wpcf7_posted_data_hash\" value=\"\" \/>\n<\/fieldset>\n<div class=\"wpcf7-turnstile cf-turnstile\" data-sitekey=\"0x4AAAAAAB2lUFOy4MwB3js7\" data-response-field-name=\"_wpcf7_turnstile_response\"><\/div>\n\n<div class=\"container\">\n\t<div class=\"row\">\n\t\t<div class=\"col-lg-12\">\n\t\t\t<h2 style=\"color: #4869af;\">In drei Schritten zur Anfrage zum Maschinenankauf\n\t\t\t<\/h2>\n\t\t<\/div>\n\t<\/div>\n\t<div class=\"row\">\n\t\t<div class=\"formfield col-lg-12\">\n\t\t\t<p><label>Name der Firma<\/label><br \/>\n<span class=\"wpcf7-form-control-wrap\" data-name=\"firma\"><input size=\"40\" maxlength=\"400\" class=\"wpcf7-form-control wpcf7-text\" aria-invalid=\"false\" value=\"\" type=\"text\" name=\"firma\" \/><\/span>\n\t\t\t<\/p>\n\t\t<\/div>\n\t\t<div class=\"formfield col-lg-12\">\n\t\t\t<p><label>Vor- und Nachname<\/label><br \/>\n<span class=\"wpcf7-form-control-wrap\" data-name=\"voller_name\"><input size=\"40\" maxlength=\"400\" class=\"wpcf7-form-control wpcf7-text\" aria-invalid=\"false\" value=\"\" type=\"text\" name=\"voller_name\" \/><\/span>\n\t\t\t<\/p>\n\t\t<\/div>\n\t\t<div class=\"formfield col-lg-12\">\n\t\t\t<p><label>E-Mail<\/label><br \/>\n<span class=\"wpcf7-form-control-wrap\" data-name=\"email\"><input size=\"40\" maxlength=\"400\" class=\"wpcf7-form-control wpcf7-email wpcf7-text wpcf7-validates-as-email\" aria-invalid=\"false\" value=\"\" type=\"email\" name=\"email\" \/><\/span>\n\t\t\t<\/p>\n\t\t<\/div>\n\t\t<div class=\"formfield col-lg-12\">\n\t\t\t<p><label>Telefon<\/label><br \/>\n<span class=\"wpcf7-form-control-wrap\" data-name=\"telefon\"><input size=\"40\" maxlength=\"400\" class=\"wpcf7-form-control wpcf7-tel wpcf7-text wpcf7-validates-as-tel\" aria-invalid=\"false\" value=\"\" type=\"tel\" name=\"telefon\" \/><\/span>\n\t\t\t<\/p>\n\t\t<\/div>\n\t\t<div class=\"formfield col-lg-12\">\n\t\t\t<p><label>Stadt &#038; Land<\/label><br \/>\n<span class=\"wpcf7-form-control-wrap\" data-name=\"ort\"><input size=\"40\" maxlength=\"400\" class=\"wpcf7-form-control wpcf7-text\" aria-invalid=\"false\" value=\"\" type=\"text\" name=\"ort\" \/><\/span>\n\t\t\t<\/p>\n\t\t<\/div>\n\t<\/div>\n\t<div class=\"row\">\n\t\t<div class=\"col\">\n\t\t<\/div>\n\t\t<div class=\"col multiform_button\">\n\t\t\t<p><input class=\"wpcf7-form-control wpcf7-submit has-spinner\" type=\"submit\" value=\"Weiter\" \/>\n\t\t\t<\/p>\n\t\t<\/div>\n\t<\/div>\n\t<div class=\"row\" style=\"padding-top: 30px;\">\n\t\t<div class=\"col-lg-12\">\n\t\t\t<p>Z\u00f6gern Sie nicht, uns zu kontaktieren! Sie k\u00f6nnen uns entweder direkt anrufen, eine E-Mail schicken oder unser Kontaktformular nutzen. Wir freuen uns darauf, Ihnen bei der erfolgreichen Vermarktung Ihrer gebrauchten Spritzgie\u00dfmaschine behilflich zu sein.\n\t\t\t<\/p>\n\t\t<\/div>\n\t<\/div>\n<\/div>\n\n<!-- CF7MSM -->\n<div style='display:none;'><input type=\"hidden\" name=\"_cf7msm_multistep_tag\" class=\"wpcf7-form-control wpcf7-multistep cf7msm-multistep\" value=\"{&quot;first_step&quot;:1,&quot;next_url&quot;:&quot;\/ankauf\/formular-step-2\/#form_step_2&quot;}\" \/><input type=\"hidden\" name=\"cf7msm-no-ss\" value=\"\" \/>\n<\/div>\n<!-- End CF7MSM -->\n<div class=\"wpcf7-response-output\" aria-hidden=\"true\"><\/div>\n<\/form>\n<\/div>\n\n\t<\/div>\n\n<\/div>\n\n\t<\/div>\n\n<\/div>","protected":false},"excerpt":{"rendered":"","protected":false},"author":1,"featured_media":0,"parent":0,"menu_order":0,"comment_status":"closed","ping_status":"closed","template":"","meta":{"_acf_changed":false,"footnotes":""},"class_list":["post-16","page","type-page","status-publish","hentry"],"acf":[],"yoast_head":"<!-- This site is optimized with the Yoast SEO Premium plugin v23.6 (Yoast SEO v23.6) - https:\/\/yoast.com\/wordpress\/plugins\/seo\/ -->\n<title>Ankauf - Europnet<\/title>\n<meta name=\"description\" content=\"EuropNet IMM ist der ideale Partner f\u00fcr Unternehmen, die Spritzgie\u00dfmaschinen verkaufen und umfassende Unterst\u00fctzung sowie Beratung suchen.\" \/>\n<meta name=\"robots\" content=\"index, follow, max-snippet:-1, max-image-preview:large, max-video-preview:-1\" \/>\n<link rel=\"canonical\" href=\"https:\/\/europnet.eu\/de\/ankauf\/\" \/>\n<meta property=\"og:locale\" content=\"de_DE\" \/>\n<meta property=\"og:type\" content=\"article\" \/>\n<meta property=\"og:title\" content=\"Ankauf\" \/>\n<meta property=\"og:description\" content=\"EuropNet IMM ist der ideale Partner f\u00fcr Unternehmen, die Spritzgie\u00dfmaschinen verkaufen und umfassende Unterst\u00fctzung sowie Beratung suchen.\" \/>\n<meta property=\"og:url\" content=\"https:\/\/europnet.eu\/de\/ankauf\/\" \/>\n<meta property=\"og:site_name\" content=\"Europnet\" \/>\n<meta property=\"article:publisher\" content=\"https:\/\/www.facebook.com\/europnet.imm\" \/>\n<meta property=\"article:modified_time\" content=\"2024-11-11T10:43:54+00:00\" \/>\n<meta name=\"twitter:card\" content=\"summary_large_image\" \/>\n<meta name=\"twitter:label1\" content=\"Gesch\u00e4tzte Lesezeit\" \/>\n\t<meta name=\"twitter:data1\" content=\"3\u00a0Minuten\" \/>\n<script type=\"application\/ld+json\" class=\"yoast-schema-graph\">{\"@context\":\"https:\/\/schema.org\",\"@graph\":[{\"@type\":\"WebPage\",\"@id\":\"https:\/\/europnet.eu\/de\/ankauf\/\",\"url\":\"https:\/\/europnet.eu\/de\/ankauf\/\",\"name\":\"Ankauf - Europnet\",\"isPartOf\":{\"@id\":\"https:\/\/europnet.eu\/de\/#website\"},\"datePublished\":\"2023-12-04T15:03:57+00:00\",\"dateModified\":\"2024-11-11T10:43:54+00:00\",\"description\":\"EuropNet IMM ist der ideale Partner f\u00fcr Unternehmen, die Spritzgie\u00dfmaschinen verkaufen und umfassende Unterst\u00fctzung sowie Beratung suchen.\",\"breadcrumb\":{\"@id\":\"https:\/\/europnet.eu\/de\/ankauf\/#breadcrumb\"},\"inLanguage\":\"de\",\"potentialAction\":[{\"@type\":\"ReadAction\",\"target\":[\"https:\/\/europnet.eu\/de\/ankauf\/\"]}]},{\"@type\":\"BreadcrumbList\",\"@id\":\"https:\/\/europnet.eu\/de\/ankauf\/#breadcrumb\",\"itemListElement\":[{\"@type\":\"ListItem\",\"position\":1,\"name\":\"Startseite\",\"item\":\"https:\/\/europnet.eu\/de\/\"},{\"@type\":\"ListItem\",\"position\":2,\"name\":\"Ankauf\"}]},{\"@type\":\"WebSite\",\"@id\":\"https:\/\/europnet.eu\/de\/#website\",\"url\":\"https:\/\/europnet.eu\/de\/\",\"name\":\"Europnet\",\"description\":\"\",\"publisher\":{\"@id\":\"https:\/\/europnet.eu\/de\/#organization\"},\"potentialAction\":[{\"@type\":\"SearchAction\",\"target\":{\"@type\":\"EntryPoint\",\"urlTemplate\":\"https:\/\/europnet.eu\/de\/?s={search_term_string}\"},\"query-input\":{\"@type\":\"PropertyValueSpecification\",\"valueRequired\":true,\"valueName\":\"search_term_string\"}}],\"inLanguage\":\"de\"},{\"@type\":\"Organization\",\"@id\":\"https:\/\/europnet.eu\/de\/#organization\",\"name\":\"Europnet\",\"url\":\"https:\/\/europnet.eu\/de\/\",\"logo\":{\"@type\":\"ImageObject\",\"inLanguage\":\"de\",\"@id\":\"https:\/\/europnet.eu\/de\/#\/schema\/logo\/image\/\",\"url\":\"https:\/\/europnet.eu\/wp-content\/uploads\/2024\/01\/logo.webp\",\"contentUrl\":\"https:\/\/europnet.eu\/wp-content\/uploads\/2024\/01\/logo.webp\",\"width\":1600,\"height\":294,\"caption\":\"Europnet\"},\"image\":{\"@id\":\"https:\/\/europnet.eu\/de\/#\/schema\/logo\/image\/\"},\"sameAs\":[\"https:\/\/www.facebook.com\/europnet.imm\",\"https:\/\/www.instagram.com\/europnet.imm\/\"]}]}<\/script>\n<!-- \/ Yoast SEO Premium plugin. -->","yoast_head_json":{"title":"Ankauf - Europnet","description":"EuropNet IMM ist der ideale Partner f\u00fcr Unternehmen, die Spritzgie\u00dfmaschinen verkaufen und umfassende Unterst\u00fctzung sowie Beratung suchen.","robots":{"index":"index","follow":"follow","max-snippet":"max-snippet:-1","max-image-preview":"max-image-preview:large","max-video-preview":"max-video-preview:-1"},"canonical":"https:\/\/europnet.eu\/de\/ankauf\/","og_locale":"de_DE","og_type":"article","og_title":"Ankauf","og_description":"EuropNet IMM ist der ideale Partner f\u00fcr Unternehmen, die Spritzgie\u00dfmaschinen verkaufen und umfassende Unterst\u00fctzung sowie Beratung suchen.","og_url":"https:\/\/europnet.eu\/de\/ankauf\/","og_site_name":"Europnet","article_publisher":"https:\/\/www.facebook.com\/europnet.imm","article_modified_time":"2024-11-11T10:43:54+00:00","twitter_card":"summary_large_image","twitter_misc":{"Gesch\u00e4tzte Lesezeit":"3\u00a0Minuten"},"schema":{"@context":"https:\/\/schema.org","@graph":[{"@type":"WebPage","@id":"https:\/\/europnet.eu\/de\/ankauf\/","url":"https:\/\/europnet.eu\/de\/ankauf\/","name":"Ankauf - Europnet","isPartOf":{"@id":"https:\/\/europnet.eu\/de\/#website"},"datePublished":"2023-12-04T15:03:57+00:00","dateModified":"2024-11-11T10:43:54+00:00","description":"EuropNet IMM ist der ideale Partner f\u00fcr Unternehmen, die Spritzgie\u00dfmaschinen verkaufen und umfassende Unterst\u00fctzung sowie Beratung suchen.","breadcrumb":{"@id":"https:\/\/europnet.eu\/de\/ankauf\/#breadcrumb"},"inLanguage":"de","potentialAction":[{"@type":"ReadAction","target":["https:\/\/europnet.eu\/de\/ankauf\/"]}]},{"@type":"BreadcrumbList","@id":"https:\/\/europnet.eu\/de\/ankauf\/#breadcrumb","itemListElement":[{"@type":"ListItem","position":1,"name":"Startseite","item":"https:\/\/europnet.eu\/de\/"},{"@type":"ListItem","position":2,"name":"Ankauf"}]},{"@type":"WebSite","@id":"https:\/\/europnet.eu\/de\/#website","url":"https:\/\/europnet.eu\/de\/","name":"Europnet","description":"","publisher":{"@id":"https:\/\/europnet.eu\/de\/#organization"},"potentialAction":[{"@type":"SearchAction","target":{"@type":"EntryPoint","urlTemplate":"https:\/\/europnet.eu\/de\/?s={search_term_string}"},"query-input":{"@type":"PropertyValueSpecification","valueRequired":true,"valueName":"search_term_string"}}],"inLanguage":"de"},{"@type":"Organization","@id":"https:\/\/europnet.eu\/de\/#organization","name":"Europnet","url":"https:\/\/europnet.eu\/de\/","logo":{"@type":"ImageObject","inLanguage":"de","@id":"https:\/\/europnet.eu\/de\/#\/schema\/logo\/image\/","url":"https:\/\/europnet.eu\/wp-content\/uploads\/2024\/01\/logo.webp","contentUrl":"https:\/\/europnet.eu\/wp-content\/uploads\/2024\/01\/logo.webp","width":1600,"height":294,"caption":"Europnet"},"image":{"@id":"https:\/\/europnet.eu\/de\/#\/schema\/logo\/image\/"},"sameAs":["https:\/\/www.facebook.com\/europnet.imm","https:\/\/www.instagram.com\/europnet.imm\/"]}]}},"_links":{"self":[{"href":"https:\/\/europnet.eu\/de\/wp-json\/wp\/v2\/pages\/16","targetHints":{"allow":["GET"]}}],"collection":[{"href":"https:\/\/europnet.eu\/de\/wp-json\/wp\/v2\/pages"}],"about":[{"href":"https:\/\/europnet.eu\/de\/wp-json\/wp\/v2\/types\/page"}],"author":[{"embeddable":true,"href":"https:\/\/europnet.eu\/de\/wp-json\/wp\/v2\/users\/1"}],"replies":[{"embeddable":true,"href":"https:\/\/europnet.eu\/de\/wp-json\/wp\/v2\/comments?post=16"}],"version-history":[{"count":10,"href":"https:\/\/europnet.eu\/de\/wp-json\/wp\/v2\/pages\/16\/revisions"}],"predecessor-version":[{"id":3530,"href":"https:\/\/europnet.eu\/de\/wp-json\/wp\/v2\/pages\/16\/revisions\/3530"}],"wp:attachment":[{"href":"https:\/\/europnet.eu\/de\/wp-json\/wp\/v2\/media?parent=16"}],"curies":[{"name":"wp","href":"https:\/\/api.w.org\/{rel}","templated":true}]}}